{"id":9257,"date":"2023-09-18T01:31:06","date_gmt":"2023-09-17T23:31:06","guid":{"rendered":"https:\/\/trockenholzlager.com\/?post_type=product&#038;p=9257"},"modified":"2026-01-27T03:49:54","modified_gmt":"2026-01-27T08:49:54","slug":"pellet-moulin-bois-energie-palette-mit-65-sacken-a-15-kg","status":"publish","type":"product","link":"https:\/\/trockenholzlager.com\/index.php\/produit\/pellet-moulin-bois-energie-palette-mit-65-sacken-a-15-kg\/","title":{"rendered":"Pellet Mill Wood Energy &#8211; Palette mit 65 S\u00e4cken \u00e0 15 kg"},"content":{"rendered":"<p>Holzpellets unterliegen strengen Normen mit regelm\u00e4\u00dfigen Qualit\u00e4tskontrollen.<br \/>\nEin Produkt von sehr guter Qualit\u00e4t, das einen 100% nat\u00fcrlichen, leistungsstarken und umweltfreundlichen Brennstoff garantiert.<br \/>\nDieses Pellet ist nach EN Plus A1 zertifiziert, einer europ\u00e4ischen Norm, die die Kontrolle der Produktion und Lagerung der Pellets gew\u00e4hrleistet.<br \/>\nEs ist ideal f\u00fcr die Verwendung in Pellet\u00f6fen, -kesseln und -eins\u00e4tzen, ohne zu verkleben.<br \/>\nMOULIN BOIS ENERGIE ist ein Unternehmen, das sich der Produktion von gr\u00fcner Energie verschrieben hat. Es durchl\u00e4uft zahlreiche Qualit\u00e4tskontrollen, um ein leistungsstarkes, nat\u00fcrliches und umweltfreundliches Pellet zu gew\u00e4hrleisten.<br \/>\nWenn Sie sich f\u00fcr diese Pellets entscheiden, entscheiden Sie sich f\u00fcr franz\u00f6sische Qualit\u00e4t zu einem sehr guten Preis.<br \/>\nTechnisches Datenblatt<br \/>\nBescheinigungen<br \/>\nEN Plus A1, PEFC<br \/>\nHeizwert<br \/>\nH\u00f6her als 5 kWh\/kg<br \/>\nFeuchtigkeitsgehalt<br \/>\n8. %<br \/>\nAschegehalt<br \/>\nWeniger als 0,5 %.<br \/>\nStaubgehalt<br \/>\nWeniger als 0,5 %.<br \/>\nVerpackung<br \/>\nPalette<\/p>\n","protected":false},"excerpt":{"rendered":"<p>Holzpellets unterliegen strengen Normen mit regelm\u00e4\u00dfigen Qualit\u00e4tskontrollen. Ein Produkt von sehr guter Qualit\u00e4t, das einen 100% nat\u00fcrlichen, leistungsstarken und umweltfreundlichen<\/p>\n","protected":false},"featured_media":9258,"template":"","meta":{"content-type":""},"product_brand":[],"product_cat":[78],"product_tag":[],"class_list":{"0":"post-9257","1":"product","2":"type-product","3":"status-publish","4":"has-post-thumbnail","6":"product_cat-wood-pellets","8":"first","9":"instock","10":"shipping-taxable","11":"purchasable","12":"product-type-simple"},"jetpack_sharing_enabled":true,"_links":{"self":[{"href":"https:\/\/trockenholzlager.com\/index.php\/wp-json\/wp\/v2\/product\/9257","targetHints":{"allow":["GET"]}}],"collection":[{"href":"https:\/\/trockenholzlager.com\/index.php\/wp-json\/wp\/v2\/product"}],"about":[{"href":"https:\/\/trockenholzlager.com\/index.php\/wp-json\/wp\/v2\/types\/product"}],"version-history":[{"count":0,"href":"https:\/\/trockenholzlager.com\/index.php\/wp-json\/wp\/v2\/product\/9257\/revisions"}],"wp:featuredmedia":[{"embeddable":true,"href":"https:\/\/trockenholzlager.com\/index.php\/wp-json\/wp\/v2\/media\/9258"}],"wp:attachment":[{"href":"https:\/\/trockenholzlager.com\/index.php\/wp-json\/wp\/v2\/media?parent=9257"}],"wp:term":[{"taxonomy":"product_brand","embeddable":true,"href":"https:\/\/trockenholzlager.com\/index.php\/wp-json\/wp\/v2\/product_brand?post=9257"},{"taxonomy":"product_cat","embeddable":true,"href":"https:\/\/trockenholzlager.com\/index.php\/wp-json\/wp\/v2\/product_cat?post=9257"},{"taxonomy":"product_tag","embeddable":true,"href":"https:\/\/trockenholzlager.com\/index.php\/wp-json\/wp\/v2\/product_tag?post=9257"}],"curies":[{"name":"wp","href":"https:\/\/api.w.org\/{rel}","templated":true}]}}