{"id":9254,"date":"2023-09-18T01:28:30","date_gmt":"2023-09-17T23:28:30","guid":{"rendered":"https:\/\/trockenholzlager.com\/?post_type=product&#038;p=9254"},"modified":"2026-01-27T03:49:54","modified_gmt":"2026-01-27T08:49:54","slug":"pellet-limouzi-palette-mit-66-sacken-a-15-kg","status":"publish","type":"product","link":"https:\/\/trockenholzlager.com\/index.php\/produit\/pellet-limouzi-palette-mit-66-sacken-a-15-kg\/","title":{"rendered":"Pellet Limouzi &#8211; Palette mit 66 S\u00e4cken zu je 15 kg"},"content":{"rendered":"<p>Diese Pellets sind dank eines frischen, konstanten Rohstoffs aus unserem eigenen S\u00e4gewerk von sehr guter Qualit\u00e4t. Sie haben einen niedrigen Feuchtigkeitsgehalt von &lt;8%. Die LIMOUZI-Pellets verstopfen Ihren Ofen, Kamineinsatz oder Kessel nicht. Dank eines Heizwerts zwischen 4,6 und 5 KWh\/kg profitieren Sie von einer langsamen und vollst\u00e4ndigen Verbrennung, die Ihren Verbrauch senkt. Die LIMOUZI-Pellets werden aus S\u00e4gesp\u00e4nen hergestellt, die aus nachhaltig bewirtschafteten W\u00e4ldern stammen und zu 100 % aus Harz bestehen, daher die PEFC-Zertifizierung. Es werden regelm\u00e4\u00dfig zahlreiche Qualit\u00e4tskontrollen durchgef\u00fchrt: Qualit\u00e4t der Rohstoffe, Trocknungsprozess, Presse, Siebmaschine und K\u00fchler. Die gesamte Herstellungskette. Sie sind DIN Plus-zertifiziert und 100% nat\u00fcrlich, ohne Zusatzstoffe. Viermal t\u00e4glich werden Tests vor Ort und im Labor durchgef\u00fchrt, mit R\u00fcckverfolgbarkeit der Produkte. S\u00e4cke im praktischen Format, recycelbar aus Polyethylen, widerstandsf\u00e4higer und leicht nachf\u00fcllbar.<br \/>\nMarke GDM Pellets<br \/>\nReferenz PELLET_PALETTE_LIMOUZI<br \/>\nTechnisches Merkblatt<br \/>\nBescheinigungen<br \/>\nDIN Plus, PEFC<br \/>\nHeizwert<br \/>\nZwischen 4,6 und 5 KWh\/KG<br \/>\nFeuchtigkeitsgehalt<br \/>\nUnter 8%<br \/>\nAschegehalt<br \/>\nWeniger als 0,5%<br \/>\nStaubgehalt<br \/>\nweniger als 0,4%<br \/>\nArt des Holzes<br \/>\nHarzhaltig<br \/>\nArt des Holzes<br \/>\n100% harzhaltig<br \/>\nDurchmesser<br \/>\n6mm<br \/>\nVerpackung<br \/>\nPalette<\/p>\n","protected":false},"excerpt":{"rendered":"<p>Diese Pellets sind dank eines frischen, konstanten Rohstoffs aus unserem eigenen S\u00e4gewerk von sehr guter Qualit\u00e4t. Sie haben einen niedrigen<\/p>\n","protected":false},"featured_media":9255,"template":"","meta":{"content-type":""},"product_brand":[],"product_cat":[78],"product_tag":[],"class_list":{"0":"post-9254","1":"product","2":"type-product","3":"status-publish","4":"has-post-thumbnail","6":"product_cat-wood-pellets","8":"first","9":"instock","10":"shipping-taxable","11":"purchasable","12":"product-type-simple"},"jetpack_sharing_enabled":true,"_links":{"self":[{"href":"https:\/\/trockenholzlager.com\/index.php\/wp-json\/wp\/v2\/product\/9254","targetHints":{"allow":["GET"]}}],"collection":[{"href":"https:\/\/trockenholzlager.com\/index.php\/wp-json\/wp\/v2\/product"}],"about":[{"href":"https:\/\/trockenholzlager.com\/index.php\/wp-json\/wp\/v2\/types\/product"}],"version-history":[{"count":0,"href":"https:\/\/trockenholzlager.com\/index.php\/wp-json\/wp\/v2\/product\/9254\/revisions"}],"wp:featuredmedia":[{"embeddable":true,"href":"https:\/\/trockenholzlager.com\/index.php\/wp-json\/wp\/v2\/media\/9255"}],"wp:attachment":[{"href":"https:\/\/trockenholzlager.com\/index.php\/wp-json\/wp\/v2\/media?parent=9254"}],"wp:term":[{"taxonomy":"product_brand","embeddable":true,"href":"https:\/\/trockenholzlager.com\/index.php\/wp-json\/wp\/v2\/product_brand?post=9254"},{"taxonomy":"product_cat","embeddable":true,"href":"https:\/\/trockenholzlager.com\/index.php\/wp-json\/wp\/v2\/product_cat?post=9254"},{"taxonomy":"product_tag","embeddable":true,"href":"https:\/\/trockenholzlager.com\/index.php\/wp-json\/wp\/v2\/product_tag?post=9254"}],"curies":[{"name":"wp","href":"https:\/\/api.w.org\/{rel}","templated":true}]}}