{"id":9251,"date":"2023-09-18T01:17:52","date_gmt":"2023-09-17T23:17:52","guid":{"rendered":"https:\/\/trockenholzlager.com\/?post_type=product&#038;p=9251"},"modified":"2026-01-27T03:49:35","modified_gmt":"2026-01-27T08:49:35","slug":"green-energy-pellet-palette-mit-65-sacken-a-15-kg","status":"publish","type":"product","link":"https:\/\/trockenholzlager.com\/index.php\/produit\/green-energy-pellet-palette-mit-65-sacken-a-15-kg\/","title":{"rendered":"Green Energy Pellet &#8211; Palette mit 65 S\u00e4cken zu je 15 kg"},"content":{"rendered":"<p>Holzpellets werden h\u00e4ufig zum kosteng\u00fcnstigen Heizen verwendet. Diese in den Benelux-L\u00e4ndern hergestellten Pellets sind von hoher Qualit\u00e4t, da sie die Doppelzertifizierung Din Plus und En Plus besitzen.<br \/>\nDie Qualit\u00e4tsmessungen liegen mit einem Aschegehalt von 0,7% und einem Staubgehalt von 0,5% innerhalb der Marktstandards.<br \/>\nTechnische daten<br \/>\nZusammensetzung<br \/>\nWeichholz und Hartholz<br \/>\nZertifizierungen<br \/>\nDIN Plus, EN Plus A1<br \/>\nBrennwert<br \/>\nh\u00f6her als 4,6 kWh\/kg<br \/>\nAschegehalt<br \/>\nWeniger als 0,7%.<br \/>\nStaubgehalt<br \/>\nWeniger als 0,5 %.<br \/>\nDurchmesser<br \/>\n6 mm<br \/>\nVerpackung<br \/>\nPalette<\/p>\n<p>&nbsp;<\/p>\n","protected":false},"excerpt":{"rendered":"<p>Holzpellets werden h\u00e4ufig zum kosteng\u00fcnstigen Heizen verwendet. Diese in den Benelux-L\u00e4ndern hergestellten Pellets sind von hoher Qualit\u00e4t, da sie die<\/p>\n","protected":false},"featured_media":9252,"template":"","meta":{"content-type":""},"product_brand":[],"product_cat":[78],"product_tag":[],"class_list":{"0":"post-9251","1":"product","2":"type-product","3":"status-publish","4":"has-post-thumbnail","6":"product_cat-wood-pellets","8":"first","9":"instock","10":"shipping-taxable","11":"purchasable","12":"product-type-simple"},"jetpack_sharing_enabled":true,"_links":{"self":[{"href":"https:\/\/trockenholzlager.com\/index.php\/wp-json\/wp\/v2\/product\/9251","targetHints":{"allow":["GET"]}}],"collection":[{"href":"https:\/\/trockenholzlager.com\/index.php\/wp-json\/wp\/v2\/product"}],"about":[{"href":"https:\/\/trockenholzlager.com\/index.php\/wp-json\/wp\/v2\/types\/product"}],"version-history":[{"count":0,"href":"https:\/\/trockenholzlager.com\/index.php\/wp-json\/wp\/v2\/product\/9251\/revisions"}],"wp:featuredmedia":[{"embeddable":true,"href":"https:\/\/trockenholzlager.com\/index.php\/wp-json\/wp\/v2\/media\/9252"}],"wp:attachment":[{"href":"https:\/\/trockenholzlager.com\/index.php\/wp-json\/wp\/v2\/media?parent=9251"}],"wp:term":[{"taxonomy":"product_brand","embeddable":true,"href":"https:\/\/trockenholzlager.com\/index.php\/wp-json\/wp\/v2\/product_brand?post=9251"},{"taxonomy":"product_cat","embeddable":true,"href":"https:\/\/trockenholzlager.com\/index.php\/wp-json\/wp\/v2\/product_cat?post=9251"},{"taxonomy":"product_tag","embeddable":true,"href":"https:\/\/trockenholzlager.com\/index.php\/wp-json\/wp\/v2\/product_tag?post=9251"}],"curies":[{"name":"wp","href":"https:\/\/api.w.org\/{rel}","templated":true}]}}