{"id":9248,"date":"2023-09-18T01:16:31","date_gmt":"2023-09-17T23:16:31","guid":{"rendered":"https:\/\/trockenholzlager.com\/?post_type=product&#038;p=9248"},"modified":"2026-01-27T03:49:54","modified_gmt":"2026-01-27T08:49:54","slug":"pellet-excellent-pellets-palette-mit-65-sacken-a-15-kg","status":"publish","type":"product","link":"https:\/\/trockenholzlager.com\/index.php\/produit\/pellet-excellent-pellets-palette-mit-65-sacken-a-15-kg\/","title":{"rendered":"Pellet Excellent Pellets &#8211; Palette mit 65 S\u00e4cken zu je 15 kg"},"content":{"rendered":"<p>Sie werden in einem sehr gro\u00dfen S\u00e4gewerk hergestellt, wo die S\u00e4gesp\u00e4ne direkt vor Ort zur Herstellung der Pellets verwendet werden. Durch die Verwendung von S\u00e4gemehl in einem kurzen Zyklus bleibt die gro\u00dfe Frische des S\u00e4gemehls erhalten.<br \/>\nDiese Rohstoffe werden dann bei niedrigen Temperaturen getrocknet (Bandtrockner). Diese Kontrolle der Rohstoffe erm\u00f6glicht einen niedrigen Aschegehalt und eine hohe Verformungstemperatur der Asche (verhindert die Bildung von Machete).<br \/>\nDie hohe H\u00e4rte des Granulats durch die hochverdichtete Pressung, der niedrige Feuchtigkeitsgehalt und die abschlie\u00dfende Absiebung vor der Bef\u00fcllung jedes Sackes f\u00fchren zu einem sehr geringen Staubgehalt ab Werk.<br \/>\nSie \u00fcbertreffen die strengsten Qualit\u00e4tsnormen DIN Plus oder EN Plus.<br \/>\nSie sind ideal f\u00fcr alle Heizungsanlagen, die mit Holzpellets betrieben werden.<br \/>\nTechnisches Datenblatt<br \/>\nBescheinigungen<br \/>\nDIN Plus, EN Plus A1<br \/>\nHeizwert<br \/>\nWeniger als 4,9 kWh\/kg<br \/>\nFeuchtigkeitsgehalt<br \/>\nweniger als 8%<br \/>\nAschegehalt<br \/>\nWeniger als 0,5%.<br \/>\nStaubgehalt<br \/>\nWeniger als 0,21%.<br \/>\nArt des Holzes<br \/>\nHarzhaltig<br \/>\nArt des Holzes<br \/>\n100% harzhaltig<br \/>\nVerpackung<br \/>\nPalette<\/p>\n","protected":false},"excerpt":{"rendered":"<p>Sie werden in einem sehr gro\u00dfen S\u00e4gewerk hergestellt, wo die S\u00e4gesp\u00e4ne direkt vor Ort zur Herstellung der Pellets verwendet werden.<\/p>\n","protected":false},"featured_media":9249,"template":"","meta":{"content-type":""},"product_brand":[],"product_cat":[78],"product_tag":[],"class_list":{"0":"post-9248","1":"product","2":"type-product","3":"status-publish","4":"has-post-thumbnail","6":"product_cat-wood-pellets","8":"first","9":"instock","10":"shipping-taxable","11":"purchasable","12":"product-type-simple"},"jetpack_sharing_enabled":true,"_links":{"self":[{"href":"https:\/\/trockenholzlager.com\/index.php\/wp-json\/wp\/v2\/product\/9248","targetHints":{"allow":["GET"]}}],"collection":[{"href":"https:\/\/trockenholzlager.com\/index.php\/wp-json\/wp\/v2\/product"}],"about":[{"href":"https:\/\/trockenholzlager.com\/index.php\/wp-json\/wp\/v2\/types\/product"}],"version-history":[{"count":0,"href":"https:\/\/trockenholzlager.com\/index.php\/wp-json\/wp\/v2\/product\/9248\/revisions"}],"wp:featuredmedia":[{"embeddable":true,"href":"https:\/\/trockenholzlager.com\/index.php\/wp-json\/wp\/v2\/media\/9249"}],"wp:attachment":[{"href":"https:\/\/trockenholzlager.com\/index.php\/wp-json\/wp\/v2\/media?parent=9248"}],"wp:term":[{"taxonomy":"product_brand","embeddable":true,"href":"https:\/\/trockenholzlager.com\/index.php\/wp-json\/wp\/v2\/product_brand?post=9248"},{"taxonomy":"product_cat","embeddable":true,"href":"https:\/\/trockenholzlager.com\/index.php\/wp-json\/wp\/v2\/product_cat?post=9248"},{"taxonomy":"product_tag","embeddable":true,"href":"https:\/\/trockenholzlager.com\/index.php\/wp-json\/wp\/v2\/product_tag?post=9248"}],"curies":[{"name":"wp","href":"https:\/\/api.w.org\/{rel}","templated":true}]}}