{"id":9233,"date":"2023-09-18T01:04:32","date_gmt":"2023-09-17T23:04:32","guid":{"rendered":"https:\/\/trockenholzlager.com\/?post_type=product&#038;p=9233"},"modified":"2026-01-27T03:50:17","modified_gmt":"2026-01-27T08:50:17","slug":"woodstock-holzpellets-premium-qualitat-palette-mit-78-sacken-a-15-kg","status":"publish","type":"product","link":"https:\/\/trockenholzlager.com\/index.php\/produit\/woodstock-holzpellets-premium-qualitat-palette-mit-78-sacken-a-15-kg\/","title":{"rendered":"WOODSTOCK Holzpellets Premium-Qualit\u00e4t Palette mit 78 S\u00e4cken \u00e0 15 kg"},"content":{"rendered":"<p>Diese Pellets werden in Frankreich hergestellt und enthalten keine chemischen Elemente oder Substanzen. Das Pellet hat eine L\u00e4nge von 20 mm und einen Durchmesser von 6 mm, das sind ziemlich korrekte Ma\u00dfe. Normalerweise ist ein Pellet zwischen 15 und 20 mm lang und hat einen maximalen Durchmesser von 8 mm. Die WOODSTOCK-Pellets in Premiumqualit\u00e4t werden auf einer Palette mit 78 S\u00e4cken geliefert. Rechnen Sie f\u00fcr die Masse eines Sacks mit 15 kg. Dieses Produkt ist f\u00fcr alle Holzheizger\u00e4te geeignet, die f\u00fcr Pellets ausgelegt sind (Kamineinsatz, Ofen oder Kessel).<br \/>\nDie Qualit\u00e4t der WOODSTOCK-Pellets wird durch die DIN Plus-Zertifizierung best\u00e4tigt. Dieser Indikator wurde in Deutschland gegr\u00fcndet und ist heute eine der europ\u00e4ischen Referenzen. Die DIN Plus-Zertifizierung zeigt an, dass die Pellets in \u00dcbereinstimmung mit den geltenden Normen f\u00fcr die Herstellung von Holzpellets produziert wurden.<\/p>\n","protected":false},"excerpt":{"rendered":"<p>Zusammensetzung 100% frisches Holz<br \/>\nPCI brutto (freigesetzte W\u00e4rmemenge pro kg Brennstoff) 4,8 kWh.kg-1 \u2264 PCI \u2264 5,3 kWh.kg<br \/>\nSch\u00fcttdichte \u2265 650 Kg\/m-3<br \/>\nAnteil an Feinanteilen &lt; 0,5<br \/>\nAschegehalt bei 550\u00b0C \u2264 0,5%.<br \/>\nLuftfeuchtigkeit \u2264 8%.<br \/>\nDauerhaftigkeit \u2265 97,5%.<br \/>\nL\u00e4nge 3,15 mm &lt; L\u00e4nge &lt; 40 mm<br \/>\nDurchmesser 6mm \u00b11<br \/>\nHochwertige Qualit\u00e4t<br \/>\nAnwendung: Alle Arten von Pelletger\u00e4ten.<br \/>\nCERIC-Laborkontrolle<\/p>\n","protected":false},"featured_media":9234,"template":"","meta":{"content-type":""},"product_brand":[],"product_cat":[78],"product_tag":[],"class_list":{"0":"post-9233","1":"product","2":"type-product","3":"status-publish","4":"has-post-thumbnail","6":"product_cat-wood-pellets","8":"first","9":"instock","10":"shipping-taxable","11":"purchasable","12":"product-type-simple"},"jetpack_sharing_enabled":true,"_links":{"self":[{"href":"https:\/\/trockenholzlager.com\/index.php\/wp-json\/wp\/v2\/product\/9233","targetHints":{"allow":["GET"]}}],"collection":[{"href":"https:\/\/trockenholzlager.com\/index.php\/wp-json\/wp\/v2\/product"}],"about":[{"href":"https:\/\/trockenholzlager.com\/index.php\/wp-json\/wp\/v2\/types\/product"}],"version-history":[{"count":0,"href":"https:\/\/trockenholzlager.com\/index.php\/wp-json\/wp\/v2\/product\/9233\/revisions"}],"wp:featuredmedia":[{"embeddable":true,"href":"https:\/\/trockenholzlager.com\/index.php\/wp-json\/wp\/v2\/media\/9234"}],"wp:attachment":[{"href":"https:\/\/trockenholzlager.com\/index.php\/wp-json\/wp\/v2\/media?parent=9233"}],"wp:term":[{"taxonomy":"product_brand","embeddable":true,"href":"https:\/\/trockenholzlager.com\/index.php\/wp-json\/wp\/v2\/product_brand?post=9233"},{"taxonomy":"product_cat","embeddable":true,"href":"https:\/\/trockenholzlager.com\/index.php\/wp-json\/wp\/v2\/product_cat?post=9233"},{"taxonomy":"product_tag","embeddable":true,"href":"https:\/\/trockenholzlager.com\/index.php\/wp-json\/wp\/v2\/product_tag?post=9233"}],"curies":[{"name":"wp","href":"https:\/\/api.w.org\/{rel}","templated":true}]}}