{"id":9229,"date":"2023-09-18T00:52:53","date_gmt":"2023-09-17T22:52:53","guid":{"rendered":"https:\/\/trockenholzlager.com\/?post_type=product&#038;p=9229"},"modified":"2026-01-27T03:49:54","modified_gmt":"2026-01-27T08:49:54","slug":"verdichtetes-holz-nadelholz-palette-a-960-kg","status":"publish","type":"product","link":"https:\/\/trockenholzlager.com\/index.php\/produit\/verdichtetes-holz-nadelholz-palette-a-960-kg\/","title":{"rendered":"Komprimiertes Holz &#8211; Weichholz &#8211; Palette \u00e0 960 kg"},"content":{"rendered":"<p>Komprimiertes Holz ist sehr praktisch in der Handhabung und leicht zu lagern. Sein Heizwert ist dreimal so hoch wie der eines herk\u00f6mmlichen Holzscheits.<br \/>\nEin Scheit Pressholz garantiert Ihnen eine Brenndauer von 1 bis 2 Stunden.<br \/>\nUnser gepresstes Holz ist zu 100 % nat\u00fcrlich und enth\u00e4lt weder Leim noch Zusatzstoffe.<br \/>\nBei der Lagerung sollten Sie es vor Feuchtigkeit sch\u00fctzen und am besten in der N\u00e4he Ihres Kamins aufbewahren, da die Scheite unter der Plastikfolie sauber und staubfrei sind.<br \/>\nPressholz kann in allen Arten von Heizsystemen verwendet werden: in geschlossenen Kaminen, offenen Kaminen oder Kamineins\u00e4tzen, als Erg\u00e4nzung zu herk\u00f6mmlichem Holz oder als Ersatz.<br \/>\nEs gibt Pressholz auf der Basis von Weichholz und Pressholz auf der Basis von Hartholz.<br \/>\nWeichholz entz\u00fcndet sich schnell und erzeugt sch\u00f6ne Flammen. Es brennt etwas schneller als Hartholz.<br \/>\nHartholz erzeugt etwas weniger Flammen, h\u00e4lt aber etwas l\u00e4nger.<br \/>\nUm Ihr Pressholz richtig auszuw\u00e4hlen, sollten Sie Folgendes beachten:<br \/>\nSein Heizwert liegt zwischen 4,5 kWh\/kg und 5,5 kWh\/kg,<br \/>\nEin Feuchtigkeitsgehalt von h\u00f6chstens 12 %,<br \/>\nEin Aschegehalt von weniger als 1,5 %.<br \/>\n\u00dcbersetzt mit www.DeepL.com\/Translator (kostenlose Version)<br \/>\nGewicht<br \/>\nca. 10 kg pro Charge<br \/>\nBrennwert<br \/>\nH\u00f6her als 5 kWh\/kg<br \/>\nArt des Holzes<br \/>\nWeichholz<br \/>\nL\u00e4nge<br \/>\nca. 30 cm<br \/>\nDurchmesser<br \/>\nca. 9 cm<br \/>\nVerpackung<br \/>\nPalette<br \/>\nHerkunft: Litauen<br \/>\nLitauen<br \/>\nMenge<br \/>\n96 Partien \u00e0 5 St\u00e4mme<\/p>\n","protected":false},"excerpt":{"rendered":"<p>Pallet with 96 sets of 5 compacted logs, mixture of softwood, without glue or additives, length approx. 30 cm and 9 cm diameter with high calorific value (&gt; 5 kWh\/kg), moisture content &lt; 10 %.<\/p>\n","protected":false},"featured_media":9230,"template":"","meta":{"content-type":""},"product_brand":[],"product_cat":[72],"product_tag":[],"class_list":{"0":"post-9229","1":"product","2":"type-product","3":"status-publish","4":"has-post-thumbnail","6":"product_cat-beech-pressed","8":"first","9":"instock","10":"shipping-taxable","11":"purchasable","12":"product-type-simple"},"jetpack_sharing_enabled":true,"_links":{"self":[{"href":"https:\/\/trockenholzlager.com\/index.php\/wp-json\/wp\/v2\/product\/9229","targetHints":{"allow":["GET"]}}],"collection":[{"href":"https:\/\/trockenholzlager.com\/index.php\/wp-json\/wp\/v2\/product"}],"about":[{"href":"https:\/\/trockenholzlager.com\/index.php\/wp-json\/wp\/v2\/types\/product"}],"version-history":[{"count":0,"href":"https:\/\/trockenholzlager.com\/index.php\/wp-json\/wp\/v2\/product\/9229\/revisions"}],"wp:featuredmedia":[{"embeddable":true,"href":"https:\/\/trockenholzlager.com\/index.php\/wp-json\/wp\/v2\/media\/9230"}],"wp:attachment":[{"href":"https:\/\/trockenholzlager.com\/index.php\/wp-json\/wp\/v2\/media?parent=9229"}],"wp:term":[{"taxonomy":"product_brand","embeddable":true,"href":"https:\/\/trockenholzlager.com\/index.php\/wp-json\/wp\/v2\/product_brand?post=9229"},{"taxonomy":"product_cat","embeddable":true,"href":"https:\/\/trockenholzlager.com\/index.php\/wp-json\/wp\/v2\/product_cat?post=9229"},{"taxonomy":"product_tag","embeddable":true,"href":"https:\/\/trockenholzlager.com\/index.php\/wp-json\/wp\/v2\/product_tag?post=9229"}],"curies":[{"name":"wp","href":"https:\/\/api.w.org\/{rel}","templated":true}]}}