{"id":9227,"date":"2023-09-18T00:37:10","date_gmt":"2023-09-17T22:37:10","guid":{"rendered":"https:\/\/trockenholzlager.com\/?post_type=product&#038;p=9227"},"modified":"2026-01-27T03:49:54","modified_gmt":"2026-01-27T08:49:54","slug":"verdichtetes-holz-laub-nadelholz-palette-a-960-kg","status":"publish","type":"product","link":"https:\/\/trockenholzlager.com\/index.php\/produit\/verdichtetes-holz-laub-nadelholz-palette-a-960-kg\/","title":{"rendered":"Komprimiertes Holz &#8211; Hartholz + Weichholz &#8211; Palette mit 960 kg"},"content":{"rendered":"<p>Ein sauberes, wirtschaftliches und umweltfreundliches Brennholz: Pressholz.<br \/>\nEin ultratrockenes Holz dank eines Feuchtigkeitsgehalts von weniger als 8%.<br \/>\nEin hoher Heizwert, 3 bis 4 Mal h\u00f6her als bei herk\u00f6mmlichem Holz.<br \/>\nEine Brenndauer von 1,5 bis 2 Stunden und ein geringer Aschegehalt von weniger als 1,5 %, der nicht zum Verstopfen f\u00fchrt.<br \/>\nNahezu plastikfrei: Die Scheite werden nur umreift, um zu viel Verpackung zu vermeiden.<br \/>\nDiese Holzscheite bieten Ihnen eine konstante W\u00e4rme und sorgen f\u00fcr einen stabilen und hochwertigen Komfort.<br \/>\nWir m\u00f6chten Sie daran erinnern, dass gepresstes Holz in geschlossenen R\u00e4umen gelagert werden muss, wo es vor Feuchtigkeit gesch\u00fctzt ist.<br \/>\nHeizwert<br \/>\n4,9 kWh\/kg<br \/>\nFeuchtigkeitsgehalt<br \/>\nweniger als 8%<br \/>\nAschegehalt<br \/>\nWeniger als 1,5%.<br \/>\nArt des Holzes<br \/>\nHartholz und WeichholzIm Laufe des Tages verdichtetes Holz, bestehend aus 70 % Buchen-, Eichen- und Eschenholzsp\u00e4nen und 30 % Weichholz, das von lokalen S\u00e4gewerken bezogen und in der Picardie aus PEFC-zertifizierten W\u00e4ldern hergestellt wird.<br \/>\n100% nat\u00fcrlich, ohne Leim oder Zusatzstoffe.<br \/>\nHelfen Sie mit, den Wald zu regenerieren: 1 gekaufte Palette = 10 neu gepflanzte B\u00e4ume!<br \/>\nVerkauft in 96 Packungen mit 6 Holzkl\u00f6tzen.<br \/>\nL\u00e4nge<br \/>\n26 bis 29 cm<br \/>\nVerpackung<br \/>\nPalette<\/p>\n","protected":false},"excerpt":{"rendered":"<p>Im Laufe des Tages verdichtetes Holz, bestehend aus 70 % Buchen-, Eichen- und Eschenholzsp\u00e4nen und 30 % Weichholz, das von lokalen S\u00e4gewerken bezogen und in der Picardie aus PEFC-zertifizierten W\u00e4ldern hergestellt wird.<br \/>\n100% nat\u00fcrlich, ohne Leim oder Zusatzstoffe.<br \/>\nHelfen Sie mit, den Wald zu regenerieren: 1 gekaufte Palette = 10 neu gepflanzte B\u00e4ume!<br \/>\nVerkauft in 96 Packungen mit 6 Holzkl\u00f6tzen.<\/p>\n","protected":false},"featured_media":9222,"template":"","meta":{"content-type":""},"product_brand":[],"product_cat":[72],"product_tag":[],"class_list":{"0":"post-9227","1":"product","2":"type-product","3":"status-publish","4":"has-post-thumbnail","6":"product_cat-beech-pressed","8":"first","9":"instock","10":"shipping-taxable","11":"purchasable","12":"product-type-simple"},"jetpack_sharing_enabled":true,"_links":{"self":[{"href":"https:\/\/trockenholzlager.com\/index.php\/wp-json\/wp\/v2\/product\/9227","targetHints":{"allow":["GET"]}}],"collection":[{"href":"https:\/\/trockenholzlager.com\/index.php\/wp-json\/wp\/v2\/product"}],"about":[{"href":"https:\/\/trockenholzlager.com\/index.php\/wp-json\/wp\/v2\/types\/product"}],"version-history":[{"count":0,"href":"https:\/\/trockenholzlager.com\/index.php\/wp-json\/wp\/v2\/product\/9227\/revisions"}],"wp:featuredmedia":[{"embeddable":true,"href":"https:\/\/trockenholzlager.com\/index.php\/wp-json\/wp\/v2\/media\/9222"}],"wp:attachment":[{"href":"https:\/\/trockenholzlager.com\/index.php\/wp-json\/wp\/v2\/media?parent=9227"}],"wp:term":[{"taxonomy":"product_brand","embeddable":true,"href":"https:\/\/trockenholzlager.com\/index.php\/wp-json\/wp\/v2\/product_brand?post=9227"},{"taxonomy":"product_cat","embeddable":true,"href":"https:\/\/trockenholzlager.com\/index.php\/wp-json\/wp\/v2\/product_cat?post=9227"},{"taxonomy":"product_tag","embeddable":true,"href":"https:\/\/trockenholzlager.com\/index.php\/wp-json\/wp\/v2\/product_tag?post=9227"}],"curies":[{"name":"wp","href":"https:\/\/api.w.org\/{rel}","templated":true}]}}