{"id":9224,"date":"2023-09-18T00:34:57","date_gmt":"2023-09-17T22:34:57","guid":{"rendered":"https:\/\/trockenholzlager.com\/?post_type=product&#038;p=9224"},"modified":"2026-01-27T03:49:54","modified_gmt":"2026-01-27T08:49:54","slug":"verdichtetes-holz-laubholz-palette-a-1-tonne","status":"publish","type":"product","link":"https:\/\/trockenholzlager.com\/index.php\/produit\/verdichtetes-holz-laubholz-palette-a-1-tonne\/","title":{"rendered":"Komprimiertes Holz &#8211; Hartholz &#8211; 1 Tonne Palette"},"content":{"rendered":"<p>Das MAXI BEECH Pressholz wird in Frankreich hergestellt, ist 100% nat\u00fcrlich und besteht zu 100% aus Hartholz.<br \/>\nEs ist ideal f\u00fcr die Verwendung in allen Holzheizungen: Kamine, \u00d6fen und Kamineins\u00e4tze.<br \/>\nEine Palette verdichtetes Holz entspricht 4 Ster ultratrockenem Holz.<br \/>\nIn Bezug auf die Verbrennung entspricht ein Scheit verdichtetes Holz 4 Scheiten herk\u00f6mmlichen Holzes.<br \/>\nEin Scheit brennt in +\/- 1 Stunde.<br \/>\nWenn Sie ein franz\u00f6sisches, wirtschaftliches und umweltfreundliches Produkt w\u00fcnschen, ist dieses Pressholz genau das Richtige f\u00fcr Sie!!!<br \/>\nHier ein paar Tipps zur Verwendung:<br \/>\nLegen Sie einige Papierkugeln und kleines Anz\u00fcndholz in Ihren Ofen,<br \/>\nMachen Sie das Feuer an und warten Sie, bis die Glut entsteht,<br \/>\nLegen Sie immer nur ein Holzscheit auf, um die Leistung zu optimieren und eine milde W\u00e4rme zu erhalten,<br \/>\nStellen Sie die Luft an Ihrem Ger\u00e4t ein, um die Intensit\u00e4t des Feuers zu bestimmen,<br \/>\nSie k\u00f6nnen herk\u00f6mmliche trockene Holzscheite einfach mit Ihrem verdichteten Holz mischen,<br \/>\nGenie\u00dfen Sie jetzt die W\u00e4rme, die es Ihnen bietet.<br \/>\nDenken Sie daran, dass verdichtetes Holz Feuchtigkeit hasst, sorgen Sie also f\u00fcr einen trockenen, temperierten Unterstand.<br \/>\nDa verdichtetes Holz sauber und staubfrei ist, k\u00f6nnen Sie ihm auch einen Platz neben Ihrem Kamin geben.<br \/>\nGewicht<br \/>\nca. 8,55 kg pro Partie.<br \/>\nHeizwert<br \/>\nH\u00f6her als 4,5 kWh\/kg.<br \/>\nArt des Holzes<br \/>\nLaubholz (Eiche, Hainbuche, Buche, Pappel)<br \/>\nL\u00e4nge<br \/>\nca. 30 cm<br \/>\nDurchmesser<br \/>\nca. 8 cm<br \/>\nVerpackung<br \/>\nPalette<br \/>\nHerkunft<br \/>\nFrankreich<br \/>\nMenge<br \/>\n117 Partien zu je 5 St\u00e4mmen<\/p>\n","protected":false},"excerpt":{"rendered":"<p>Gepresstes Holz, 100% Hartholz (Buche, Hainbuche, Eiche und Pappel).<br \/>\n100% nat\u00fcrlich, ohne Leim oder Zusatzstoffe und 100% franz\u00f6sisch.<br \/>\nVerkauft in Paletten mit 117 Packungen zu je 5 St\u00e4mmen.<\/p>\n","protected":false},"featured_media":9225,"template":"","meta":{"content-type":""},"product_brand":[],"product_cat":[72],"product_tag":[],"class_list":{"0":"post-9224","1":"product","2":"type-product","3":"status-publish","4":"has-post-thumbnail","6":"product_cat-beech-pressed","8":"first","9":"instock","10":"shipping-taxable","11":"purchasable","12":"product-type-simple"},"jetpack_sharing_enabled":true,"_links":{"self":[{"href":"https:\/\/trockenholzlager.com\/index.php\/wp-json\/wp\/v2\/product\/9224","targetHints":{"allow":["GET"]}}],"collection":[{"href":"https:\/\/trockenholzlager.com\/index.php\/wp-json\/wp\/v2\/product"}],"about":[{"href":"https:\/\/trockenholzlager.com\/index.php\/wp-json\/wp\/v2\/types\/product"}],"version-history":[{"count":0,"href":"https:\/\/trockenholzlager.com\/index.php\/wp-json\/wp\/v2\/product\/9224\/revisions"}],"wp:featuredmedia":[{"embeddable":true,"href":"https:\/\/trockenholzlager.com\/index.php\/wp-json\/wp\/v2\/media\/9225"}],"wp:attachment":[{"href":"https:\/\/trockenholzlager.com\/index.php\/wp-json\/wp\/v2\/media?parent=9224"}],"wp:term":[{"taxonomy":"product_brand","embeddable":true,"href":"https:\/\/trockenholzlager.com\/index.php\/wp-json\/wp\/v2\/product_brand?post=9224"},{"taxonomy":"product_cat","embeddable":true,"href":"https:\/\/trockenholzlager.com\/index.php\/wp-json\/wp\/v2\/product_cat?post=9224"},{"taxonomy":"product_tag","embeddable":true,"href":"https:\/\/trockenholzlager.com\/index.php\/wp-json\/wp\/v2\/product_tag?post=9224"}],"curies":[{"name":"wp","href":"https:\/\/api.w.org\/{rel}","templated":true}]}}