{"id":9215,"date":"2023-09-17T23:08:26","date_gmt":"2023-09-17T21:08:26","guid":{"rendered":"https:\/\/trockenholzlager.com\/?post_type=product&#038;p=9215"},"modified":"2026-01-27T03:48:51","modified_gmt":"2026-01-27T08:48:51","slug":"crepito-premium-scheitholz-30-cm","status":"publish","type":"product","link":"https:\/\/trockenholzlager.com\/index.php\/produit\/crepito-premium-scheitholz-30-cm\/","title":{"rendered":"Cr\u00e9pito\u00ae premium logs &#8211; 30 cm"},"content":{"rendered":"<p>Premium-St\u00e4mme haben einen hohen Heizwert und enthalten weniger als 20 % Feuchtigkeit. Sie werden in einer Entrindungstrommel gespalten und gereinigt und bieten ein schnelleres Anz\u00fcnden. Premium-Scheite geben schnell eine angenehme W\u00e4rme ab und haben einen sehr geringen Aschegehalt. Sie sind sauber und gleichm\u00e4\u00dfig, einfach zu verwenden und zu lagern.<\/p>\n","protected":false},"excerpt":{"rendered":"<p>Herkunft: 100% franz\u00f6sisches Holz<\/p>\n<p>Holzart: 100% Hartholz (Eiche, Hainbuche oder Buche).<\/p>\n<p>Qualit\u00e4t: Gruppe H1 G1<\/p>\n<p>L\u00e4nge: 30 cm<\/p>\n<p>Menge: 2m3 pro Palette.<\/p>\n<p>Verkaufseinheit: pro Palette<\/p>\n","protected":false},"featured_media":9216,"template":"","meta":{"content-type":""},"product_brand":[],"product_cat":[81],"product_tag":[],"class_list":{"0":"post-9215","1":"product","2":"type-product","3":"status-publish","4":"has-post-thumbnail","6":"product_cat-wooden-pallet","8":"first","9":"instock","10":"shipping-taxable","11":"purchasable","12":"product-type-simple"},"jetpack_sharing_enabled":true,"_links":{"self":[{"href":"https:\/\/trockenholzlager.com\/index.php\/wp-json\/wp\/v2\/product\/9215","targetHints":{"allow":["GET"]}}],"collection":[{"href":"https:\/\/trockenholzlager.com\/index.php\/wp-json\/wp\/v2\/product"}],"about":[{"href":"https:\/\/trockenholzlager.com\/index.php\/wp-json\/wp\/v2\/types\/product"}],"version-history":[{"count":0,"href":"https:\/\/trockenholzlager.com\/index.php\/wp-json\/wp\/v2\/product\/9215\/revisions"}],"wp:featuredmedia":[{"embeddable":true,"href":"https:\/\/trockenholzlager.com\/index.php\/wp-json\/wp\/v2\/media\/9216"}],"wp:attachment":[{"href":"https:\/\/trockenholzlager.com\/index.php\/wp-json\/wp\/v2\/media?parent=9215"}],"wp:term":[{"taxonomy":"product_brand","embeddable":true,"href":"https:\/\/trockenholzlager.com\/index.php\/wp-json\/wp\/v2\/product_brand?post=9215"},{"taxonomy":"product_cat","embeddable":true,"href":"https:\/\/trockenholzlager.com\/index.php\/wp-json\/wp\/v2\/product_cat?post=9215"},{"taxonomy":"product_tag","embeddable":true,"href":"https:\/\/trockenholzlager.com\/index.php\/wp-json\/wp\/v2\/product_tag?post=9215"}],"curies":[{"name":"wp","href":"https:\/\/api.w.org\/{rel}","templated":true}]}}