{"id":9213,"date":"2023-09-17T23:06:44","date_gmt":"2023-09-17T21:06:44","guid":{"rendered":"https:\/\/trockenholzlager.com\/?post_type=product&#038;p=9213"},"modified":"2026-01-27T03:48:51","modified_gmt":"2026-01-27T08:48:51","slug":"brennholz-50-cm-trocken-hartholzmischung-palette-1-m3-1-3-ster","status":"publish","type":"product","link":"https:\/\/trockenholzlager.com\/index.php\/produit\/brennholz-50-cm-trocken-hartholzmischung-palette-1-m3-1-3-ster\/","title":{"rendered":"Brennholz &#8211; 50 cm &#8211; Trocken &#8211; Laubholzmischung &#8211; Palette 1 m3 &#8211; 1.3 Ster"},"content":{"rendered":"<p>Gemisch aus Hartholz, nat\u00fcrlich getrocknet, im Freien gelagert, damit es gut bel\u00fcftet ist.<\/p>\n<p>Die Mischung der Holzarten sorgt sowohl f\u00fcr Flammen als auch f\u00fcr Glut.<\/p>\n<p>Die Scheite werden gespalten und in 50 cm lange St\u00fccke geschnitten und dann auf einer Palette gelagert, so dass Sie im Gegensatz zu losem Holz garantiert die bestellte Menge erhalten.<\/p>\n<p>Durch ihre geringe Gr\u00f6\u00dfe sind die 1-m3-Kisten praktisch f\u00fcr Menschen, die nicht zu viel Holz lagern wollen oder nicht intensiv mit Holz heizen.<\/p>\n<p>Dieses Brennholz wird in Belgien hergestellt.<\/p>\n<p>Es ist ideal f\u00fcr gro\u00dfe Feuerstellen in Kamin\u00f6fen und Kamineins\u00e4tzen.<\/p>\n<p>Feuchtigkeitsgehalt<br \/>\nzwischen 20 und 25 %.<br \/>\nArt des Holzes<br \/>\nEsche, Buche, Hainbuche, Eiche<br \/>\nVolumen in M3<br \/>\n1 m3<br \/>\nVolumen in St\u00e4mmen<br \/>\n1,3 St.<br \/>\nTechnik der Trocknung<br \/>\nNat\u00fcrlich im Freien<br \/>\nArt des Holzes<br \/>\nHartholz<br \/>\nL\u00e4nge<br \/>\n50 cm<br \/>\nVerpackung<br \/>\nHalbe Palette<\/p>\n","protected":false},"excerpt":{"rendered":"<p>Einwegpalette (ohne Kaution) von 1M3, d.h. +\/- 1,3 Ster Holz, gespalten in 50 cm lange St\u00e4mme, Mischung aus Hartholz.<\/p>\n","protected":false},"featured_media":9199,"template":"","meta":{"content-type":""},"product_brand":[],"product_cat":[81],"product_tag":[],"class_list":{"0":"post-9213","1":"product","2":"type-product","3":"status-publish","4":"has-post-thumbnail","6":"product_cat-wooden-pallet","8":"first","9":"instock","10":"shipping-taxable","11":"purchasable","12":"product-type-simple"},"jetpack_sharing_enabled":true,"_links":{"self":[{"href":"https:\/\/trockenholzlager.com\/index.php\/wp-json\/wp\/v2\/product\/9213","targetHints":{"allow":["GET"]}}],"collection":[{"href":"https:\/\/trockenholzlager.com\/index.php\/wp-json\/wp\/v2\/product"}],"about":[{"href":"https:\/\/trockenholzlager.com\/index.php\/wp-json\/wp\/v2\/types\/product"}],"version-history":[{"count":0,"href":"https:\/\/trockenholzlager.com\/index.php\/wp-json\/wp\/v2\/product\/9213\/revisions"}],"wp:featuredmedia":[{"embeddable":true,"href":"https:\/\/trockenholzlager.com\/index.php\/wp-json\/wp\/v2\/media\/9199"}],"wp:attachment":[{"href":"https:\/\/trockenholzlager.com\/index.php\/wp-json\/wp\/v2\/media?parent=9213"}],"wp:term":[{"taxonomy":"product_brand","embeddable":true,"href":"https:\/\/trockenholzlager.com\/index.php\/wp-json\/wp\/v2\/product_brand?post=9213"},{"taxonomy":"product_cat","embeddable":true,"href":"https:\/\/trockenholzlager.com\/index.php\/wp-json\/wp\/v2\/product_cat?post=9213"},{"taxonomy":"product_tag","embeddable":true,"href":"https:\/\/trockenholzlager.com\/index.php\/wp-json\/wp\/v2\/product_tag?post=9213"}],"curies":[{"name":"wp","href":"https:\/\/api.w.org\/{rel}","templated":true}]}}