{"id":9211,"date":"2023-09-17T23:04:21","date_gmt":"2023-09-17T21:04:21","guid":{"rendered":"https:\/\/trockenholzlager.com\/?post_type=product&#038;p=9211"},"modified":"2026-01-27T03:48:51","modified_gmt":"2026-01-27T08:48:51","slug":"brennholz-50-cm-hartholzmischung-palette-2-m3-3-ster","status":"publish","type":"product","link":"https:\/\/trockenholzlager.com\/index.php\/produit\/brennholz-50-cm-hartholzmischung-palette-2-m3-3-ster\/","title":{"rendered":"Brennholz &#8211; 50 cm &#8211; Laubholzmischung &#8211; Palette 2 m3 &#8211; 3 Stere"},"content":{"rendered":"<p>Diese ca. 2 Meter hohe Holzpalette ist leicht zu lagern (je nach Zug\u00e4nglichkeit) und garantiert, dass Sie die bestellte Anzahl an Scheiten erhalten.<\/p>\n<p>Diese Scheite sind auf 50 cm gespalten und eignen sich ideal f\u00fcr Kamine und Eins\u00e4tze.<\/p>\n<p>Denken Sie daran, dass Sie Ihr Holz nur dann richtig trocknen k\u00f6nnen, wenn Sie es an einem trockenen, gut bel\u00fcfteten und vor Feuchtigkeit gesch\u00fctzten Ort lagern.<\/p>\n<p>Ein Dach (vorne offen, oben und an den Seiten geschlossen) ist ideal, damit Luft zwischen das Holz gelangen kann und kein Regen eindringen kann.<\/p>\n<p>Feuchtigkeitsgehalt<br \/>\n20 \u00e0 25%<br \/>\nArt des Holzes<br \/>\nGemisch aus Eiche, Esche, Buche und Hainbuche<br \/>\nVolumen in M3<br \/>\n2 m3<br \/>\nVolumen in St\u00e4mmen<br \/>\n3 Stk.<br \/>\nAbmessungen der Palette<br \/>\nL120xB95xH200cm<br \/>\nTechnik der Trocknung<br \/>\nNat\u00fcrlich im Freien<br \/>\nArt des Holzes<br \/>\nHartholz<br \/>\nL\u00e4nge<br \/>\n50 cm<br \/>\nVerpackung<br \/>\nPalette<\/p>\n","protected":false},"excerpt":{"rendered":"<p>Einwegpalette (ohne Pfand) von 2M3, d.h. 3 Ster Holz, in 50 cm langen Spalth\u00f6lzern, Mischung aus Laubholz (Eiche, Esche, Buche und Hainbuche), naturgetrocknet.<\/p>\n","protected":false},"featured_media":9188,"template":"","meta":{"content-type":""},"product_brand":[],"product_cat":[81],"product_tag":[],"class_list":{"0":"post-9211","1":"product","2":"type-product","3":"status-publish","4":"has-post-thumbnail","6":"product_cat-wooden-pallet","8":"first","9":"instock","10":"shipping-taxable","11":"purchasable","12":"product-type-simple"},"jetpack_sharing_enabled":true,"_links":{"self":[{"href":"https:\/\/trockenholzlager.com\/index.php\/wp-json\/wp\/v2\/product\/9211","targetHints":{"allow":["GET"]}}],"collection":[{"href":"https:\/\/trockenholzlager.com\/index.php\/wp-json\/wp\/v2\/product"}],"about":[{"href":"https:\/\/trockenholzlager.com\/index.php\/wp-json\/wp\/v2\/types\/product"}],"version-history":[{"count":0,"href":"https:\/\/trockenholzlager.com\/index.php\/wp-json\/wp\/v2\/product\/9211\/revisions"}],"wp:featuredmedia":[{"embeddable":true,"href":"https:\/\/trockenholzlager.com\/index.php\/wp-json\/wp\/v2\/media\/9188"}],"wp:attachment":[{"href":"https:\/\/trockenholzlager.com\/index.php\/wp-json\/wp\/v2\/media?parent=9211"}],"wp:term":[{"taxonomy":"product_brand","embeddable":true,"href":"https:\/\/trockenholzlager.com\/index.php\/wp-json\/wp\/v2\/product_brand?post=9211"},{"taxonomy":"product_cat","embeddable":true,"href":"https:\/\/trockenholzlager.com\/index.php\/wp-json\/wp\/v2\/product_cat?post=9211"},{"taxonomy":"product_tag","embeddable":true,"href":"https:\/\/trockenholzlager.com\/index.php\/wp-json\/wp\/v2\/product_tag?post=9211"}],"curies":[{"name":"wp","href":"https:\/\/api.w.org\/{rel}","templated":true}]}}