{"id":9205,"date":"2023-09-17T22:49:48","date_gmt":"2023-09-17T20:49:48","guid":{"rendered":"https:\/\/trockenholzlager.com\/?post_type=product&#038;p=9205"},"modified":"2026-01-27T03:48:51","modified_gmt":"2026-01-27T08:48:51","slug":"brennholz-40-cm-hohe-leistung-2-m3-1-85-ster","status":"publish","type":"product","link":"https:\/\/trockenholzlager.com\/index.php\/produit\/brennholz-40-cm-hohe-leistung-2-m3-1-85-ster\/","title":{"rendered":"Brennholz &#8211; 40 cm &#8211; hohe Kapazit\u00e4t &#8211; 2 m3 &#8211; 1,85 stere"},"content":{"rendered":"<p>Wenn Sie sauberes, entrindetes Holz suchen, das praktisch zu handhaben ist, dann ist dies das richtige Holz f\u00fcr Sie.<\/p>\n<p>Hartes, ultratrockenes, gut gespaltenes, kleines und sauberes Holz (Gruppe H1 G1 und in der Entrindungstrommel geb\u00fcrstet).<\/p>\n<p>Ein Hochleistungsholz f\u00fcr weniger Partikelemissionen.<\/p>\n<p>Einfache Handhabung, da die St\u00e4mme lose auf Paletten gelagert werden.<\/p>\n<p>Einfaches, schnelles Anz\u00fcnden und konstante W\u00e4rme w\u00e4hrend des gesamten Feuers.<\/p>\n<p>Kleine Tipps f\u00fcr die richtige Verwendung dieses Holzes:<\/p>\n<p>Legen Sie ein oder zwei Scheite in die Mitte Ihres Kamins.<\/p>\n<p>F\u00fcgen Sie etwas Anz\u00fcndholz und ein Feuerzeug hinzu.<\/p>\n<p>Z\u00fcnden Sie das Feuer mit einem Streichholz am Kaminanz\u00fcnder an.<\/p>\n<p>Jetzt m\u00fcssen Sie nur noch ein sch\u00f6nes Feuer genie\u00dfen.<\/p>\n<p>Zusammensetzung<br \/>\n100 % Hartholz: Eiche &#8211; Hainbuche &#8211; Buche &#8211; Esche.<br \/>\nBescheinigungen<br \/>\nNF<br \/>\nBrennwert<br \/>\nH\u00f6her als 3,9 kWh\/kg<br \/>\nFeuchtigkeitsgehalt<br \/>\nWeniger als 20%<br \/>\nAschegehalt<br \/>\nWeniger als 1,5%.<br \/>\nHolzarten<br \/>\nEiche &#8211; Hainbuche &#8211; Buche &#8211; Esche<br \/>\nVolumen in M3<br \/>\n2 m3<br \/>\nVolumen in St\u00e4mmen<br \/>\n1,85 St.<br \/>\nAbmessungen der Palette<br \/>\n100x120x185cm<br \/>\nTechnologie der Trocknung<br \/>\nIm Trockenschrank<br \/>\nArt von Holz<br \/>\nHartholz<br \/>\nL\u00e4nge<br \/>\n40 cm<br \/>\nDurchmesser<br \/>\nvon 5 cm bis 15 cm<br \/>\nVerpackung<br \/>\nPalette<br \/>\nHerkunft<\/p>\n","protected":false},"excerpt":{"rendered":"<p>Palettenb\u00fcndel, lose St\u00e4mme von 2000 dm3 oder 1,85 ster, in 40 cm.<\/p>\n<p>Gemischtes Laubholz (Esche, Buche, Eiche und Hainbuche), kammergetrocknet, 20% Feuchtigkeit.<\/p>\n<p>Sauberes, gut gespaltenes und teilweise entrindetes Holz, NF-zertifiziert, 100% franz\u00f6sisch.<\/p>\n","protected":false},"featured_media":9191,"template":"","meta":{"content-type":""},"product_brand":[],"product_cat":[81],"product_tag":[],"class_list":{"0":"post-9205","1":"product","2":"type-product","3":"status-publish","4":"has-post-thumbnail","6":"product_cat-wooden-pallet","8":"first","9":"instock","10":"shipping-taxable","11":"purchasable","12":"product-type-simple"},"jetpack_sharing_enabled":true,"_links":{"self":[{"href":"https:\/\/trockenholzlager.com\/index.php\/wp-json\/wp\/v2\/product\/9205","targetHints":{"allow":["GET"]}}],"collection":[{"href":"https:\/\/trockenholzlager.com\/index.php\/wp-json\/wp\/v2\/product"}],"about":[{"href":"https:\/\/trockenholzlager.com\/index.php\/wp-json\/wp\/v2\/types\/product"}],"version-history":[{"count":0,"href":"https:\/\/trockenholzlager.com\/index.php\/wp-json\/wp\/v2\/product\/9205\/revisions"}],"wp:featuredmedia":[{"embeddable":true,"href":"https:\/\/trockenholzlager.com\/index.php\/wp-json\/wp\/v2\/media\/9191"}],"wp:attachment":[{"href":"https:\/\/trockenholzlager.com\/index.php\/wp-json\/wp\/v2\/media?parent=9205"}],"wp:term":[{"taxonomy":"product_brand","embeddable":true,"href":"https:\/\/trockenholzlager.com\/index.php\/wp-json\/wp\/v2\/product_brand?post=9205"},{"taxonomy":"product_cat","embeddable":true,"href":"https:\/\/trockenholzlager.com\/index.php\/wp-json\/wp\/v2\/product_cat?post=9205"},{"taxonomy":"product_tag","embeddable":true,"href":"https:\/\/trockenholzlager.com\/index.php\/wp-json\/wp\/v2\/product_tag?post=9205"}],"curies":[{"name":"wp","href":"https:\/\/api.w.org\/{rel}","templated":true}]}}