{"id":9198,"date":"2023-09-17T22:40:49","date_gmt":"2023-09-17T20:40:49","guid":{"rendered":"https:\/\/trockenholzlager.com\/?post_type=product&#038;p=9198"},"modified":"2026-01-27T03:48:51","modified_gmt":"2026-01-27T08:48:51","slug":"brennholz-30-cm-trocken-hartholzmischung-palette-1-m3-1-5-ster","status":"publish","type":"product","link":"https:\/\/trockenholzlager.com\/index.php\/produit\/brennholz-30-cm-trocken-hartholzmischung-palette-1-m3-1-5-ster\/","title":{"rendered":"Brennholz &#8211; 30 cm &#8211; Trocken &#8211; Laubholzmischung &#8211; Palette 1 m3 &#8211; 1.5 Ster"},"content":{"rendered":"<p>Gemisch aus Hartholz, nat\u00fcrlich getrocknet, im Freien gelagert, um es zu bel\u00fcften.<\/p>\n<p>Dank der Holzmischung k\u00f6nnen Sie sowohl Flammen als auch Glut erzeugen. Diese Scheite eignen sich hervorragend zum Heizen und haben einen hohen Heizwert.<\/p>\n<p>Die Scheite werden auf 30 cm geschnitten und dann auf einer Palette gelagert, die sauberer ist und die Anzahl der bestellten Scheite garantiert.<\/p>\n<p>Praktisch mit seiner geringen Gr\u00f6\u00dfe f\u00fcr Menschen mit wenig Lagerplatz oder f\u00fcr ein gelegentliches Feuer.<\/p>\n<p>Dieses Holz wird in Frankreich hergestellt und ist 100% nat\u00fcrlich.<\/p>\n<p>Es eignet sich perfekt f\u00fcr \u00d6fen und Holzeins\u00e4tze mit einer Scheitl\u00e4nge von bis zu 30 cm.<\/p>\n<p>Feuchtigkeitsgehalt<br \/>\n20 und 25%<br \/>\nArt des Holzes<br \/>\nHainbuche, Eiche, Buche und Esche<br \/>\nVolumen in M3<br \/>\n1 m3<br \/>\nVolumen in St\u00e4mmen<br \/>\n1,5 St\u00e4mme<br \/>\nTechnik der Trocknung<br \/>\nNat\u00fcrlich im Freien<br \/>\nArt des Holzes<br \/>\nLaubholz<br \/>\nL\u00e4nge<br \/>\n30 cm<br \/>\nVerpackung<br \/>\nHalbe Palette<\/p>\n","protected":false},"excerpt":{"rendered":"<p>Brennholz &#8211; 30 cm &#8211; trocken &#8211; Laubholzmischung &#8211; Palette 1 m3 &#8211; 1.5 Ster<br \/>\nBrennholz &#8211; 30 cm &#8211; trocken &#8211; Laubholzmischung &#8211; Palette 1 m3 &#8211; 1,5 St.<br \/>\n114,00\u20ac 79,80\u20ac<\/p>\n<p>Einwegpalette (ohne Pfand) von 1M3, d.h. +\/- 1,5 Ster Holz, in 30 cm Spaltholz, Laubholzmischung.<\/p>\n","protected":false},"featured_media":9199,"template":"","meta":{"content-type":""},"product_brand":[],"product_cat":[81],"product_tag":[],"class_list":{"0":"post-9198","1":"product","2":"type-product","3":"status-publish","4":"has-post-thumbnail","6":"product_cat-wooden-pallet","8":"first","9":"instock","10":"shipping-taxable","11":"purchasable","12":"product-type-simple"},"jetpack_sharing_enabled":true,"_links":{"self":[{"href":"https:\/\/trockenholzlager.com\/index.php\/wp-json\/wp\/v2\/product\/9198","targetHints":{"allow":["GET"]}}],"collection":[{"href":"https:\/\/trockenholzlager.com\/index.php\/wp-json\/wp\/v2\/product"}],"about":[{"href":"https:\/\/trockenholzlager.com\/index.php\/wp-json\/wp\/v2\/types\/product"}],"version-history":[{"count":0,"href":"https:\/\/trockenholzlager.com\/index.php\/wp-json\/wp\/v2\/product\/9198\/revisions"}],"wp:featuredmedia":[{"embeddable":true,"href":"https:\/\/trockenholzlager.com\/index.php\/wp-json\/wp\/v2\/media\/9199"}],"wp:attachment":[{"href":"https:\/\/trockenholzlager.com\/index.php\/wp-json\/wp\/v2\/media?parent=9198"}],"wp:term":[{"taxonomy":"product_brand","embeddable":true,"href":"https:\/\/trockenholzlager.com\/index.php\/wp-json\/wp\/v2\/product_brand?post=9198"},{"taxonomy":"product_cat","embeddable":true,"href":"https:\/\/trockenholzlager.com\/index.php\/wp-json\/wp\/v2\/product_cat?post=9198"},{"taxonomy":"product_tag","embeddable":true,"href":"https:\/\/trockenholzlager.com\/index.php\/wp-json\/wp\/v2\/product_tag?post=9198"}],"curies":[{"name":"wp","href":"https:\/\/api.w.org\/{rel}","templated":true}]}}