{"id":9195,"date":"2023-09-17T22:37:05","date_gmt":"2023-09-17T20:37:05","guid":{"rendered":"https:\/\/trockenholzlager.com\/?post_type=product&#038;p=9195"},"modified":"2026-01-27T03:48:51","modified_gmt":"2026-01-27T08:48:51","slug":"brennholz-30-cm-hartholzmischung-palette-2-m3-3-ster-2","status":"publish","type":"product","link":"https:\/\/trockenholzlager.com\/index.php\/produit\/brennholz-30-cm-hartholzmischung-palette-2-m3-3-ster-2\/","title":{"rendered":"Brennholz &#8211; 30 cm &#8211; Laubholzmischung &#8211; Palette 2 m3 &#8211; 3 Stere"},"content":{"rendered":"<p>Mischung aus Laubh\u00f6lzern, nat\u00fcrlich getrocknet, im Freien gelagert, um die Bel\u00fcftung zu gew\u00e4hrleisten.<\/p>\n<p>Das Sortiment enth\u00e4lt verschiedene Arten von Hartholz: Esche, Buche, Eiche und Hainbuche. Es ist daher ideal f\u00fcr ein ausgewogenes Verh\u00e4ltnis zwischen Glut und hellen Flammen.<\/p>\n<p>Es gibt Holzscheite, die leichter anzuz\u00fcnden sind, und solche, die das Feuer l\u00e4nger am Brennen halten sollen.<\/p>\n<p>Das Holz l\u00e4sst sich gut in 30 cm lange Scheite spalten, das ideale Format f\u00fcr einen kleinen Ofen oder einen kleinen Holzeinsatz.<\/p>\n<p>Welche Holzsorten eignen sich am besten zum Heizen?<\/p>\n<p>Es gibt verschiedene Holzsorten, die sich f\u00fcr einen Kaminofen eignen: Buche, Eiche, Hainbuche und Esche.<\/p>\n<p>Diese Harth\u00f6lzer sind ideal zum Heizen, da sie einen hohen Heizwert haben und die Scheite eine gute Glut und sch\u00f6ne Flammen ergeben.<\/p>\n<p>Manche Menschen verwenden Holz von leichteren Arten, wie z. B. Erle. Sie verbrauchen ihr Holz jedoch viel schneller, da diese H\u00f6lzer schneller verbrennen und weniger W\u00e4rme abgeben.<\/p>\n<p>Feuchtigkeitsgehalt<br \/>\n25 \u00e0 30%<br \/>\nHolzarten<br \/>\nEsche, Buche, Hainbuche, Eiche<br \/>\nVolumen in M3<br \/>\n2 m3<br \/>\nVolumen in St\u00e4mmen<br \/>\n3 Stk.<br \/>\nAbmessungen der Palette<br \/>\nL120xB95xH200cm<br \/>\nTechnik der Trocknung<br \/>\nNat\u00fcrlich im Freien<br \/>\nArt des Holzes<br \/>\nHartholz<br \/>\nL\u00e4nge<br \/>\n30 cm<br \/>\nVerpackung<br \/>\nPalette<\/p>\n","protected":false},"excerpt":{"rendered":"<p>Einwegpalette (ohne Kaution) von 2M3, d.h. +\/- 3 Ster Holz, in gespaltenen St\u00e4mmen von 30-33 cm, Mischung aus Laubholz (Esche, Buche, Hainbuche, Eiche), nat\u00fcrlich getrocknet.<\/p>\n","protected":false},"featured_media":9196,"template":"","meta":{"content-type":""},"product_brand":[],"product_cat":[81],"product_tag":[],"class_list":{"0":"post-9195","1":"product","2":"type-product","3":"status-publish","4":"has-post-thumbnail","6":"product_cat-wooden-pallet","8":"first","9":"instock","10":"shipping-taxable","11":"purchasable","12":"product-type-simple"},"jetpack_sharing_enabled":true,"_links":{"self":[{"href":"https:\/\/trockenholzlager.com\/index.php\/wp-json\/wp\/v2\/product\/9195","targetHints":{"allow":["GET"]}}],"collection":[{"href":"https:\/\/trockenholzlager.com\/index.php\/wp-json\/wp\/v2\/product"}],"about":[{"href":"https:\/\/trockenholzlager.com\/index.php\/wp-json\/wp\/v2\/types\/product"}],"version-history":[{"count":0,"href":"https:\/\/trockenholzlager.com\/index.php\/wp-json\/wp\/v2\/product\/9195\/revisions"}],"wp:featuredmedia":[{"embeddable":true,"href":"https:\/\/trockenholzlager.com\/index.php\/wp-json\/wp\/v2\/media\/9196"}],"wp:attachment":[{"href":"https:\/\/trockenholzlager.com\/index.php\/wp-json\/wp\/v2\/media?parent=9195"}],"wp:term":[{"taxonomy":"product_brand","embeddable":true,"href":"https:\/\/trockenholzlager.com\/index.php\/wp-json\/wp\/v2\/product_brand?post=9195"},{"taxonomy":"product_cat","embeddable":true,"href":"https:\/\/trockenholzlager.com\/index.php\/wp-json\/wp\/v2\/product_cat?post=9195"},{"taxonomy":"product_tag","embeddable":true,"href":"https:\/\/trockenholzlager.com\/index.php\/wp-json\/wp\/v2\/product_tag?post=9195"}],"curies":[{"name":"wp","href":"https:\/\/api.w.org\/{rel}","templated":true}]}}