{"id":8925,"date":"2023-09-09T21:55:46","date_gmt":"2023-09-09T19:55:46","guid":{"rendered":"https:\/\/trockenholzlager.com\/?post_type=product&#038;p=8925"},"modified":"2026-01-27T03:50:17","modified_gmt":"2026-01-27T08:50:17","slug":"pelletofen-extraflame-wendy-weis-10-kw","status":"publish","type":"product","link":"https:\/\/trockenholzlager.com\/index.php\/produit\/pelletofen-extraflame-wendy-weis-10-kw\/","title":{"rendered":"Pelletofen EXTRAFLAME Wendy wei\u00df 10 kW"},"content":{"rendered":"<p>Wasserdichter Kaminofen mit automatischer Ascheentfernung<\/p>\n<p>Wendy ist ein wasserdichter Kaminofen, d.h. er kann auch ohne Schornstein installiert werden (Installation mit Saugnapf). Er verf\u00fcgt \u00fcber mehrere \u201eintelligente\u201c Innovationen, die k\u00fcrzlich von La Nordica-Extraflame entwickelt wurden: ein automatisches Glutreinigungssystem, eine Keramikkerze der neuesten Generation, die ein sichereres und schnelleres Anz\u00fcnden gew\u00e4hrleistet, eine \u201eSilence\u201c-Funktion (die M\u00f6glichkeit, die L\u00fcftung und damit die damit verbundenen Ger\u00e4usche abzuschalten), die ihn zu einem der komfortabelsten bel\u00fcfteten Pellet\u00f6fen auf dem Markt macht, und schlie\u00dflich eine Multifunktionsfernbedienung &#8211; die auch als Thermostat fungiert &#8211; zur Steuerung des Ofens. Optional kann ein Wi-Fi-Modul installiert werden, mit dem Sie den Ofen von Ihrem Smartphone aus steuern k\u00f6nnen, egal wo Sie sich befinden.<\/p>\n<p>Energieklasse (A++ bis G) A+<\/p>\n","protected":false},"excerpt":{"rendered":"<p>Wasserdichter Kaminofen mit automatischer Ascheentfernung Wendy ist ein wasserdichter Kaminofen, d.h. er kann auch ohne Schornstein installiert werden (Installation mit<\/p>\n","protected":false},"featured_media":8926,"template":"","meta":{"content-type":""},"product_brand":[],"product_cat":[79],"product_tag":[],"class_list":{"0":"post-8925","1":"product","2":"type-product","3":"status-publish","4":"has-post-thumbnail","6":"product_cat-pellet-stove","8":"first","9":"instock","10":"shipping-taxable","11":"purchasable","12":"product-type-simple"},"jetpack_sharing_enabled":true,"_links":{"self":[{"href":"https:\/\/trockenholzlager.com\/index.php\/wp-json\/wp\/v2\/product\/8925","targetHints":{"allow":["GET"]}}],"collection":[{"href":"https:\/\/trockenholzlager.com\/index.php\/wp-json\/wp\/v2\/product"}],"about":[{"href":"https:\/\/trockenholzlager.com\/index.php\/wp-json\/wp\/v2\/types\/product"}],"version-history":[{"count":0,"href":"https:\/\/trockenholzlager.com\/index.php\/wp-json\/wp\/v2\/product\/8925\/revisions"}],"wp:featuredmedia":[{"embeddable":true,"href":"https:\/\/trockenholzlager.com\/index.php\/wp-json\/wp\/v2\/media\/8926"}],"wp:attachment":[{"href":"https:\/\/trockenholzlager.com\/index.php\/wp-json\/wp\/v2\/media?parent=8925"}],"wp:term":[{"taxonomy":"product_brand","embeddable":true,"href":"https:\/\/trockenholzlager.com\/index.php\/wp-json\/wp\/v2\/product_brand?post=8925"},{"taxonomy":"product_cat","embeddable":true,"href":"https:\/\/trockenholzlager.com\/index.php\/wp-json\/wp\/v2\/product_cat?post=8925"},{"taxonomy":"product_tag","embeddable":true,"href":"https:\/\/trockenholzlager.com\/index.php\/wp-json\/wp\/v2\/product_tag?post=8925"}],"curies":[{"name":"wp","href":"https:\/\/api.w.org\/{rel}","templated":true}]}}