{"id":8917,"date":"2023-09-09T21:49:01","date_gmt":"2023-09-09T19:49:01","guid":{"rendered":"https:\/\/trockenholzlager.com\/?post_type=product&#038;p=8917"},"modified":"2026-01-27T03:49:54","modified_gmt":"2026-01-27T08:49:54","slug":"pelletofen-casatelli-filippo-schwarz-10-5-kw","status":"publish","type":"product","link":"https:\/\/trockenholzlager.com\/index.php\/produit\/pelletofen-casatelli-filippo-schwarz-10-5-kw\/","title":{"rendered":"Pelletofen CASATELLI Filippo schwarz 10,5 kW"},"content":{"rendered":"<p>T\u00e4gliche und w\u00f6chentliche Programmierung; Ecomode und Frostschutzfunktion, M\u00f6glichkeit, den Ofen an einen externen Thermostat anzuschlie\u00dfen. Geeignet f\u00fcr WiFi-Steuerung, entspricht der RT 2012, kann in den Zonen 1, 2 und 3 installiert werden (mit Saugnapf). 1 Rauml\u00fcfter + 1 L\u00fcfter f\u00fcr 1 Kanalisation. Entspricht der RT 2012, kann in den Zonen 1, 2 und 3 installiert werden (als Saugrohr).<\/p>\n<p>Wasserdichter, kanalisierbarer Ofen. T\u00fcr mit exklusiver \u201edynamischer Einstellvorrichtung\u201c, sehr effizienter W\u00e4rmetauscher, gro\u00dfe Ascheschublade, Digitalanzeige mit Soft-Touch-Bedienung, Griff \u201ekalte Hand\u201c.<\/p>\n<p>Energieeffizienzklasse (A++ bis G) A+.<br \/>\nStandardheizfl\u00e4che (in m\u00b2) Von 101 bis 150<br \/>\nWirkungsgrad (in %) 93,2<br \/>\nFassungsverm\u00f6gen des Trichters (in kg) 21<br \/>\nBreite (in cm) 55<br \/>\nH\u00f6he (in cm) 100<br \/>\nTiefe (in cm) 49<br \/>\nSaisonaler Energiewirkungsgrad (Etas) (in %) 82,5<br \/>\nLeistung (in kW) 10,5<br \/>\nMarke des Produkts CASATELLI<br \/>\nHandelsbezeichnung Filippo<br \/>\nMindest- und H\u00f6chstleistung (in kW) 4,8-10,5<\/p>\n","protected":false},"excerpt":{"rendered":"<p>T\u00e4gliche und w\u00f6chentliche Programmierung; Ecomode und Frostschutzfunktion, M\u00f6glichkeit, den Ofen an einen externen Thermostat anzuschlie\u00dfen. Geeignet f\u00fcr WiFi-Steuerung, entspricht der<\/p>\n","protected":false},"featured_media":8919,"template":"","meta":{"content-type":""},"product_brand":[],"product_cat":[79],"product_tag":[],"class_list":{"0":"post-8917","1":"product","2":"type-product","3":"status-publish","4":"has-post-thumbnail","6":"product_cat-pellet-stove","8":"first","9":"instock","10":"shipping-taxable","11":"purchasable","12":"product-type-simple"},"jetpack_sharing_enabled":true,"_links":{"self":[{"href":"https:\/\/trockenholzlager.com\/index.php\/wp-json\/wp\/v2\/product\/8917","targetHints":{"allow":["GET"]}}],"collection":[{"href":"https:\/\/trockenholzlager.com\/index.php\/wp-json\/wp\/v2\/product"}],"about":[{"href":"https:\/\/trockenholzlager.com\/index.php\/wp-json\/wp\/v2\/types\/product"}],"version-history":[{"count":0,"href":"https:\/\/trockenholzlager.com\/index.php\/wp-json\/wp\/v2\/product\/8917\/revisions"}],"wp:featuredmedia":[{"embeddable":true,"href":"https:\/\/trockenholzlager.com\/index.php\/wp-json\/wp\/v2\/media\/8919"}],"wp:attachment":[{"href":"https:\/\/trockenholzlager.com\/index.php\/wp-json\/wp\/v2\/media?parent=8917"}],"wp:term":[{"taxonomy":"product_brand","embeddable":true,"href":"https:\/\/trockenholzlager.com\/index.php\/wp-json\/wp\/v2\/product_brand?post=8917"},{"taxonomy":"product_cat","embeddable":true,"href":"https:\/\/trockenholzlager.com\/index.php\/wp-json\/wp\/v2\/product_cat?post=8917"},{"taxonomy":"product_tag","embeddable":true,"href":"https:\/\/trockenholzlager.com\/index.php\/wp-json\/wp\/v2\/product_tag?post=8917"}],"curies":[{"name":"wp","href":"https:\/\/api.w.org\/{rel}","templated":true}]}}