{"id":8912,"date":"2023-09-09T21:40:50","date_gmt":"2023-09-09T19:40:50","guid":{"rendered":"https:\/\/trockenholzlager.com\/?post_type=product&#038;p=8912"},"modified":"2026-01-27T03:50:17","modified_gmt":"2026-01-27T08:50:17","slug":"pelletofen-freepoint-roxy-stand-anthrazit-7-kw","status":"publish","type":"product","link":"https:\/\/trockenholzlager.com\/index.php\/produit\/pelletofen-freepoint-roxy-stand-anthrazit-7-kw\/","title":{"rendered":"Pelletofen FREEPOINT Roxy Stand anthrazit 7 kW"},"content":{"rendered":"<p>Wasserdichter Kaminofen AIRTIGHT SYSTEM SILENT SYSTEM Leiser Betrieb mit reduzierter Leistung T\u00e4gliche\/w\u00f6chentliche Programmierung Vorbereitung f\u00fcr WI-FI FreePoint-System Gusseiserner Feuerkorb mit EASY START-System Fernbedienung Gusseiserne T\u00fcr Externer Thermostatanschluss.<\/p>\n<p>Wasserdichter Kaminofen mit AIRTIGHT SYSTEM, das die Luft direkt von au\u00dfen ansaugt, so dass sie nicht aus dem Raum abgesaugt werden muss, was zu einem h\u00f6heren W\u00e4rmekomfort f\u00fchrt. Stahlkonstruktion mit Design-Sockel; unter bestimmten Bedingungen ist auch eine Wandmontage ohne Sockel m\u00f6glich. Einfache Programmierung f\u00fcr Tag und Woche. Einfache Fernsteuerung mit Ihrem Tablet oder Smartphone dank der Vorbereitung WiFi Pack FreePoint. Fernbedienung im Lieferumfang enthalten. Kann an einen externen Thermostat angeschlossen werden. Rauchabzug oben, seitlich oder hinten.<\/p>\n<p>Energieklasse (A++ bis G) A+<br \/>\nIndikative Heizfl\u00e4che (in m\u00b2) Von 50 bis 100<br \/>\nWirkungsgrad (in %) 89,5<br \/>\nFassungsverm\u00f6gen des Beh\u00e4lters (in kg) 12<br \/>\nBreite (in cm) 72,7<br \/>\nH\u00f6he (in cm) 98,3<br \/>\nTiefe (in cm) 27,4<br \/>\nSaisonaler Energiewirkungsgrad (Etas) (in %) 85<br \/>\nLeistung (in kW) 7<br \/>\nMarke des Produkts FREEPOINT<br \/>\nHandelsbezeichnung Roxy Stand<br \/>\nMinimale und maximale Leistung (in kW) 2,7-7<br \/>\nZu beheizendes Volumen (in m\u00b3) 65-168<br \/>\nBetriebsautonomie (in h) 7,1-19,7<br \/>\nBestimmung In der Mitte der Wand | In einer Ecke | Wand.<br \/>\nKann direkt an die Au\u00dfenluft angeschlossen werden Ja<br \/>\nKann kanalisiert werden Nein<br \/>\nReichweite des\/der L\u00fcfter(s) (bis zu) (in m) 0<br \/>\nWasserdicht Ja<\/p>\n<p>&nbsp;<\/p>\n","protected":false},"excerpt":{"rendered":"<p>Wasserdichter Kaminofen AIRTIGHT SYSTEM SILENT SYSTEM Leiser Betrieb mit reduzierter Leistung T\u00e4gliche\/w\u00f6chentliche Programmierung Vorbereitung f\u00fcr WI-FI FreePoint-System Gusseiserner Feuerkorb mit<\/p>\n","protected":false},"featured_media":8913,"template":"","meta":{"content-type":""},"product_brand":[],"product_cat":[79],"product_tag":[],"class_list":{"0":"post-8912","1":"product","2":"type-product","3":"status-publish","4":"has-post-thumbnail","6":"product_cat-pellet-stove","8":"first","9":"instock","10":"shipping-taxable","11":"purchasable","12":"product-type-simple"},"jetpack_sharing_enabled":true,"_links":{"self":[{"href":"https:\/\/trockenholzlager.com\/index.php\/wp-json\/wp\/v2\/product\/8912","targetHints":{"allow":["GET"]}}],"collection":[{"href":"https:\/\/trockenholzlager.com\/index.php\/wp-json\/wp\/v2\/product"}],"about":[{"href":"https:\/\/trockenholzlager.com\/index.php\/wp-json\/wp\/v2\/types\/product"}],"version-history":[{"count":0,"href":"https:\/\/trockenholzlager.com\/index.php\/wp-json\/wp\/v2\/product\/8912\/revisions"}],"wp:featuredmedia":[{"embeddable":true,"href":"https:\/\/trockenholzlager.com\/index.php\/wp-json\/wp\/v2\/media\/8913"}],"wp:attachment":[{"href":"https:\/\/trockenholzlager.com\/index.php\/wp-json\/wp\/v2\/media?parent=8912"}],"wp:term":[{"taxonomy":"product_brand","embeddable":true,"href":"https:\/\/trockenholzlager.com\/index.php\/wp-json\/wp\/v2\/product_brand?post=8912"},{"taxonomy":"product_cat","embeddable":true,"href":"https:\/\/trockenholzlager.com\/index.php\/wp-json\/wp\/v2\/product_cat?post=8912"},{"taxonomy":"product_tag","embeddable":true,"href":"https:\/\/trockenholzlager.com\/index.php\/wp-json\/wp\/v2\/product_tag?post=8912"}],"curies":[{"name":"wp","href":"https:\/\/api.w.org\/{rel}","templated":true}]}}