{"id":8884,"date":"2023-09-09T21:11:44","date_gmt":"2023-09-09T19:11:44","guid":{"rendered":"https:\/\/trockenholzlager.com\/?post_type=product&#038;p=8884"},"modified":"2026-01-27T03:50:17","modified_gmt":"2026-01-27T08:50:17","slug":"pelletofen-extraflame-klaudia-bordeaux","status":"publish","type":"product","link":"https:\/\/trockenholzlager.com\/index.php\/produit\/pelletofen-extraflame-klaudia-bordeaux\/","title":{"rendered":"Pelletofen EXTRAFLAME Klaudia bordeaux"},"content":{"rendered":"<p>Bel\u00fcfteter Pelletofen 8kw. Emaillierte Stahlverkleidung und keramische Abdeckung &#8211; Herausnehmbare Aschelade &#8211; Feuerraum, Feuerraumt\u00fcr und Feuerschale aus Gusseisen &#8211; W\u00e4rmetauscher mit Strahlungsfl\u00e4che &#8211; Hermetischer Beh\u00e4lter &#8211; Rauml\u00fcftung mit Frontl\u00fcftung mit eigenem Ventilator, mit Komfortfunktion &#8211; Gro\u00dfe Sicht auf die Flamme &#8211; Ergonomischer Griff &#8211; Herausnehmbarer Feuerraum (nur mit zugelassener Hilfe) &#8211; Verf\u00fcgbare Rauchabz\u00fcge: hinten, oben.<\/p>\n<p>Energieeffizienzklasse (A++ bis G) A+<br \/>\nRichtwerte f\u00fcr die Heizfl\u00e4che (in m\u00b2) 50 bis 100<br \/>\nWirkungsgrad (in %) 92,5<br \/>\nFassungsverm\u00f6gen des Trichters (in kg) 15<br \/>\nBreite (in cm) 49,8<br \/>\nH\u00f6he (in cm) 101,7<br \/>\nTiefe (in cm) 50,9<br \/>\nSaisonaler Wirkungsgrad (Etas) (in %) 80<br \/>\nEXTRAFLAME Produktmarke<\/p>\n<p>Handelsbezeichnung Klaudia<br \/>\nMinimale und maximale Leistung (in kW) 2,5 &#8211; 8,0<br \/>\nZu beheizendes Volumen (in m\u00b3) 228<br \/>\nBetriebsautonomie (in Stunden) 25<br \/>\nKann direkt an die Au\u00dfenluft angeschlossen werden Nein<br \/>\nKanalisierbar Nein<br \/>\nWasserdicht Nein<br \/>\nFarbe Bordeaux<br \/>\nHauptmaterial Stahl<br \/>\nMaterial des Heizk\u00f6rpers: Gusseisen<br \/>\nPosition der Glasfront<br \/>\nGewicht des nackten Produkts (in kg) 105<br \/>\nArt der Regulierung Elektronisch<br \/>\nWi-Fi-Box Optional<br \/>\nSchlafmodus Nein<br \/>\nInklusive Fernbedienung Ja<br \/>\nElektrizit\u00e4tsverbrauch min. (in kW) 0,03 &#8211; 0,06<br \/>\nArt der Beladung oben<br \/>\nRauchaustritt oben oder hinten<br \/>\nDurchmesser des D\u00fcsenauslasses (in mm) 80<br \/>\nInbetriebnahme Ja<\/p>\n<p>&nbsp;<\/p>\n","protected":false},"excerpt":{"rendered":"<p>Bel\u00fcfteter Pelletofen 8kw. Emaillierte Stahlverkleidung und keramische Abdeckung &#8211; Herausnehmbare Aschelade &#8211; Feuerraum, Feuerraumt\u00fcr und Feuerschale aus Gusseisen &#8211; W\u00e4rmetauscher<\/p>\n","protected":false},"featured_media":8885,"template":"","meta":{"content-type":""},"product_brand":[],"product_cat":[79],"product_tag":[],"class_list":{"0":"post-8884","1":"product","2":"type-product","3":"status-publish","4":"has-post-thumbnail","6":"product_cat-pellet-stove","8":"first","9":"instock","10":"shipping-taxable","11":"purchasable","12":"product-type-simple"},"jetpack_sharing_enabled":true,"_links":{"self":[{"href":"https:\/\/trockenholzlager.com\/index.php\/wp-json\/wp\/v2\/product\/8884","targetHints":{"allow":["GET"]}}],"collection":[{"href":"https:\/\/trockenholzlager.com\/index.php\/wp-json\/wp\/v2\/product"}],"about":[{"href":"https:\/\/trockenholzlager.com\/index.php\/wp-json\/wp\/v2\/types\/product"}],"version-history":[{"count":0,"href":"https:\/\/trockenholzlager.com\/index.php\/wp-json\/wp\/v2\/product\/8884\/revisions"}],"wp:featuredmedia":[{"embeddable":true,"href":"https:\/\/trockenholzlager.com\/index.php\/wp-json\/wp\/v2\/media\/8885"}],"wp:attachment":[{"href":"https:\/\/trockenholzlager.com\/index.php\/wp-json\/wp\/v2\/media?parent=8884"}],"wp:term":[{"taxonomy":"product_brand","embeddable":true,"href":"https:\/\/trockenholzlager.com\/index.php\/wp-json\/wp\/v2\/product_brand?post=8884"},{"taxonomy":"product_cat","embeddable":true,"href":"https:\/\/trockenholzlager.com\/index.php\/wp-json\/wp\/v2\/product_cat?post=8884"},{"taxonomy":"product_tag","embeddable":true,"href":"https:\/\/trockenholzlager.com\/index.php\/wp-json\/wp\/v2\/product_tag?post=8884"}],"curies":[{"name":"wp","href":"https:\/\/api.w.org\/{rel}","templated":true}]}}