{"id":8881,"date":"2023-09-09T21:08:22","date_gmt":"2023-09-09T19:08:22","guid":{"rendered":"https:\/\/trockenholzlager.com\/?post_type=product&#038;p=8881"},"modified":"2026-01-27T03:50:17","modified_gmt":"2026-01-27T08:50:17","slug":"pelletofen-extraflame-debby-cx-weis-9-7-kw","status":"publish","type":"product","link":"https:\/\/trockenholzlager.com\/index.php\/produit\/pelletofen-extraflame-debby-cx-weis-9-7-kw\/","title":{"rendered":"Pelletofen EXTRAFLAME Debby cx wei\u00df 9,7 kW"},"content":{"rendered":"<p>Spezielles Produkt: F\u00f6rdert die Energieeinsparung (h\u00f6chste Energieklasse). Zylindrischer, wasserdichter Kamin mit sehr hohem Wirkungsgrad. Koaxialer Rauchabzug oben (80\/130 mm) Multifunktions-Fernbedienung mit integriertem Thermostat. Komfortmodus, der eine Ger\u00e4uschreduzierung bei allen Leistungsstufen erm\u00f6glicht. Ausf\u00fchrung in Keramik oder Naturstein.<\/p>\n<p>Dichte Brennkammer und hermetischer Beh\u00e4lter &#8211; Rauchabzug und zentraler Lufteinlass oben. Installation mit koaxialem Schornstein &#8211; In das Produkt integriertes T-Rohr, Inspektion im hinteren Teil &#8211; Kerze aus Keramik mit Z\u00fcndsystem der neuesten Generation &#8211; Druckregelung an zwei verschiedenen Punkten der Brennkammer f\u00fcr mehr Sicherheit mit dem \u201eDifferenzialsystem\u201c &#8211; Zentrifugalmotor f\u00fcr die Rauml\u00fcftung mit Komfortfunktion &#8211; Notfallmodul (wichtig und einfach zu bedienen) &#8211; Gro\u00dfer Aschenbecher aus Gusseisen &#8211; Rohrb\u00fcndelw\u00e4rmetauscher &#8211; Stahlverkleidung und geh\u00e4rtete Glasscheibe aus Gusseisen, obere und untere Front aus Fliesen oder Naturstein &#8211; Brennkammer, Feuerraum und T\u00fcr aus Gusseisen &#8211; Sicherheitsdruckschalter &#8211; w\u00f6chentlicher Chronothermostat &#8211; multifunktionale Funkfernbedienung &#8211; Sicherheitsdruckschalter an der Aschelade.<\/p>\n<p>Energieeffizienzklasse (A++ bis G) A++<br \/>\nRichtwert f\u00fcr die Heizfl\u00e4che (in m\u00b2) Von 101 bis 150<br \/>\nWirkungsgrad (in %) 92,7<br \/>\nFassungsverm\u00f6gen des Beh\u00e4lters (in kg) 18<br \/>\nBreite (in cm) 55<br \/>\nH\u00f6he (in cm) 120<br \/>\nTiefe (in cm) 57,3<br \/>\nSaisonaler Energiewirkungsgrad (Etas) (in %) 82<br \/>\nLeistung (in kW) 9,7<br \/>\nMarke des Produkts EXTRAFLAME<br \/>\nHandelsbezeichnung Debby cx<\/p>\n<p>&nbsp;<\/p>\n","protected":false},"excerpt":{"rendered":"<p>Spezielles Produkt: F\u00f6rdert die Energieeinsparung (h\u00f6chste Energieklasse). Zylindrischer, wasserdichter Kamin mit sehr hohem Wirkungsgrad. Koaxialer Rauchabzug oben (80\/130 mm) Multifunktions-Fernbedienung<\/p>\n","protected":false},"featured_media":8882,"template":"","meta":{"content-type":""},"product_brand":[],"product_cat":[79],"product_tag":[],"class_list":{"0":"post-8881","1":"product","2":"type-product","3":"status-publish","4":"has-post-thumbnail","6":"product_cat-pellet-stove","8":"first","9":"instock","10":"shipping-taxable","11":"purchasable","12":"product-type-simple"},"jetpack_sharing_enabled":true,"_links":{"self":[{"href":"https:\/\/trockenholzlager.com\/index.php\/wp-json\/wp\/v2\/product\/8881","targetHints":{"allow":["GET"]}}],"collection":[{"href":"https:\/\/trockenholzlager.com\/index.php\/wp-json\/wp\/v2\/product"}],"about":[{"href":"https:\/\/trockenholzlager.com\/index.php\/wp-json\/wp\/v2\/types\/product"}],"version-history":[{"count":0,"href":"https:\/\/trockenholzlager.com\/index.php\/wp-json\/wp\/v2\/product\/8881\/revisions"}],"wp:featuredmedia":[{"embeddable":true,"href":"https:\/\/trockenholzlager.com\/index.php\/wp-json\/wp\/v2\/media\/8882"}],"wp:attachment":[{"href":"https:\/\/trockenholzlager.com\/index.php\/wp-json\/wp\/v2\/media?parent=8881"}],"wp:term":[{"taxonomy":"product_brand","embeddable":true,"href":"https:\/\/trockenholzlager.com\/index.php\/wp-json\/wp\/v2\/product_brand?post=8881"},{"taxonomy":"product_cat","embeddable":true,"href":"https:\/\/trockenholzlager.com\/index.php\/wp-json\/wp\/v2\/product_cat?post=8881"},{"taxonomy":"product_tag","embeddable":true,"href":"https:\/\/trockenholzlager.com\/index.php\/wp-json\/wp\/v2\/product_tag?post=8881"}],"curies":[{"name":"wp","href":"https:\/\/api.w.org\/{rel}","templated":true}]}}