{"id":8772,"date":"2023-09-09T18:50:04","date_gmt":"2023-09-09T16:50:04","guid":{"rendered":"https:\/\/trockenholzlager.com\/?post_type=product&#038;p=8772"},"modified":"2026-01-27T03:49:35","modified_gmt":"2026-01-27T08:49:35","slug":"gepresste-holzscheite-schone-holzscheite-4-holzscheite-l27-buche","status":"publish","type":"product","link":"https:\/\/trockenholzlager.com\/index.php\/produit\/gepresste-holzscheite-schone-holzscheite-4-holzscheite-l27-buche\/","title":{"rendered":"Gepresste St\u00e4mme Sch\u00f6ne St\u00e4mme 4 St\u00e4mme, L27, Buche"},"content":{"rendered":"<p>Engagiertes Produkt: zertifiziertes Holz, sparsames Heizen.<\/p>\n<p>Belles B\u00fbche haben eine hohe Energieeffizienz. Sie sind immer trocken und einsatzbereit. Die Beleuchtung ist traditionell und erfordert keine zus\u00e4tzlichen Produkte. Ein Belle B\u00fbche von 9 x 27 cm entspricht f\u00fcnf herk\u00f6mmlichen Holzscheiten. Sein Brennwert (PCI) betr\u00e4gt 5,2 kWh\/kg und liefert Ihnen intensive W\u00e4rme. Die Belles B\u00fbcheaux sind leicht zu transportieren und zu lagern. Die Scheite verschmutzen weder das Glas des Kamineinsatzes noch den Schornstein. Ein sch\u00f6nes Holzscheit produziert wenig Asche und kann bis zu zwei Stunden lang heizen. Die Scheite von Belles B\u00fbche werden aus 100% PEFC-Buchenholz geschnitten und stammen aus regionalen W\u00e4ldern. Ohne Zusatzstoffe oder Bindemittel werden sie ausschlie\u00dflich aus gepresstem Holz hergestellt.<\/p>\n<p>Feuchtigkeitsgehalt (in %) 8<br \/>\nGebrauchsfertiger Brennstoff Ja<br \/>\nEmpfohlene Lagerungsart Trocken in geschlossenen R\u00e4umen.<br \/>\nHauptmaterial Holz<br \/>\nGewicht des nackten Produkts (in kg) 10<br \/>\nName des Produkts W\u00e4rmende Holzscheite<br \/>\nVerpacktes Produkt: H\u00f6he (in cm) 28<br \/>\nAbgepacktes Produkt: Breite (in cm) 40<br \/>\nAbgepacktes Produkt: Tiefe (in cm) 10<br \/>\nVerpacktes Produkt: Gewicht (in kg) 10<\/p>\n","protected":false},"excerpt":{"rendered":"<p>Engagiertes Produkt: zertifiziertes Holz, sparsames Heizen. Belles B\u00fbche haben eine hohe Energieeffizienz. Sie sind immer trocken und einsatzbereit. Die Beleuchtung<\/p>\n","protected":false},"featured_media":8773,"template":"","meta":{"content-type":""},"product_brand":[],"product_cat":[72],"product_tag":[],"class_list":{"0":"post-8772","1":"product","2":"type-product","3":"status-publish","4":"has-post-thumbnail","6":"product_cat-beech-pressed","8":"first","9":"instock","10":"shipping-taxable","11":"purchasable","12":"product-type-simple"},"jetpack_sharing_enabled":true,"_links":{"self":[{"href":"https:\/\/trockenholzlager.com\/index.php\/wp-json\/wp\/v2\/product\/8772","targetHints":{"allow":["GET"]}}],"collection":[{"href":"https:\/\/trockenholzlager.com\/index.php\/wp-json\/wp\/v2\/product"}],"about":[{"href":"https:\/\/trockenholzlager.com\/index.php\/wp-json\/wp\/v2\/types\/product"}],"version-history":[{"count":0,"href":"https:\/\/trockenholzlager.com\/index.php\/wp-json\/wp\/v2\/product\/8772\/revisions"}],"wp:featuredmedia":[{"embeddable":true,"href":"https:\/\/trockenholzlager.com\/index.php\/wp-json\/wp\/v2\/media\/8773"}],"wp:attachment":[{"href":"https:\/\/trockenholzlager.com\/index.php\/wp-json\/wp\/v2\/media?parent=8772"}],"wp:term":[{"taxonomy":"product_brand","embeddable":true,"href":"https:\/\/trockenholzlager.com\/index.php\/wp-json\/wp\/v2\/product_brand?post=8772"},{"taxonomy":"product_cat","embeddable":true,"href":"https:\/\/trockenholzlager.com\/index.php\/wp-json\/wp\/v2\/product_cat?post=8772"},{"taxonomy":"product_tag","embeddable":true,"href":"https:\/\/trockenholzlager.com\/index.php\/wp-json\/wp\/v2\/product_tag?post=8772"}],"curies":[{"name":"wp","href":"https:\/\/api.w.org\/{rel}","templated":true}]}}