{"id":8643,"date":"2023-09-09T16:39:21","date_gmt":"2023-09-09T14:39:21","guid":{"rendered":"https:\/\/trockenholzlager.com\/?post_type=product&#038;p=8643"},"modified":"2026-01-27T03:48:51","modified_gmt":"2026-01-27T08:48:51","slug":"akku-kettensage-hochentaster-akku-holzsage-8-schwarz-im-18v-koffer-ohne-akku","status":"publish","type":"product","link":"https:\/\/trockenholzlager.com\/index.php\/produit\/akku-kettensage-hochentaster-akku-holzsage-8-schwarz-im-18v-koffer-ohne-akku\/","title":{"rendered":"Akku-Kettens\u00e4ge Astschere 8\u201c Akku-Holzs\u00e4ge schwarz in 18V-Box (ohne Akku)"},"content":{"rendered":"<p>Spezifikation:<br \/>\nSpannung: 18V<br \/>\nGr\u00f6\u00dfe der F\u00fchrungsplatte: 8 Zoll<br \/>\nMotor: B\u00fcrstenloser Motor<br \/>\nMotordrehzahl: 18.000 U\/min<br \/>\nKettengeschwindigkeit: 10 m\/s<\/p>\n<p>Verpackung ist enthalten:<br \/>\nOhne Akku Typ:<br \/>\n1x Mensela CS-L3 8 Zoll Kettens\u00e4genk\u00f6rper (ohne Akku).<br \/>\n1x Brille<br \/>\n1x Schl\u00fcssel Typ L<br \/>\n1x Schraubendreher<br \/>\n1x Kunststoffkoffer<br \/>\n1x Handbuch<\/p>\n<p>Klingenbremse Typ Elektrisch<\/p>\n","protected":false},"excerpt":{"rendered":"<p>Spezifikation: Spannung: 18V Gr\u00f6\u00dfe der F\u00fchrungsplatte: 8 Zoll Motor: B\u00fcrstenloser Motor Motordrehzahl: 18.000 U\/min Kettengeschwindigkeit: 10 m\/s Verpackung ist enthalten:<\/p>\n","protected":false},"featured_media":8644,"template":"","meta":{"content-type":""},"product_brand":[],"product_cat":[75],"product_tag":[],"class_list":{"0":"post-8643","1":"product","2":"type-product","3":"status-publish","4":"has-post-thumbnail","6":"product_cat-wood-saw","8":"first","9":"instock","10":"shipping-taxable","11":"purchasable","12":"product-type-simple"},"jetpack_sharing_enabled":true,"_links":{"self":[{"href":"https:\/\/trockenholzlager.com\/index.php\/wp-json\/wp\/v2\/product\/8643","targetHints":{"allow":["GET"]}}],"collection":[{"href":"https:\/\/trockenholzlager.com\/index.php\/wp-json\/wp\/v2\/product"}],"about":[{"href":"https:\/\/trockenholzlager.com\/index.php\/wp-json\/wp\/v2\/types\/product"}],"version-history":[{"count":0,"href":"https:\/\/trockenholzlager.com\/index.php\/wp-json\/wp\/v2\/product\/8643\/revisions"}],"wp:featuredmedia":[{"embeddable":true,"href":"https:\/\/trockenholzlager.com\/index.php\/wp-json\/wp\/v2\/media\/8644"}],"wp:attachment":[{"href":"https:\/\/trockenholzlager.com\/index.php\/wp-json\/wp\/v2\/media?parent=8643"}],"wp:term":[{"taxonomy":"product_brand","embeddable":true,"href":"https:\/\/trockenholzlager.com\/index.php\/wp-json\/wp\/v2\/product_brand?post=8643"},{"taxonomy":"product_cat","embeddable":true,"href":"https:\/\/trockenholzlager.com\/index.php\/wp-json\/wp\/v2\/product_cat?post=8643"},{"taxonomy":"product_tag","embeddable":true,"href":"https:\/\/trockenholzlager.com\/index.php\/wp-json\/wp\/v2\/product_tag?post=8643"}],"curies":[{"name":"wp","href":"https:\/\/api.w.org\/{rel}","templated":true}]}}