{"id":8618,"date":"2023-09-09T16:25:38","date_gmt":"2023-09-09T14:25:38","guid":{"rendered":"https:\/\/trockenholzlager.com\/?post_type=product&#038;p=8618"},"modified":"2026-01-27T03:48:51","modified_gmt":"2026-01-27T08:48:51","slug":"kettensage-akku-kettensage-hochentaster-akku-brushless-violeworks-8-18v-10000rpm-holzsage-1-akku","status":"publish","type":"product","link":"https:\/\/trockenholzlager.com\/index.php\/produit\/kettensage-akku-kettensage-hochentaster-akku-brushless-violeworks-8-18v-10000rpm-holzsage-1-akku\/","title":{"rendered":"Akku-Kettens\u00e4ge Kettens\u00e4ge Hochentaster Akku brushless VIOLEWORKS 8\u201c 18V 10000RPM Holzs\u00e4ge 1 Akku"},"content":{"rendered":"<p>Spezifikation:<br \/>\nMarke: VIOLEWORKS<br \/>\nMotor: B\u00fcrstenloser Motor<br \/>\nL\u00e4nge der F\u00fchrungsplatte: 8 Zoll<br \/>\nKettengeschwindigkeit: 5 M\/S<br \/>\nBatterie: 10.000 mAh<br \/>\nSpannung: 88 VF<br \/>\nLeistung: 3000 W<br \/>\nKette: Schnell verstellbar.<br \/>\nMaterial: Kette aus Metallstahl.<\/p>\n<p>In der Verpackung enthalten sind:<\/p>\n<p>1 x Elektrische Akku-Kettens\u00e4ge<br \/>\n1 Akku<br \/>\n1 Ladeger\u00e4t<br \/>\n1 Schraubendreher<br \/>\n1 Schl\u00fcssel<br \/>\n1 Bedienungsanleitung<\/p>\n<p>Art der Klingenbremse Elektrisch<\/p>\n","protected":false},"excerpt":{"rendered":"<p>Spezifikation: Marke: VIOLEWORKS Motor: B\u00fcrstenloser Motor L\u00e4nge der F\u00fchrungsplatte: 8 Zoll Kettengeschwindigkeit: 5 M\/S Batterie: 10.000 mAh Spannung: 88 VF<\/p>\n","protected":false},"featured_media":8619,"template":"","meta":{"content-type":""},"product_brand":[],"product_cat":[75],"product_tag":[],"class_list":{"0":"post-8618","1":"product","2":"type-product","3":"status-publish","4":"has-post-thumbnail","6":"product_cat-wood-saw","8":"first","9":"instock","10":"shipping-taxable","11":"purchasable","12":"product-type-simple"},"jetpack_sharing_enabled":true,"_links":{"self":[{"href":"https:\/\/trockenholzlager.com\/index.php\/wp-json\/wp\/v2\/product\/8618","targetHints":{"allow":["GET"]}}],"collection":[{"href":"https:\/\/trockenholzlager.com\/index.php\/wp-json\/wp\/v2\/product"}],"about":[{"href":"https:\/\/trockenholzlager.com\/index.php\/wp-json\/wp\/v2\/types\/product"}],"version-history":[{"count":0,"href":"https:\/\/trockenholzlager.com\/index.php\/wp-json\/wp\/v2\/product\/8618\/revisions"}],"wp:featuredmedia":[{"embeddable":true,"href":"https:\/\/trockenholzlager.com\/index.php\/wp-json\/wp\/v2\/media\/8619"}],"wp:attachment":[{"href":"https:\/\/trockenholzlager.com\/index.php\/wp-json\/wp\/v2\/media?parent=8618"}],"wp:term":[{"taxonomy":"product_brand","embeddable":true,"href":"https:\/\/trockenholzlager.com\/index.php\/wp-json\/wp\/v2\/product_brand?post=8618"},{"taxonomy":"product_cat","embeddable":true,"href":"https:\/\/trockenholzlager.com\/index.php\/wp-json\/wp\/v2\/product_cat?post=8618"},{"taxonomy":"product_tag","embeddable":true,"href":"https:\/\/trockenholzlager.com\/index.php\/wp-json\/wp\/v2\/product_tag?post=8618"}],"curies":[{"name":"wp","href":"https:\/\/api.w.org\/{rel}","templated":true}]}}