{"id":8612,"date":"2023-09-09T16:09:59","date_gmt":"2023-09-09T14:09:59","guid":{"rendered":"https:\/\/trockenholzlager.com\/?post_type=product&#038;p=8612"},"modified":"2026-01-27T03:49:54","modified_gmt":"2026-01-27T08:49:54","slug":"kreissage-18v-lxt-o165-mm-nur-maschine-in-makpac","status":"publish","type":"product","link":"https:\/\/trockenholzlager.com\/index.php\/produit\/kreissage-18v-lxt-o165-mm-nur-maschine-in-makpac\/","title":{"rendered":"Kreiss\u00e4ge 18V LXT \u00d8165 mm (nur Maschine) in MAKPAC &#8211;"},"content":{"rendered":"<p>Makita Kreiss\u00e4ge mit bemerkenswerter Schnittleistung dank einer Drehzahl von 3700 U\/min &#8211; DSS610ZJ<\/p>\n<p>Die Makita Kreiss\u00e4ge DSS610ZJ ist leicht und handlich und bietet dank ihrer hohen Drehzahl einen schnellen Schnittfortschritt. F\u00fcr einfaches Schneiden und hohen Bedienkomfort verf\u00fcgt die Maschine \u00fcber eine auf die Schnittlinie ausgerichtete Beleuchtung mit Doppel-LEDs, aber auch \u00fcber einen zweistufigen Ausl\u00f6ser, der das Einschalten der Beleuchtung erm\u00f6glicht, ohne dass die S\u00e4ge erst gestartet werden muss.<\/p>\n<p>Die Sicherheitssperre sch\u00fctzt den Benutzer vor versehentlichem Einschalten. Eine Luftd\u00fcse sorgt f\u00fcr gute Sicht auf die Schnittlinie, indem sie das S\u00e4gemehl wegbl\u00e4st. Der Griff mit Softgrip-Beschichtung liegt gut in der Hand.<\/p>\n<p>Vorteile und Eigenschaften der Makita DSS610 Kreiss\u00e4ge:<br \/>\nLeichte und handliche Maschine mit schnellem Schnittfortschritt dank hoher Drehzahl.<br \/>\nAuf die Schnittlinie konzentrierte Beleuchtung durch doppelte LEDs.<br \/>\nZweistufiger Ausl\u00f6ser, mit dem die Beleuchtung eingeschaltet werden kann, ohne die S\u00e4ge zu starten.<br \/>\nSicherheitssperre, die den Benutzer vor versehentlichem Einschalten sch\u00fctzt.<br \/>\nDie Luftd\u00fcse bl\u00e4st das S\u00e4gemehl weg, so dass die Schnittlinie besser sichtbar ist.<br \/>\nAluminiumsockel mit Schnittlinienmarkierung.<br \/>\nSoftgrip-Ergonomie f\u00fcr besseren Halt<br \/>\nWird standardm\u00e4\u00dfig in einem MAK-PAC-Koffer geliefert, der mit Standard-Stapelsystemen kompatibel ist.<br \/>\nDas Produkt wird allein, ohne Akku und Ladeger\u00e4t, in einem MakPac-Koffer der Gr\u00f6\u00dfe 3 verkauft.<\/p>\n","protected":false},"excerpt":{"rendered":"<p>Makita Kreiss\u00e4ge mit bemerkenswerter Schnittleistung dank einer Drehzahl von 3700 U\/min &#8211; DSS610ZJ Die Makita Kreiss\u00e4ge DSS610ZJ ist leicht und<\/p>\n","protected":false},"featured_media":8613,"template":"","meta":{"content-type":""},"product_brand":[],"product_cat":[75],"product_tag":[],"class_list":{"0":"post-8612","1":"product","2":"type-product","3":"status-publish","4":"has-post-thumbnail","6":"product_cat-wood-saw","8":"first","9":"instock","10":"shipping-taxable","11":"purchasable","12":"product-type-simple"},"jetpack_sharing_enabled":true,"_links":{"self":[{"href":"https:\/\/trockenholzlager.com\/index.php\/wp-json\/wp\/v2\/product\/8612","targetHints":{"allow":["GET"]}}],"collection":[{"href":"https:\/\/trockenholzlager.com\/index.php\/wp-json\/wp\/v2\/product"}],"about":[{"href":"https:\/\/trockenholzlager.com\/index.php\/wp-json\/wp\/v2\/types\/product"}],"version-history":[{"count":0,"href":"https:\/\/trockenholzlager.com\/index.php\/wp-json\/wp\/v2\/product\/8612\/revisions"}],"wp:featuredmedia":[{"embeddable":true,"href":"https:\/\/trockenholzlager.com\/index.php\/wp-json\/wp\/v2\/media\/8613"}],"wp:attachment":[{"href":"https:\/\/trockenholzlager.com\/index.php\/wp-json\/wp\/v2\/media?parent=8612"}],"wp:term":[{"taxonomy":"product_brand","embeddable":true,"href":"https:\/\/trockenholzlager.com\/index.php\/wp-json\/wp\/v2\/product_brand?post=8612"},{"taxonomy":"product_cat","embeddable":true,"href":"https:\/\/trockenholzlager.com\/index.php\/wp-json\/wp\/v2\/product_cat?post=8612"},{"taxonomy":"product_tag","embeddable":true,"href":"https:\/\/trockenholzlager.com\/index.php\/wp-json\/wp\/v2\/product_tag?post=8612"}],"curies":[{"name":"wp","href":"https:\/\/api.w.org\/{rel}","templated":true}]}}