{"id":8593,"date":"2023-09-09T15:37:37","date_gmt":"2023-09-09T13:37:37","guid":{"rendered":"https:\/\/trockenholzlager.com\/?post_type=product&#038;p=8593"},"modified":"2026-01-27T03:48:51","modified_gmt":"2026-01-27T08:48:51","slug":"18v-lxt-astsage-mit-115-cm-schwert-nur-produkt-im-koffer-makita-duc122zk","status":"publish","type":"product","link":"https:\/\/trockenholzlager.com\/index.php\/produit\/18v-lxt-astsage-mit-115-cm-schwert-nur-produkt-im-koffer-makita-duc122zk\/","title":{"rendered":"18V LXT Asts\u00e4ge mit 11,5 cm Klinge (nur Produkt) im Koffer &#8211; MAKITA DUC122ZK"},"content":{"rendered":"<p>Professionelle Baumpflege-Kettens\u00e4ge mit 11,5 cm langem Schwert &#8211; DUC122ZK<\/p>\n<p>Die Baumpfleges\u00e4ge ist mit ihrem 11,5 cm langen Schwert sehr leistungsstark. Mit einem Schalldruckpegel von 84,6 dB(A) erm\u00f6glicht die 18-V-Akku-Kettens\u00e4ge das Arbeiten in besonders l\u00e4rmempfindlichen Umgebungen. Um die Sicherheit des Anwenders zu erh\u00f6hen, verf\u00fcgt die DUC122Z \u00fcber eine Funktion, die die Kette 0,5 Sekunden nach Loslassen des Abzugs stoppt.<\/p>\n<p>Dieses Ger\u00e4t eignet sich besonders f\u00fcr die Entastung von \u00c4sten mit einer Dicke von bis zu 10 cm.<\/p>\n<p>Vorteile und Funktionen des DUC122ZK:<br \/>\nDas Batterieschutzsystem schaltet den Strom automatisch ab, wenn der Batteriestand niedrig ist.<br \/>\nDie Motorbremse stoppt die Kette in 0,5 Sekunden<br \/>\nAutomatische Einstellung der Kettenspannung<br \/>\nHauptschalter mit LED-Stromanzeige und automatischer Abschaltung.<br \/>\nGeringe Vibration und niedriger Ger\u00e4uschpegel.<\/p>\n<p>Das Produkt wird ohne Batterien und Ladeger\u00e4t in einer Kunststoffbox verkauft.<\/p>\n<p>Denken Sie an die 100%ige Makita-Gewerbegarantie auf Werkzeuge, Akkus und Ladeger\u00e4te!<br \/>\nRegistrieren Sie Ihre Makita-Maschine innerhalb von 30 Tagen nach dem Kauf und profitieren Sie von einer v\u00f6llig kostenlosen kommerziellen Garantie auf Ihr Werkzeug, Ihren Akku oder Ihr Li-Ion-Ladeger\u00e4t, die die gesetzliche Garantie der Konformit\u00e4t erg\u00e4nzt.<\/p>\n<p>Nachstehend finden Sie eine Liste aller Maschinen, die von der kommerziellen Garantie abgedeckt sind: Anspruchsberechtigte Maschinen.<\/p>\n<p>Besuchen Sie die Website makita.de, um sich einzuloggen und die Garantiebedingungen einzusehen.<\/p>\n","protected":false},"excerpt":{"rendered":"<p>Professionelle Baumpflege-Kettens\u00e4ge mit 11,5 cm langem Schwert &#8211; DUC122ZK Die Baumpfleges\u00e4ge ist mit ihrem 11,5 cm langen Schwert sehr leistungsstark.<\/p>\n","protected":false},"featured_media":8594,"template":"","meta":{"content-type":""},"product_brand":[],"product_cat":[75],"product_tag":[],"class_list":{"0":"post-8593","1":"product","2":"type-product","3":"status-publish","4":"has-post-thumbnail","6":"product_cat-wood-saw","8":"first","9":"instock","10":"shipping-taxable","11":"purchasable","12":"product-type-simple"},"jetpack_sharing_enabled":true,"_links":{"self":[{"href":"https:\/\/trockenholzlager.com\/index.php\/wp-json\/wp\/v2\/product\/8593","targetHints":{"allow":["GET"]}}],"collection":[{"href":"https:\/\/trockenholzlager.com\/index.php\/wp-json\/wp\/v2\/product"}],"about":[{"href":"https:\/\/trockenholzlager.com\/index.php\/wp-json\/wp\/v2\/types\/product"}],"version-history":[{"count":0,"href":"https:\/\/trockenholzlager.com\/index.php\/wp-json\/wp\/v2\/product\/8593\/revisions"}],"wp:featuredmedia":[{"embeddable":true,"href":"https:\/\/trockenholzlager.com\/index.php\/wp-json\/wp\/v2\/media\/8594"}],"wp:attachment":[{"href":"https:\/\/trockenholzlager.com\/index.php\/wp-json\/wp\/v2\/media?parent=8593"}],"wp:term":[{"taxonomy":"product_brand","embeddable":true,"href":"https:\/\/trockenholzlager.com\/index.php\/wp-json\/wp\/v2\/product_brand?post=8593"},{"taxonomy":"product_cat","embeddable":true,"href":"https:\/\/trockenholzlager.com\/index.php\/wp-json\/wp\/v2\/product_cat?post=8593"},{"taxonomy":"product_tag","embeddable":true,"href":"https:\/\/trockenholzlager.com\/index.php\/wp-json\/wp\/v2\/product_tag?post=8593"}],"curies":[{"name":"wp","href":"https:\/\/api.w.org\/{rel}","templated":true}]}}