{"id":8587,"date":"2023-09-09T15:20:04","date_gmt":"2023-09-09T13:20:04","guid":{"rendered":"https:\/\/trockenholzlager.com\/?post_type=product&#038;p=8587"},"modified":"2026-01-27T03:49:35","modified_gmt":"2026-01-27T08:49:35","slug":"akku-astsage-168v-2-lithium-akkus-4ah-ladegerat-und-werkzeugsatz-inklusive-mini-kettensage-goodyear","status":"publish","type":"product","link":"https:\/\/trockenholzlager.com\/index.php\/produit\/akku-astsage-168v-2-lithium-akkus-4ah-ladegerat-und-werkzeugsatz-inklusive-mini-kettensage-goodyear\/","title":{"rendered":"Kettens\u00e4ge Cordless Chainsaw Cordless Pole Pruner 6\u201c 10000rpm Electric Wood Saw 2 Akkus 1 Ladeger\u00e4t Blau"},"content":{"rendered":"<p>EFFIZIENTES UND SCHNELLES ARBEITEN: Die elektrische Baums\u00e4ge von Goodyear wird mit zwei 16,8-V-Batterien geliefert. Diese batteriebetriebene Elektrokettens\u00e4ge hat eine Leistung von bis zu 450 W. Sie ist das perfekte Werkzeug, um saubere und gerade Schnitte zu machen. Sie f\u00f6rdert die Gesundheit der \u00c4ste und verk\u00fcrzt die Arbeitszeiten im Vergleich zu benzinbetriebenen Ger\u00e4ten.<br \/>\nSICHERHEIT UND H\u00d6HERE SCHNEIDKAPAZIT\u00c4T: Mit einer elektrischen Baums\u00e4ge von Goodyear k\u00f6nnen Sie dickere \u00c4ste schneiden als mit einer elektrischen Baumschere. Diese professionelle Baums\u00e4ge hat eine maximale Schnittkapazit\u00e4t von 15 cm und eine 3,2 mm dicke F\u00fchrungsschiene mit einer L\u00e4nge von 6&#8220;.<br \/>\nDIE KETTE KANN 11M\/S ERREICHEN: Diese elektrische Baumpfleges\u00e4ge von Goodyear verwendet eine \u00bc\u201c Kette mit 7 Z\u00e4hnen und kann die Schnittleistung auf bis zu 7.000 U\/min erh\u00f6hen. Es ist eine elektrische Baumpfleges\u00e4ge, die eine Geschwindigkeit von 11 m\/s. s erreichen kann.<br \/>\nAUTONOMIE UND KOMFORTABLES ARBEITEN: Dies ist eine elektrische Kettens\u00e4ge mit einem 4 Ah-Akku, der bis zu 4 Stunden intermittierenden Betrieb bieten kann. Es ist eine sehr leichte elektrische Baums\u00e4ge, sie wiegt nur 1 kg, was den Komfort w\u00e4hrend der Arbeit deutlich erh\u00f6ht.<br \/>\n2 BATTERIEN, LADEGER\u00c4T UND WERKZEUGSATZ IM LIEFERUMFANG ENTHALTEN: Zus\u00e4tzlich zu den beiden 16,8-V-Batterien UND dem Ladeger\u00e4t enth\u00e4lt die Goodyear-Baums\u00e4ge einen praktischen Werkzeugsatz mit 1 Schraubendreher und Schmier\u00f6l. Aufladezeit: 4 Stunden<\/p>\n<p>\u00dcbersetzt mit DeepL.com (kostenlose Version)<\/p>\n","protected":false},"excerpt":{"rendered":"<p>EFFIZIENTES UND SCHNELLES ARBEITEN: Die elektrische Baums\u00e4ge von Goodyear wird mit zwei 16,8-V-Batterien geliefert. Diese batteriebetriebene Elektrokettens\u00e4ge hat eine Leistung<\/p>\n","protected":false},"featured_media":8588,"template":"","meta":{"content-type":""},"product_brand":[],"product_cat":[75],"product_tag":[],"class_list":{"0":"post-8587","1":"product","2":"type-product","3":"status-publish","4":"has-post-thumbnail","6":"product_cat-wood-saw","8":"first","9":"instock","10":"shipping-taxable","11":"purchasable","12":"product-type-simple"},"jetpack_sharing_enabled":true,"_links":{"self":[{"href":"https:\/\/trockenholzlager.com\/index.php\/wp-json\/wp\/v2\/product\/8587","targetHints":{"allow":["GET"]}}],"collection":[{"href":"https:\/\/trockenholzlager.com\/index.php\/wp-json\/wp\/v2\/product"}],"about":[{"href":"https:\/\/trockenholzlager.com\/index.php\/wp-json\/wp\/v2\/types\/product"}],"version-history":[{"count":0,"href":"https:\/\/trockenholzlager.com\/index.php\/wp-json\/wp\/v2\/product\/8587\/revisions"}],"wp:featuredmedia":[{"embeddable":true,"href":"https:\/\/trockenholzlager.com\/index.php\/wp-json\/wp\/v2\/media\/8588"}],"wp:attachment":[{"href":"https:\/\/trockenholzlager.com\/index.php\/wp-json\/wp\/v2\/media?parent=8587"}],"wp:term":[{"taxonomy":"product_brand","embeddable":true,"href":"https:\/\/trockenholzlager.com\/index.php\/wp-json\/wp\/v2\/product_brand?post=8587"},{"taxonomy":"product_cat","embeddable":true,"href":"https:\/\/trockenholzlager.com\/index.php\/wp-json\/wp\/v2\/product_cat?post=8587"},{"taxonomy":"product_tag","embeddable":true,"href":"https:\/\/trockenholzlager.com\/index.php\/wp-json\/wp\/v2\/product_tag?post=8587"}],"curies":[{"name":"wp","href":"https:\/\/api.w.org\/{rel}","templated":true}]}}