{"id":8561,"date":"2023-09-08T23:17:27","date_gmt":"2023-09-08T21:17:27","guid":{"rendered":"https:\/\/trockenholzlager.com\/?post_type=product&#038;p=8561"},"modified":"2026-01-27T03:49:35","modified_gmt":"2026-01-27T08:49:35","slug":"elektrische-holzsage-scheppach-hs720-3000-w","status":"publish","type":"product","link":"https:\/\/trockenholzlager.com\/index.php\/produit\/elektrische-holzsage-scheppach-hs720-3000-w\/","title":{"rendered":"Elektrische Holzs\u00e4ge SCHEPPACH Hs720, 3000 W"},"content":{"rendered":"<p>&#8211; Leistungsstarkes 700 mm langes Hartmetalls\u00e4geblatt, erm\u00f6glicht das S\u00e4gen von allen Holzarten. &#8211; Robuste und nicht verformbare Stahlkonstruktion. &#8211; Hohe Schnittleistung dank des leistungsstarken Motors. &#8211; Geschlossener S\u00e4gebereich, garantierte Sicherheit. &#8211; Erm\u00f6glicht schnelles Arbeiten dank ergonomischem Design und patentierter Schutzabdeckung. &#8211; Erleichtert die Arbeit dank der idealen Position des Gelenkpunktes des S\u00e4gebocks &#8211; Wird zusammengebaut geliefert und ist sofort einsatzbereit. &#8211; Erm\u00f6glicht das gleichzeitige S\u00e4gen mehrerer Holzst\u00fccke.<\/p>\n<p>700 MM HACKSAW Starke Schnittleistung dank eines leistungsstarken Motors. Eine maschinengeschwei\u00dfte Stahlkonstruktion sorgt f\u00fcr eine lange Lebensdauer dieser Holzs\u00e4ge und der optimal positionierte Drehpunkt des B\u00f6ckchens erleichtert die Arbeit.<\/p>\n<p>Schnittleistung (in mm) 230<br \/>\nS\u00e4geblattl\u00e4nge (in mm) 700<br \/>\nZahnart Haken<br \/>\nAnzahl der Z\u00e4hne 42<br \/>\nMaximale L\u00e4nge der St\u00e4mme (in cm) 150<br \/>\nMesser sch\u00e4rfbar Ja<br \/>\nMit W\u00e4rmeschutzschalter Ja<br \/>\nAuf R\u00e4dern montiert Ja<br \/>\nGewicht des nackten Produkts (in kg) 95,5<br \/>\nSchalldruckpegel (in dB) 97<br \/>\nMotortyp einphasig 230 V<br \/>\nLeistung (in W) 3000<br \/>\nArt der Blattbremse Motorbremse<br \/>\nVerpacktes Produkt: H\u00f6he (in cm) 130<br \/>\nVerpacktes Produkt: Breite (in cm) 120<br \/>\nVerpacktes Produkt: Tiefe (in cm) 80<br \/>\nVerpacktes Produkt: Gewicht (in kg) 117<br \/>\nHinweis zur Sortiergeste (Triman) Auf unsere Produkte und Verpackungen kann ein Sortierpfand erhoben werden. F\u00fcr weitere Informationen besuchen Sie bitte: www.quefairedemesdechets.fr<br \/>\nDrehzahl (in U\/min) 1380<br \/>\nGarantie (einschlie\u00dflich der gesetzlichen Konformit\u00e4tsgarantie) (in Jahren) 5<\/p>\n","protected":false},"excerpt":{"rendered":"<p>&#8211; Leistungsstarkes 700 mm langes Hartmetalls\u00e4geblatt, erm\u00f6glicht das S\u00e4gen von allen Holzarten. &#8211; Robuste und nicht verformbare Stahlkonstruktion. &#8211; Hohe<\/p>\n","protected":false},"featured_media":8562,"template":"","meta":{"content-type":""},"product_brand":[],"product_cat":[75],"product_tag":[],"class_list":{"0":"post-8561","1":"product","2":"type-product","3":"status-publish","4":"has-post-thumbnail","6":"product_cat-wood-saw","8":"first","9":"instock","10":"shipping-taxable","11":"purchasable","12":"product-type-simple"},"jetpack_sharing_enabled":true,"_links":{"self":[{"href":"https:\/\/trockenholzlager.com\/index.php\/wp-json\/wp\/v2\/product\/8561","targetHints":{"allow":["GET"]}}],"collection":[{"href":"https:\/\/trockenholzlager.com\/index.php\/wp-json\/wp\/v2\/product"}],"about":[{"href":"https:\/\/trockenholzlager.com\/index.php\/wp-json\/wp\/v2\/types\/product"}],"version-history":[{"count":0,"href":"https:\/\/trockenholzlager.com\/index.php\/wp-json\/wp\/v2\/product\/8561\/revisions"}],"wp:featuredmedia":[{"embeddable":true,"href":"https:\/\/trockenholzlager.com\/index.php\/wp-json\/wp\/v2\/media\/8562"}],"wp:attachment":[{"href":"https:\/\/trockenholzlager.com\/index.php\/wp-json\/wp\/v2\/media?parent=8561"}],"wp:term":[{"taxonomy":"product_brand","embeddable":true,"href":"https:\/\/trockenholzlager.com\/index.php\/wp-json\/wp\/v2\/product_brand?post=8561"},{"taxonomy":"product_cat","embeddable":true,"href":"https:\/\/trockenholzlager.com\/index.php\/wp-json\/wp\/v2\/product_cat?post=8561"},{"taxonomy":"product_tag","embeddable":true,"href":"https:\/\/trockenholzlager.com\/index.php\/wp-json\/wp\/v2\/product_tag?post=8561"}],"curies":[{"name":"wp","href":"https:\/\/api.w.org\/{rel}","templated":true}]}}