{"id":8489,"date":"2023-09-08T20:51:30","date_gmt":"2023-09-08T18:51:30","guid":{"rendered":"https:\/\/trockenholzlager.com\/?post_type=product&#038;p=8489"},"modified":"2026-01-27T03:49:35","modified_gmt":"2026-01-27T08:49:35","slug":"holzwagen-schwarz-dixneuf-carry-b-64-x-h-101-cm","status":"publish","type":"product","link":"https:\/\/trockenholzlager.com\/index.php\/produit\/holzwagen-schwarz-dixneuf-carry-b-64-x-h-101-cm\/","title":{"rendered":"Holzwagen schwarz DIXNEUF Carry B.64 x H.101 cm"},"content":{"rendered":"<p>Franz\u00f6sisch Herstellung Dieser Wagen erm\u00f6glicht es Ihnen, St\u00e4mme von beliebiger L\u00e4nge (zwischen 30 und 50 cm) oder S\u00e4cke von Pellets (3 S\u00e4cke) zu transportieren. Kapazit\u00e4t: bis zu 50 kg Besonders widerstandsf\u00e4hig.<\/p>\n<p>BLACK BOOK CARRY Abmessungen L.57 x B.64 x H.101 Kapazit\u00e4t: 50 kg, 20 Scheite von 50 cm oder 28 Scheite von 30 cm.<\/p>\n<p>Produktname Brennholzwagen<br \/>\nMarke des Produkts DIXNEUF<br \/>\nHandelsbezeichnung CARRY<br \/>\nHauptmaterial Stahl<br \/>\nFassungsverm\u00f6gen (in kg) 0<br \/>\nBreite (in cm) 64<br \/>\nH\u00f6he (in cm) 101<br \/>\nMaximale Gr\u00f6\u00dfe der St\u00e4mme (in cm) 50<br \/>\nAusziehbar Nein<br \/>\nRollbar Ja<br \/>\nZusammenklappbar Nein<br \/>\nFranz\u00f6sisches Herstellerzeichen OFG<br \/>\nGarantie (einschlie\u00dflich der gesetzlichen Konformit\u00e4tsgarantie) (in Jahren) 2<br \/>\nGewicht des nackten Produkts (in kg) 14<br \/>\nVerpacktes Produkt: Gewicht (in kg) 14<br \/>\nVerpacktes Produkt: Breite (in cm) 64<br \/>\nVerpacktes Produkt: H\u00f6he (in cm) 101<br \/>\nVerpacktes Produkt: Tiefe (in cm) 57<\/p>\n","protected":false},"excerpt":{"rendered":"<p>Franz\u00f6sisch Herstellung Dieser Wagen erm\u00f6glicht es Ihnen, St\u00e4mme von beliebiger L\u00e4nge (zwischen 30 und 50 cm) oder S\u00e4cke von Pellets<\/p>\n","protected":false},"featured_media":8490,"template":"","meta":{"content-type":""},"product_brand":[],"product_cat":[73],"product_tag":[],"class_list":{"0":"post-8489","1":"product","2":"type-product","3":"status-publish","4":"has-post-thumbnail","6":"product_cat-wooden-trolley","8":"first","9":"instock","10":"shipping-taxable","11":"purchasable","12":"product-type-simple"},"jetpack_sharing_enabled":true,"_links":{"self":[{"href":"https:\/\/trockenholzlager.com\/index.php\/wp-json\/wp\/v2\/product\/8489","targetHints":{"allow":["GET"]}}],"collection":[{"href":"https:\/\/trockenholzlager.com\/index.php\/wp-json\/wp\/v2\/product"}],"about":[{"href":"https:\/\/trockenholzlager.com\/index.php\/wp-json\/wp\/v2\/types\/product"}],"version-history":[{"count":0,"href":"https:\/\/trockenholzlager.com\/index.php\/wp-json\/wp\/v2\/product\/8489\/revisions"}],"wp:featuredmedia":[{"embeddable":true,"href":"https:\/\/trockenholzlager.com\/index.php\/wp-json\/wp\/v2\/media\/8490"}],"wp:attachment":[{"href":"https:\/\/trockenholzlager.com\/index.php\/wp-json\/wp\/v2\/media?parent=8489"}],"wp:term":[{"taxonomy":"product_brand","embeddable":true,"href":"https:\/\/trockenholzlager.com\/index.php\/wp-json\/wp\/v2\/product_brand?post=8489"},{"taxonomy":"product_cat","embeddable":true,"href":"https:\/\/trockenholzlager.com\/index.php\/wp-json\/wp\/v2\/product_cat?post=8489"},{"taxonomy":"product_tag","embeddable":true,"href":"https:\/\/trockenholzlager.com\/index.php\/wp-json\/wp\/v2\/product_tag?post=8489"}],"curies":[{"name":"wp","href":"https:\/\/api.w.org\/{rel}","templated":true}]}}