{"id":8486,"date":"2023-09-08T20:50:09","date_gmt":"2023-09-08T18:50:09","guid":{"rendered":"https:\/\/trockenholzlager.com\/?post_type=product&#038;p=8486"},"modified":"2026-01-27T03:49:35","modified_gmt":"2026-01-27T08:49:35","slug":"holzwagen-sandgestrahlt-grau-dixneuf-kaddy-b-49-x-h-94-cm","status":"publish","type":"product","link":"https:\/\/trockenholzlager.com\/index.php\/produit\/holzwagen-sandgestrahlt-grau-dixneuf-kaddy-b-49-x-h-94-cm\/","title":{"rendered":"Holzwagen sandgestrahlt grau DIXNEUF Kaddy B.49 x H.94 cm"},"content":{"rendered":"<p>Franz\u00f6sisch Herstellung Widerstandsf\u00e4hig und funktional, erm\u00f6glicht es Ihnen, eine gro\u00dfe Anzahl von Protokollen zu transportieren und gleichzeitig seine \u00e4sthetische Seite in Ihrem Haus.<\/p>\n<p>HOLZWAGEN KADDY GRAU<\/p>\n<p>Produktname Holzkarre<br \/>\nMarke des Produkts DIXNEUF<br \/>\nHandelsname KADDY<br \/>\nFarbfamilie Grau\/Silber<br \/>\nHauptmaterial Stahl<br \/>\nFassungsverm\u00f6gen (in kg) 0<br \/>\nBreite (in cm) 49<br \/>\nH\u00f6he (in cm) 94<br \/>\nTiefe (in cm) 48<br \/>\nMaximale Gr\u00f6\u00dfe der St\u00e4mme (in cm) 40<br \/>\nAusziehbar Nein<br \/>\nRollbar Ja<br \/>\nZusammenklappbar Nein<br \/>\nFranz\u00f6sisches Herstellerzeichen OFG<br \/>\nGarantie (einschlie\u00dflich der gesetzlichen Konformit\u00e4tsgarantie) (in Jahren) 2<br \/>\nGewicht des nackten Produkts (in kg) 16,8<br \/>\nVerpacktes Produkt: Gewicht (in kg) 16,8<br \/>\nVerpacktes Produkt: Breite (in cm) 52<br \/>\nVerpacktes Produkt: H\u00f6he (in cm) 96<br \/>\nVerpacktes Produkt: Tiefe (in cm) 51<\/p>\n","protected":false},"excerpt":{"rendered":"<p>Franz\u00f6sisch Herstellung Widerstandsf\u00e4hig und funktional, erm\u00f6glicht es Ihnen, eine gro\u00dfe Anzahl von Protokollen zu transportieren und gleichzeitig seine \u00e4sthetische Seite<\/p>\n","protected":false},"featured_media":8487,"template":"","meta":{"content-type":""},"product_brand":[],"product_cat":[73],"product_tag":[],"class_list":{"0":"post-8486","1":"product","2":"type-product","3":"status-publish","4":"has-post-thumbnail","6":"product_cat-wooden-trolley","8":"first","9":"instock","10":"shipping-taxable","11":"purchasable","12":"product-type-simple"},"jetpack_sharing_enabled":true,"_links":{"self":[{"href":"https:\/\/trockenholzlager.com\/index.php\/wp-json\/wp\/v2\/product\/8486","targetHints":{"allow":["GET"]}}],"collection":[{"href":"https:\/\/trockenholzlager.com\/index.php\/wp-json\/wp\/v2\/product"}],"about":[{"href":"https:\/\/trockenholzlager.com\/index.php\/wp-json\/wp\/v2\/types\/product"}],"version-history":[{"count":0,"href":"https:\/\/trockenholzlager.com\/index.php\/wp-json\/wp\/v2\/product\/8486\/revisions"}],"wp:featuredmedia":[{"embeddable":true,"href":"https:\/\/trockenholzlager.com\/index.php\/wp-json\/wp\/v2\/media\/8487"}],"wp:attachment":[{"href":"https:\/\/trockenholzlager.com\/index.php\/wp-json\/wp\/v2\/media?parent=8486"}],"wp:term":[{"taxonomy":"product_brand","embeddable":true,"href":"https:\/\/trockenholzlager.com\/index.php\/wp-json\/wp\/v2\/product_brand?post=8486"},{"taxonomy":"product_cat","embeddable":true,"href":"https:\/\/trockenholzlager.com\/index.php\/wp-json\/wp\/v2\/product_cat?post=8486"},{"taxonomy":"product_tag","embeddable":true,"href":"https:\/\/trockenholzlager.com\/index.php\/wp-json\/wp\/v2\/product_tag?post=8486"}],"curies":[{"name":"wp","href":"https:\/\/api.w.org\/{rel}","templated":true}]}}