{"id":9136,"date":"2023-09-17T19:06:51","date_gmt":"2023-09-17T17:06:51","guid":{"rendered":"https:\/\/trockenholzlager.com\/?page_id=9136"},"modified":"2024-11-20T13:32:24","modified_gmt":"2024-11-20T18:32:24","slug":"zahlungsmittel","status":"publish","type":"page","link":"https:\/\/trockenholzlager.com\/index.php\/zahlungsmittel\/","title":{"rendered":"Zahlungsmittel"},"content":{"rendered":"\t\t<div data-elementor-type=\"wp-page\" data-elementor-id=\"9136\" class=\"elementor elementor-9136\">\n\t\t\t\t\t\t<section class=\"elementor-section elementor-top-section elementor-element elementor-element-27881e1 elementor-section-boxed elementor-section-height-default elementor-section-height-default wd-section-disabled\" data-id=\"27881e1\" data-element_type=\"section\" data-e-type=\"section\">\n\t\t\t\t\t\t<div class=\"elementor-container elementor-column-gap-default\">\n\t\t\t\t\t<div class=\"elementor-column elementor-col-100 elementor-top-column elementor-element elementor-element-5c9d1cd\" data-id=\"5c9d1cd\" data-element_type=\"column\" data-e-type=\"column\">\n\t\t\t<div class=\"elementor-widget-wrap elementor-element-populated\">\n\t\t\t\t\t\t<div class=\"elementor-element elementor-element-daccffa elementor-widget elementor-widget-wd_text_block\" data-id=\"daccffa\" data-element_type=\"widget\" data-e-type=\"widget\" data-widget_type=\"wd_text_block.default\">\n\t\t\t\t<div class=\"elementor-widget-container\">\n\t\t\t\t\t\t\t<div class=\"wd-text-block reset-last-child text-left\">\n\t\t\t\n\t\t\t<p>Sicheres Bezahlen<br \/>Unsere sichere Bezahlung<br \/>Sie k\u00f6nnen online mit Kreditkarte bezahlen. Die Transaktionen sind durch SSL gesichert. Alle Ihre Daten werden ausschlie\u00dflich zwischen Ihnen und der Bank in v\u00f6lliger Sicherheit \u00fcbertragen.<br \/>Mit Visa\/Mastercard\/Paypal<br \/>Wir akzeptieren Zahlungen mit den meisten Bankkarten, entweder \u00fcber die Plattform des Cr\u00e9dit Agricole oder \u00fcber Paypal.<br \/>Bank\u00fcberweisung<br \/>Zahlung per Bank\u00fcberweisung<br \/>Viele von Ihnen haben uns mitgeteilt, dass Sie nur ungern mit einer Bankkarte online bezahlen. Aus diesem Grund haben wir die Zahlung per Bank\u00fcberweisung eingef\u00fchrt.<br \/>Durch die Verwendung der Zahlungsmethode Bank\u00fcberweisung sind Sie doppelt gesch\u00fctzt:<br \/>1\/ Sie brauchen Ihre Bankkarte nicht mehr zu benutzen. Die Transaktion findet direkt zwischen Ihrer und unserer Bank statt.<\/p><p>2\/ Wenn Sie per Bank\u00fcberweisung zahlen, k\u00f6nnen wir Ihnen im Falle eines Problems den Betrag genauso einfach zur\u00fcckerstatten, wie wenn Sie per Kreditkarte zahlen.<br \/>Schlie\u00dflich geht es genauso schnell wie bei der Zahlung mit einer Kreditkarte. Sie erhalten Ihr Produkt sofort.<br \/>Wie kann ich per Bank\u00fcberweisung bezahlen?<br \/>Bei der Best\u00e4tigung Ihres Warenkorbs m\u00fcssen Sie nur die Zahlungsart Bank\u00fcberweisung ausw\u00e4hlen. Nach der Best\u00e4tigung Ihrer Bestellung erhalten Sie die Bankverbindung, \u00fcber die Sie Ihre Bestellung bezahlen m\u00fcssen.<\/p><p>Um die Bearbeitung zu erleichtern, geben Sie bitte die Auftragsnummer auf Ihrem \u00dcberweisungsauftrag an.<br \/>Der Auftrag wird erst nach Eingang der \u00dcberweisung endg\u00fcltig best\u00e4tigt. Sie erhalten dann eine Best\u00e4tigungs-E-Mail.<br \/>Hinweis<br \/>Die bestellten Produkte werden f\u00fcr einen Zeitraum von 3 Tagen reserviert. Nach Ablauf dieser Frist und ohne Zahlungseingang werden die Produkte automatisch wieder auf Lager gelegt und die Bestellung wird storniert.<\/p>\n\t\t\t\t\t<\/div>\n\t\t\t\t\t\t<\/div>\n\t\t\t\t<\/div>\n\t\t\t\t\t<\/div>\n\t\t<\/div>\n\t\t\t\t\t<\/div>\n\t\t<\/section>\n\t\t\t\t<\/div>\n\t\t","protected":false},"excerpt":{"rendered":"<p>Sicheres BezahlenUnsere sichere BezahlungSie k\u00f6nnen online mit Kreditkarte bezahlen. Die Transaktionen sind durch SSL gesichert. Alle Ihre Daten werden ausschlie\u00dflich<\/p>\n","protected":false},"author":1,"featured_media":0,"parent":0,"menu_order":0,"comment_status":"closed","ping_status":"closed","template":"elementor_header_footer","meta":{"content-type":"","footnotes":""},"class_list":["post-9136","page","type-page","status-publish","hentry"],"jetpack_sharing_enabled":true,"_links":{"self":[{"href":"https:\/\/trockenholzlager.com\/index.php\/wp-json\/wp\/v2\/pages\/9136","targetHints":{"allow":["GET"]}}],"collection":[{"href":"https:\/\/trockenholzlager.com\/index.php\/wp-json\/wp\/v2\/pages"}],"about":[{"href":"https:\/\/trockenholzlager.com\/index.php\/wp-json\/wp\/v2\/types\/page"}],"author":[{"embeddable":true,"href":"https:\/\/trockenholzlager.com\/index.php\/wp-json\/wp\/v2\/users\/1"}],"replies":[{"embeddable":true,"href":"https:\/\/trockenholzlager.com\/index.php\/wp-json\/wp\/v2\/comments?post=9136"}],"version-history":[{"count":0,"href":"https:\/\/trockenholzlager.com\/index.php\/wp-json\/wp\/v2\/pages\/9136\/revisions"}],"wp:attachment":[{"href":"https:\/\/trockenholzlager.com\/index.php\/wp-json\/wp\/v2\/media?parent=9136"}],"curies":[{"name":"wp","href":"https:\/\/api.w.org\/{rel}","templated":true}]}}