{"id":9134,"date":"2023-09-17T19:04:24","date_gmt":"2023-09-17T17:04:24","guid":{"rendered":"https:\/\/trockenholzlager.com\/?page_id=9134"},"modified":"2024-11-20T13:28:27","modified_gmt":"2024-11-20T18:28:27","slug":"datenschutzbestimmungen","status":"publish","type":"page","link":"https:\/\/trockenholzlager.com\/index.php\/datenschutzbestimmungen\/","title":{"rendered":"Datenschutzbestimmungen"},"content":{"rendered":"\t\t<div data-elementor-type=\"wp-page\" data-elementor-id=\"9134\" class=\"elementor elementor-9134\">\n\t\t\t\t\t\t<section class=\"elementor-section elementor-top-section elementor-element elementor-element-a159658 elementor-section-boxed elementor-section-height-default elementor-section-height-default wd-section-disabled\" data-id=\"a159658\" data-element_type=\"section\" data-e-type=\"section\">\n\t\t\t\t\t\t<div class=\"elementor-container elementor-column-gap-default\">\n\t\t\t\t\t<div class=\"elementor-column elementor-col-100 elementor-top-column elementor-element elementor-element-847c225\" data-id=\"847c225\" data-element_type=\"column\" data-e-type=\"column\">\n\t\t\t<div class=\"elementor-widget-wrap elementor-element-populated\">\n\t\t\t\t\t\t<div class=\"elementor-element elementor-element-6f61942 elementor-widget elementor-widget-wd_text_block\" data-id=\"6f61942\" data-element_type=\"widget\" data-e-type=\"widget\" data-widget_type=\"wd_text_block.default\">\n\t\t\t\t<div class=\"elementor-widget-container\">\n\t\t\t\t\t\t\t<div class=\"wd-text-block reset-last-child text-left\">\n\t\t\t\n\t\t\t<p>Allgemeine Nutzungsbedingungen - Personenbezogene Daten<br \/>Definitionen:<br \/>Der Herausgeber : trockenholzlager<br \/>Die Website : https:\/\/trockenholzlager.com<br \/>Der Nutzer : Die Person, die die Website und die Dienste nutzt.<br \/>Art der erhobenen Daten<br \/>Im Rahmen der Nutzung der Websites kann der Herausgeber die folgenden Kategorien von Daten \u00fcber seine Nutzer sammeln:<\/p><p>Personenstand, Identit\u00e4t, Identifikationsdaten usw.<br \/>Weitergabe von personenbezogenen Daten an Dritte<br \/>\u00dcbermittlung an Beh\u00f6rden aufgrund rechtlicher Verpflichtungen<br \/>Aufgrund gesetzlicher Verpflichtungen k\u00f6nnen Ihre personenbezogenen Daten in \u00dcbereinstimmung mit einem Gesetz, einer Verordnung oder aufgrund einer Entscheidung einer zust\u00e4ndigen Aufsichts- oder Justizbeh\u00f6rde weitergegeben werden. Im Allgemeinen verpflichten wir uns zur Einhaltung aller gesetzlichen Bestimmungen, die die Verbreitung von Informationen oder Daten verhindern, einschr\u00e4nken oder regeln k\u00f6nnten, und insbesondere zur Einhaltung des Gesetzes Nr. 78-17 vom 6. Januar 1978 \u00fcber Informatik, Dateien und Freiheiten.<\/p><p>Weitergabe an Dritte auf der Grundlage der Kontoeinstellungen<br \/>Ihre pers\u00f6nlichen Daten werden streng vertraulich behandelt und d\u00fcrfen nicht an Dritte weitergegeben werden, es sei denn, Sie haben \u00fcber Ihre Kontoeinstellungen Ihre ausdr\u00fcckliche Zustimmung erteilt.<br \/>G\u00fcltigkeit der Bedingungen f\u00fcr die Weiterverwendung von personenbezogenen Daten<br \/>Keine Verpflichtung zur Geltung der Bedingungen und zur Unterwerfung unter bestimmte vertragliche Verpflichtungen<br \/>. Werden Ihre personenbezogenen Daten an Dritte weitergegeben, beh\u00e4lt sich der Herausgeber das Recht vor, die Bedingungen f\u00fcr die Weiterverwendung der Daten mit Ihnen vertraglich festzulegen.<\/p><p>Vorabinformation \u00fcber die Weitergabe von personenbezogenen Daten an Dritte im Falle einer Fusion\/\u00dcbernahme<br \/>Einholung der Zustimmung (Opt-in) vor der Weitergabe von Daten nach einer Fusion\/Akquisition.<br \/>F\u00fcr den Fall, dass wir eine Fusion, eine \u00dcbernahme oder eine andere Form der \u00dcbertragung von Verm\u00f6genswerten vornehmen, verpflichten wir uns, Ihre vorherige Zustimmung zur \u00dcbertragung Ihrer personenbezogenen Daten einzuholen und die Vertraulichkeit Ihrer personenbezogenen Daten, f\u00fcr die Sie Ihre Zustimmung erteilt haben, zu wahren.<br \/>Datenaggregation<\/p><p>Aggregation mit nicht-personenbezogenen Daten<br \/>Wir k\u00f6nnen zusammengefasste Daten (Daten, die sich auf alle unsere Nutzer oder auf bestimmte Gruppen oder Kategorien von Nutzern beziehen und die wir so zusammenfassen, dass kein einzelner Nutzer identifiziert oder genannt werden kann) und nicht-personenbezogene Daten f\u00fcr Branchen- und Marktanalysen, demografische Profilerstellung, Werbe- und verkaufsf\u00f6rdernde Zwecke und andere Gesch\u00e4ftszwecke ver\u00f6ffentlichen, offenlegen und verwenden.<br \/>Zusammenf\u00fchrung mit personenbezogenen Daten, die in den sozialen Konten des Nutzers verf\u00fcgbar sind.<br \/>Wenn Sie Ihr Konto mit einem Konto bei einem anderen Dienst zum Zwecke des Cross-Sendings verbinden, kann dieser Dienst Ihr Profil und Ihre Verbindungsdaten sowie alle anderen von Ihnen genehmigten Daten an uns weitergeben. Wir k\u00f6nnen Informationen \u00fcber alle unsere anderen Nutzer, Gruppen, Konten und pers\u00f6nlichen Informationen, die \u00fcber den Nutzer verf\u00fcgbar sind, zusammenfassen.<\/p><p>Erhebung von Identit\u00e4tsdaten<br \/>Kostenlose Beratung<br \/>Um die Website zu konsultieren, ist keine Registrierung oder vorherige Identifizierung erforderlich. Dies ist m\u00f6glich, ohne dass Sie pers\u00f6nliche Daten \u00fcber sich angeben (Name, Vorname, Adresse usw.). F\u00fcr den blo\u00dfen Besuch der Website erheben wir keine personenbezogenen Daten.<br \/>Erhebung von Identifikationsdaten<br \/>Verwendung der Benutzerkennung nur f\u00fcr den Zugang zu den Diensten<br \/>Wir verwenden Ihre elektronischen Identifikatoren nur f\u00fcr und w\u00e4hrend der Vertragsabwicklung.<br \/>Erhebung von Endger\u00e4tedaten<br \/>Keine Erhebung von technischen Daten<br \/>Wir erheben und speichern keine technischen Daten \u00fcber Ihr Ger\u00e4t (IP-Adresse, Internet-Provider, etc.).<br \/>Cookies<br \/>Aufbewahrungsfrist f\u00fcr Cookies<br \/>Gem\u00e4\u00df den Empfehlungen der CNIL betr\u00e4gt die maximale Aufbewahrungsdauer von Cookies maximal 13 Monate ab ihrer ersten Hinterlegung auf dem Endger\u00e4t des Nutzers, ebenso wie die G\u00fcltigkeitsdauer der Zustimmung des Nutzers zur Verwendung dieser Cookies. Die Lebensdauer der Cookies verl\u00e4ngert sich nicht mit jedem Besuch. Die Zustimmung des Nutzers muss daher nach Ablauf dieser Frist erneuert werden.<br \/>Zweck der Cookies<br \/>Cookies k\u00f6nnen zu statistischen Zwecken verwendet werden, insbesondere zur Optimierung der dem Nutzer angebotenen Dienste, von der Verarbeitung von Informationen \u00fcber die H\u00e4ufigkeit der Zugriffe \u00fcber die Personalisierung der Seiten bis hin zu den durchgef\u00fchrten Vorg\u00e4ngen und den abgerufenen Informationen.<\/p><p>Sie werden dar\u00fcber informiert, dass der Herausgeber Cookies auf Ihrem Ger\u00e4t platzieren kann. Das Cookie speichert Informationen \u00fcber die Navigation auf dem Dienst (die Seiten, die Sie besucht haben, Datum und Uhrzeit der Abfrage usw.), die wir bei Ihren sp\u00e4teren Besuchen lesen k\u00f6nnen.<br \/>Der Nutzer hat das Recht, Cookies abzulehnen, da ihre Deaktivierung zu einer Beeintr\u00e4chtigung der Funktionsweise des Dienstes f\u00fchren wird.<br \/>Sie best\u00e4tigen, dass Sie dar\u00fcber informiert wurden, dass der Herausgeber Cookies verwenden kann, und dass Sie ihn dazu erm\u00e4chtigen. Wenn Sie die Verwendung von Cookies auf Ihrem Ger\u00e4t nicht w\u00fcnschen, bieten die meisten Browser die M\u00f6glichkeit, Cookies \u00fcber die Einstellungsoptionen zu deaktivieren. Sie werden jedoch darauf hingewiesen, dass bestimmte Dienste m\u00f6glicherweise nicht mehr ordnungsgem\u00e4\u00df funktionieren.<\/p><p>M\u00f6gliche Verkn\u00fcpfung von Cookies mit personenbezogenen Daten, um den Betrieb des Dienstes zu erm\u00f6glichen.<br \/>Der Herausgeber kann mit Hilfe von Cookies Informationen \u00fcber die Navigation sammeln.<br \/>Aufbewahrung der technischen Daten<br \/>Dauer der Aufbewahrung der technischen Daten: Technisch<br \/>Die Daten werden so lange aufbewahrt, wie es f\u00fcr die Erf\u00fcllung der oben genannten Zwecke unbedingt erforderlich ist.<br \/>Dauer der Speicherung von personenbezogenen Daten und Anonymisierung<br \/>Speicherung der Daten f\u00fcr die Dauer des Vertragsverh\u00e4ltnisses<br \/>Gem\u00e4\u00df Artikel 6-5\u00b0 des Gesetzes Nr. 78-17 vom 6. Januar 1978 \u00fcber die Datenverarbeitung, die Dateien und die Freiheiten werden die personenbezogenen Daten, die Gegenstand der Verarbeitung sind, nicht \u00fcber den Zeitraum hinaus gespeichert, der f\u00fcr die Erf\u00fcllung der bei Vertragsabschluss festgelegten Verpflichtungen erforderlich ist, oder die vorher festgelegte Dauer des Vertragsverh\u00e4ltnisses ist erforderlich.<\/p><p>Speicherung von anonymisierten Daten \u00fcber das Vertragsverh\u00e4ltnis hinaus \/ nach L\u00f6schung des Kontos<br \/>Wir bewahren personenbezogene Daten so lange auf, wie es zur Erreichung der in diesen AGB beschriebenen Zwecke unbedingt erforderlich ist. \u00dcber diesen Zeitraum hinaus werden sie anonymisiert und ausschlie\u00dflich zu statistischen Zwecken gespeichert und f\u00fchren zu keiner Verwertung.<\/p><p>L\u00f6schung von Daten nach L\u00f6schung des Kontos<br \/>Es werden Ma\u00dfnahmen zur L\u00f6schung der Daten ergriffen, um ihre wirksame L\u00f6schung zu gew\u00e4hrleisten, sobald die Aufbewahrungs- oder Archivierungsfrist, die zur Erreichung der festgelegten oder angegebenen Zwecke erforderlich ist, erreicht ist. Gem\u00e4\u00df dem Gesetz Nr. 78-17 vom 6. Januar 1978 \u00fcber die Datenverarbeitung, Dateien und Freiheiten haben Sie au\u00dferdem das Recht, Ihre Daten zu l\u00f6schen, das Sie jederzeit aus\u00fcben k\u00f6nnen, indem Sie sich an den Herausgeber wenden.<br \/>L\u00f6schung der Daten nach 3 Jahren der Inaktivit\u00e4t.<\/p><p>Wenn Sie sich aus Sicherheitsgr\u00fcnden drei Jahre lang nicht auf der Website authentifiziert haben, erhalten Sie eine E-Mail, in der Sie aufgefordert werden, sich so bald wie m\u00f6glich anzumelden, ohne dass Ihre Daten aus unseren Datenbanken gel\u00f6scht werden.<br \/>L\u00f6schung des Kontos<br \/>L\u00f6schung des Kontos auf Antrag<br \/>Der Nutzer hat die M\u00f6glichkeit, sein Konto jederzeit zu l\u00f6schen, indem er einfach einen Antrag an den Herausgeber stellt ODER, falls zutreffend, \u00fcber das Men\u00fc \u201eKontol\u00f6schung\u201c in den Kontoeinstellungen.<br \/>L\u00f6schung des Kontos bei Versto\u00df gegen die AGB Im Falle eines<br \/>Versto\u00dfes gegen eine oder mehrere Bestimmungen der Allgemeinen Gesch\u00e4ftsbedingungen oder eines anderen Dokuments, auf das hier Bezug genommen wird, beh\u00e4lt sich der Herausgeber das Recht vor, die Nutzung des Kontos ohne vorherige Ank\u00fcndigung zu beenden oder einzuschr\u00e4nken.<\/p><p>Benachrichtigungen im Falle einer vom Herausgeber festgestellten Sicherheitsverletzung<br \/>Informationen f\u00fcr den Nutzer im Falle eines Sicherheitsversto\u00dfes<br \/>Wir verpflichten uns, alle angemessenen technischen und organisatorischen Ma\u00dfnahmen zu ergreifen, um ein Sicherheitsniveau zu gew\u00e4hrleisten, das den Risiken eines versehentlichen, unbefugten oder illegalen Zugriffs, einer Offenlegung, \u00c4nderung, eines Verlusts oder einer Zerst\u00f6rung der Sie betreffenden personenbezogenen Daten angemessen ist. F\u00fcr den Fall, dass wir von einem unrechtm\u00e4\u00dfigen Zugriff auf die Sie betreffenden personenbezogenen Daten, die auf unseren Servern oder denen unserer Dienstleister gespeichert sind, oder von einem unbefugten Zugriff, der zur Verwirklichung der oben genannten Risiken f\u00fchrt, Kenntnis erhalten, verpflichten wir uns:<\/p><p>Sie so schnell wie m\u00f6glich \u00fcber den Vorfall zu benachrichtigen;<br \/>die Ursachen des Vorfalls zu untersuchen und Sie zu informieren;<br \/>im Rahmen des Zumutbaren die erforderlichen Ma\u00dfnahmen zu ergreifen, um die negativen Auswirkungen und Sch\u00e4den, die sich aus dem besagten Vorfall ergeben k\u00f6nnen, zu verringern<br \/>Beschr\u00e4nkung der Haftung<br \/>Die im vorangegangenen Punkt definierten Verpflichtungen zur Benachrichtigung im Falle einer Sicherheitsverletzung k\u00f6nnen keinesfalls mit der Anerkennung eines Verschuldens oder einer Verantwortung f\u00fcr das Auftreten des betreffenden Vorfalls gleichgesetzt werden.<br \/>\u00dcbermittlung von personenbezogenen Daten ins Ausland<br \/>\u00dcbermittlung von Daten in L\u00e4nder mit einem gleichwertigen Schutzniveau<br \/>Der Verlag verpflichtet sich, die f\u00fcr den Datentransfer ins Ausland geltenden Vorschriften, insbesondere die nachfolgenden Bestimmungen, einzuhalten:<\/p><p>Der Herausgeber \u00fcbermittelt die personenbezogenen Daten seiner Nutzer in L\u00e4nder, die als L\u00e4nder mit einem gleichwertigen Schutzniveau anerkannt sind.<br \/>Der Herausgeber \u00fcbermittelt die personenbezogenen Daten seiner Nutzer in L\u00e4nder, die von der CNIL als L\u00e4nder mit einem angemessenen Schutzniveau anerkannt sind: Der Herausgeber hat von der CNIL die Genehmigung zur Durchf\u00fchrung dieser \u00dcbermittlung erhalten.<br \/>Um die Liste dieser L\u00e4nder zu erfahren: CNIL - Datenschutz weltweit<br \/>\u00c4nderungen der Allgemeinen Gesch\u00e4ftsbedingungen und der Vertraulichkeitserkl\u00e4rung<br \/>Im Falle einer \u00c4nderung dieser Allgemeinen Gesch\u00e4ftsbedingungen verpflichten wir uns, das Niveau der Vertraulichkeit nicht wesentlich zu verringern, ohne die betroffenen Personen vorher zu informieren.<br \/>Wir verpflichten uns, Sie im Falle einer wesentlichen \u00c4nderung dieser Allgemeinen Gesch\u00e4ftsbedingungen zu informieren und die Vertraulichkeit Ihrer Daten nicht in erheblichem Ma\u00dfe einzuschr\u00e4nken, ohne Sie dar\u00fcber zu informieren und Ihre Zustimmung einzuholen.<br \/>Geltendes Recht und R\u00fcckgriffsbedingungen<\/p><p>Schiedsklausel<br \/>Sie erkl\u00e4ren sich ausdr\u00fccklich damit einverstanden, dass f\u00fcr alle Streitigkeiten, die sich aus diesen Allgemeinen Gesch\u00e4ftsbedingungen ergeben k\u00f6nnen, insbesondere deren Auslegung oder Ausf\u00fchrung, ein Schiedsverfahren nach den Regeln der von beiden Seiten gew\u00e4hlten Schiedsplattform durchgef\u00fchrt wird. Eine Vereinbarung, an die Sie sich vorbehaltlos halten werden.<br \/>\u00dcbertragbarkeit von Daten<br \/>\u00dcbertragbarkeit von Daten<br \/>Der Herausgeber verpflichtet sich, Ihnen die M\u00f6glichkeit zu bieten, alle Sie betreffenden Daten auf einfache Anfrage zur\u00fcckzuerhalten.<\/p>\n\t\t\t\t\t<\/div>\n\t\t\t\t\t\t<\/div>\n\t\t\t\t<\/div>\n\t\t\t\t\t<\/div>\n\t\t<\/div>\n\t\t\t\t\t<\/div>\n\t\t<\/section>\n\t\t\t\t<\/div>\n\t\t","protected":false},"excerpt":{"rendered":"<p>Allgemeine Nutzungsbedingungen &#8211; Personenbezogene DatenDefinitionen:Der Herausgeber : trockenholzlagerDie Website : https:\/\/trockenholzlager.comDer Nutzer : Die Person, die die Website und die<\/p>\n","protected":false},"author":1,"featured_media":0,"parent":0,"menu_order":0,"comment_status":"closed","ping_status":"closed","template":"elementor_header_footer","meta":{"content-type":"","footnotes":""},"class_list":["post-9134","page","type-page","status-publish","hentry"],"jetpack_sharing_enabled":true,"_links":{"self":[{"href":"https:\/\/trockenholzlager.com\/index.php\/wp-json\/wp\/v2\/pages\/9134","targetHints":{"allow":["GET"]}}],"collection":[{"href":"https:\/\/trockenholzlager.com\/index.php\/wp-json\/wp\/v2\/pages"}],"about":[{"href":"https:\/\/trockenholzlager.com\/index.php\/wp-json\/wp\/v2\/types\/page"}],"author":[{"embeddable":true,"href":"https:\/\/trockenholzlager.com\/index.php\/wp-json\/wp\/v2\/users\/1"}],"replies":[{"embeddable":true,"href":"https:\/\/trockenholzlager.com\/index.php\/wp-json\/wp\/v2\/comments?post=9134"}],"version-history":[{"count":0,"href":"https:\/\/trockenholzlager.com\/index.php\/wp-json\/wp\/v2\/pages\/9134\/revisions"}],"wp:attachment":[{"href":"https:\/\/trockenholzlager.com\/index.php\/wp-json\/wp\/v2\/media?parent=9134"}],"curies":[{"name":"wp","href":"https:\/\/api.w.org\/{rel}","templated":true}]}}