{"id":9132,"date":"2023-09-17T19:03:38","date_gmt":"2023-09-17T17:03:38","guid":{"rendered":"https:\/\/trockenholzlager.com\/?page_id=9132"},"modified":"2024-11-20T13:15:56","modified_gmt":"2024-11-20T18:15:56","slug":"allgemeine-bedingungen-und-konditionen","status":"publish","type":"page","link":"https:\/\/trockenholzlager.com\/index.php\/allgemeine-bedingungen-und-konditionen\/","title":{"rendered":"Allgemeine Bedingungen und Konditionen"},"content":{"rendered":"\t\t<div data-elementor-type=\"wp-page\" data-elementor-id=\"9132\" class=\"elementor elementor-9132\">\n\t\t\t\t\t\t<section class=\"elementor-section elementor-top-section elementor-element elementor-element-a30b258 elementor-section-boxed elementor-section-height-default elementor-section-height-default wd-section-disabled\" data-id=\"a30b258\" data-element_type=\"section\" data-e-type=\"section\">\n\t\t\t\t\t\t<div class=\"elementor-container elementor-column-gap-default\">\n\t\t\t\t\t<div class=\"elementor-column elementor-col-100 elementor-top-column elementor-element elementor-element-93325f4\" data-id=\"93325f4\" data-element_type=\"column\" data-e-type=\"column\">\n\t\t\t<div class=\"elementor-widget-wrap elementor-element-populated\">\n\t\t\t\t\t\t<div class=\"elementor-element elementor-element-82b24b0 elementor-widget elementor-widget-wd_text_block\" data-id=\"82b24b0\" data-element_type=\"widget\" data-e-type=\"widget\" data-widget_type=\"wd_text_block.default\">\n\t\t\t\t<div class=\"elementor-widget-container\">\n\t\t\t\t\t\t\t<div class=\"wd-text-block reset-last-child text-left\">\n\t\t\t\n\t\t\t<p>Eingetragen im Handels- und Gesellschaftsregister Agen<br \/>Nachfolgend der \u201eVerk\u00e4ufer\u201c oder das \u201eUnternehmen\u201c. Einerseits und die nat\u00fcrliche oder juristische Person, die Produkte oder Dienstleistungen von der Gesellschaft kauft, im Folgenden \u201eder K\u00e4ufer\u201c oder \u201eder Kunde\u201c. Auf der anderen Seite wird das Folgende erkl\u00e4rt und vereinbart:<br \/>VORBEMERKUNG<\/p><p>Der Verk\u00e4ufer ist ein Herausgeber von Produkten und Dienstleistungen f\u00fcr Verbraucher, die \u00fcber seine Websites ( https:\/\/trockenholzlager.com\/ ) vermarktet werden. Die Liste und die Beschreibung der von der Gesellschaft angebotenen Waren und Dienstleistungen k\u00f6nnen auf den oben genannten Websites eingesehen werden.<br \/>Artikel 1: Gegenstand<br \/>Die vorliegenden Allgemeinen Verkaufsbedingungen regeln die Rechte und Pflichten der Parteien im Zusammenhang mit dem Online-Verkauf der vom Verk\u00e4ufer angebotenen Produkte oder Dienstleistungen.<\/p><p>Artikel 2: Allgemeine Bestimmungen<br \/>Die vorliegenden Allgemeinen Verkaufsbedingungen (AVB) regeln den Verkauf von Produkten oder Dienstleistungen \u00fcber die Websites des Unternehmens und sind integraler Bestandteil des Vertrags zwischen dem K\u00e4ufer und dem Verk\u00e4ufer. Sie sind gegen\u00fcber dem K\u00e4ufer, der sie vor der Bestellung akzeptiert hat, in vollem Umfang einklagbar. Der Verk\u00e4ufer beh\u00e4lt sich das Recht vor, diese Bedingungen jederzeit durch Ver\u00f6ffentlichung einer neuen Version auf seiner Website zu \u00e4ndern. Es gelten dann die Allgemeinen Gesch\u00e4ftsbedingungen, die zum Zeitpunkt der Zahlung (bzw. der ersten Zahlung im Falle von Mehrfachzahlungen) der Bestellung in Kraft sind. Diese Allgemeinen Gesch\u00e4ftsbedingungen k\u00f6nnen auf der Website des Unternehmens unter der folgenden Adresse eingesehen werden: https:\/\/trockenholzlager.com\/.<br \/>Das Unternehmen stellt au\u00dferdem sicher, dass die Annahme klar und bedingungslos ist, indem es eine Checkbox und einen Best\u00e4tigungsklick einrichtet. Der Kunde erkl\u00e4rt, dass er die vorliegenden Allgemeinen Verkaufsbedingungen und gegebenenfalls die mit einem Produkt oder einer Dienstleistung verbundenen Besonderen Verkaufsbedingungen vollst\u00e4ndig gelesen hat und sie ohne Einschr\u00e4nkung oder Vorbehalt akzeptiert.<br \/>Der Kunde best\u00e4tigt, dass er die notwendigen Ratschl\u00e4ge und Informationen erhalten hat, um sicherzustellen, dass das Angebot seinen Bed\u00fcrfnissen entspricht.<\/p><p>Der Kunde erkl\u00e4rt, dass er in der Lage ist, einen Vertrag nach franz\u00f6sischem Recht abzuschlie\u00dfen oder die nat\u00fcrliche oder juristische Person, f\u00fcr die er einen Vertrag abschlie\u00dft, wirksam zu vertreten.<br \/>Bis zum Beweis des Gegenteils gelten die von der Gesellschaft aufgezeichneten Informationen als Beweis f\u00fcr alle Transaktionen.<br \/>Artikel 3: Preis<\/p><p>Die Preise der \u00fcber die Websites verkauften Produkte sind in Euro, ohne Steuern, angegeben und werden auf den Seiten mit den Produktbeschreibungen detailliert aufgef\u00fchrt. Sie sind ebenfalls in Euro angegeben, einschlie\u00dflich aller Steuern (MwSt. + andere m\u00f6gliche Steuern) auf der Produktbestellseite und ohne spezifische Versandkosten. F\u00fcr alle Produkte, die au\u00dferhalb der Europ\u00e4ischen Union und\/oder der DOM-TOM versandt werden, wird der Preis ohne Steuern automatisch auf der Rechnung berechnet. In bestimmten F\u00e4llen k\u00f6nnen Z\u00f6lle oder andere lokale Steuern oder Einfuhrabgaben oder staatliche Steuern anfallen. Diese Rechte und Betr\u00e4ge liegen nicht in der Verantwortung des Verk\u00e4ufers. Sie fallen in den Zust\u00e4ndigkeitsbereich des K\u00e4ufers und sind von ihm zu tragen (Erkl\u00e4rungen, Zahlung an die zust\u00e4ndigen Beh\u00f6rden usw.). Der Verk\u00e4ufer fordert den K\u00e4ufer daher auf, sich bei den zust\u00e4ndigen \u00f6rtlichen Beh\u00f6rden \u00fcber diese Aspekte zu erkundigen. Das Unternehmen beh\u00e4lt sich das Recht vor, seine Preise jederzeit in der Zukunft zu \u00e4ndern. Die f\u00fcr den Zugang zu den Websites des Unternehmens erforderlichen Telekommunikationskosten gehen zu Lasten des Kunden. Gegebenenfalls auch die Versandkosten.<\/p><p>Artikel 4: Online-Abschluss des Vertrags<br \/>Gem\u00e4\u00df den Bestimmungen von Artikel 1127-1 des B\u00fcrgerlichen Gesetzbuches muss der Kunde eine Reihe von Schritten befolgen, um den Vertrag auf elektronischem Wege abzuschlie\u00dfen und seine Bestellung zu vervollst\u00e4ndigen: Informationen \u00fcber die wesentlichen Merkmale des Produkts; - Auswahl des Produkts, gegebenenfalls seiner Optionen; - Angabe der wesentlichen Kontaktdaten des Kunden (Identit\u00e4t, E-Mail, Adresse.); - Annahme der vorliegenden Allgemeinen Verkaufsbedingungen - \u00dcberpr\u00fcfung der Elemente der Bestellung (Doppelklick-Formalit\u00e4t) und gegebenenfalls Korrektur von Fehlern. Bevor die Best\u00e4tigung erfolgt, hat der K\u00e4ufer die M\u00f6glichkeit, die Einzelheiten seiner Bestellung und den Preis zu \u00fcberpr\u00fcfen und eventuelle Fehler zu korrigieren oder seine Bestellung zu stornieren. Dieser Vertrag kommt mit der Best\u00e4tigung der Bestellung zustande. - Danach folgen die Zahlungsanweisungen, die Bezahlung der Produkte und dann die Lieferung der Bestellung. Der Kunde erh\u00e4lt eine Best\u00e4tigung der Zahlung der Bestellung per E-Mail sowie eine Eingangsbest\u00e4tigung der Bestellung, die diese best\u00e4tigt. Er erh\u00e4lt eine .pdf-Kopie der vorliegenden Allgemeinen Verkaufsbedingungen.<br \/>W\u00e4hrend des Bestellvorgangs hat der Kunde die M\u00f6glichkeit, etwaige Fehler bei der Dateneingabe zu erkennen und zu korrigieren. Die f\u00fcr den Vertragsabschluss vorgeschlagene Sprache ist Franz\u00f6sisch.<\/p><p>Die Angebotsbedingungen und die allgemeinen Verkaufsbedingungen werden dem K\u00e4ufer bei der Bestellung per E-Mail zugesandt und sind auf der Website des Verk\u00e4ufers archiviert. Die Berufs- und Handelsregeln, die der Verfasser des Angebots gegebenenfalls einzuhalten beabsichtigt, k\u00f6nnen im Abschnitt \u201eZus\u00e4tzliche Regeln\u201c der vorliegenden Allgemeinen Verkaufsbedingungen nachgelesen werden, die auf der Website des Verk\u00e4ufers unter folgender Adresse abrufbar sind: https: \/\/trockenholzlager.com\/<br \/>Die Archivierung der Mitteilungen, der Bestellung, der Bestelldaten und der Rechnungen erfolgt auf einem zuverl\u00e4ssigen und dauerhaften Datentr\u00e4ger, um eine getreue und dauerhafte Kopie gem\u00e4\u00df Artikel 1360 des B\u00fcrgerlichen Gesetzbuchs zu erstellen. Diese Informationen k\u00f6nnen als Beweis f\u00fcr den Vertrag vorgelegt werden.<br \/>Die gelieferten Produkte werden an die vom Kunden angegebene Adresse geliefert. Um die Bestellung erfolgreich abschlie\u00dfen zu k\u00f6nnen, verpflichtet sich der Kunde, wahrheitsgem\u00e4\u00dfe Identifikationsdaten anzugeben. Der Verk\u00e4ufer beh\u00e4lt sich das Recht vor, die Bestellung abzulehnen, zum Beispiel bei ungew\u00f6hnlichen, b\u00f6swilligen oder berechtigten Anfragen.<\/p><p>Artikel 5: Produkte und Dienstleistungen<br \/>Auf den Websites des Unternehmens werden dem K\u00e4ufer die wesentlichen Merkmale der Waren, Dienstleistungen und ihre jeweiligen Preise sowie gegebenenfalls die Art der Verwendung des Produkts zur Verf\u00fcgung gestellt. Gem\u00e4\u00df Artikel L112-1 des Verbraucherschutzgesetzes wird der Verbraucher vor jedem Kaufabschluss durch Kennzeichnung, Etikettierung, Aushang oder auf andere geeignete Weise \u00fcber die Preise und die besonderen Bedingungen des Verkaufs und der Erbringung der Dienstleistungen informiert. In allen F\u00e4llen wird der vom K\u00e4ufer geschuldete Gesamtbetrag auf der Seite der Auftragsbest\u00e4tigung angegeben. Der Verkaufspreis des Produkts ist der am Tag der Bestellung g\u00fcltige Preis, zuz\u00fcglich der in Rechnung gestellten zus\u00e4tzlichen Versandkosten. Diese eventuellen Kosten werden dem K\u00e4ufer w\u00e4hrend des Verkaufsprozesses und auf jeden Fall zum Zeitpunkt der Auftragsbest\u00e4tigung mitgeteilt. Der Verk\u00e4ufer beh\u00e4lt sich das Recht vor, seine Preise jederzeit zu \u00e4ndern, wobei er die Anwendung des zum Zeitpunkt der Bestellung angegebenen Preises garantiert. Wenn die Produkte oder Dienstleistungen nicht sofort geliefert werden, werden auf der Produktpr\u00e4sentationsseite klare Informationen \u00fcber die Liefertermine der Produkte oder Dienstleistungen gegeben. Der Kunde best\u00e4tigt, dass er Informationen \u00fcber die Lieferkosten sowie die Zahlungs-, Liefer- und Vertragsbedingungen erhalten hat, ebenso wie detaillierte Informationen \u00fcber die Identit\u00e4t des Verk\u00e4ufers, seine postalischen, telefonischen und elektronischen Kontaktdaten und seine Aktivit\u00e4ten im Zusammenhang mit diesem Verkauf. Der Verk\u00e4ufer verpflichtet sich, die Bestellung des Kunden nur im Rahmen der verf\u00fcgbaren Produktbest\u00e4nde zu erf\u00fcllen. Andernfalls wird der Verk\u00e4ufer den Kunden informieren; wenn die Bestellung aufgegeben wurde und mit dem Kunden kein neuer Liefertermin vereinbart wurde, wird der Verk\u00e4ufer dem Kunden den Betrag zur\u00fcckerstatten. Die Vertragsinformationen sind detailliert und in franz\u00f6sischer Sprache dargestellt. Die Parteien sind sich einig, dass die Abbildungen oder Fotos der zum Verkauf angebotenen Produkte keinen vertraglichen Wert haben.<\/p><p>Die G\u00fcltigkeitsdauer des Produktangebots und ihre Preise sind auf den Websites des Unternehmens angegeben, ebenso wie die Mindestlaufzeit der angebotenen Vertr\u00e4ge, wenn sie sich auf eine kontinuierliche oder periodische Lieferung von Produkten oder Dienstleistungen beziehen. Sofern nicht anders angegeben, gelten die hierin einger\u00e4umten Rechte nur f\u00fcr die nat\u00fcrliche Person, die die Bestellung unterzeichnet (oder die Person mit der angegebenen E-Mail-Adresse). der Verk\u00e4ufer informiert den Kunden; Wenn die Bestellung aufgegeben wurde und mit dem Kunden kein neues Lieferdatum vereinbart wurde, erstattet der Verk\u00e4ufer dem Kunden den Betrag. Die Vertragsinformationen sind detailliert und in franz\u00f6sischer Sprache dargestellt. Die Parteien sind sich einig, dass die Abbildungen oder Fotos der zum Verkauf angebotenen Produkte keinen vertraglichen Wert haben. Die G\u00fcltigkeitsdauer des Produktangebots und ihre Preise sind auf den Websites des Unternehmens angegeben, ebenso wie die Mindestlaufzeit der angebotenen Vertr\u00e4ge, wenn sie sich auf eine kontinuierliche oder regelm\u00e4\u00dfige Lieferung von Produkten oder Dienstleistungen beziehen. Sofern nicht anders angegeben, gelten die hierin einger\u00e4umten Rechte nur f\u00fcr die nat\u00fcrliche Person, die die Bestellung unterzeichnet (oder die Person mit der angegebenen E-Mail-Adresse). der Verk\u00e4ufer informiert den Kunden; wenn die Bestellung aufgegeben wurde und mit dem Kunden kein neues Lieferdatum vereinbart wurde, erstattet der Verk\u00e4ufer dem Kunden den Betrag zur\u00fcck. Die Vertragsinformationen werden detailliert und in franz\u00f6sischer Sprache dargestellt. Die Parteien sind sich einig, dass die Abbildungen oder Fotos der zum Verkauf angebotenen Produkte keinen vertraglichen Wert haben. Die G\u00fcltigkeitsdauer des Produktangebots und ihre Preise sind auf den Webseiten des Unternehmens angegeben, ebenso wie die Mindestlaufzeit der angebotenen Vertr\u00e4ge, wenn sie sich auf eine kontinuierliche oder regelm\u00e4\u00dfige Lieferung von Produkten oder Dienstleistungen beziehen. Sofern nicht anders angegeben, gelten die hierin gew\u00e4hrten Rechte nur f\u00fcr die nat\u00fcrliche Person, die die Bestellung unterzeichnet (oder die Person mit der angegebenen E-Mail-Adresse).<\/p><p>Artikel 6: Einhaltung<br \/>Gem\u00e4\u00df Artikel L.411-1 des Verbraucherschutzgesetzes entsprechen die Produkte und Dienstleistungen, die im Rahmen der vorliegenden Allgemeinen Gesch\u00e4ftsbedingungen zum Verkauf angeboten werden, den geltenden Anforderungen in Bezug auf die Sicherheit und Gesundheit von Personen, die Loyalit\u00e4t im Gesch\u00e4ftsverkehr und den Verbraucherschutz. Ungeachtet jeglicher kommerzieller Garantie haftet der Verk\u00e4ufer f\u00fcr etwaige Konformit\u00e4tsm\u00e4ngel und versteckte M\u00e4ngel des Produkts.<br \/>Gem\u00e4\u00df Artikel L.217-4 liefert der Verk\u00e4ufer die Ware in \u00dcbereinstimmung mit dem Vertrag und haftet f\u00fcr jede zum Zeitpunkt der Lieferung bestehende Vertragswidrigkeit. Er haftet auch f\u00fcr Konformit\u00e4tsm\u00e4ngel, die sich aus der Verpackung, der Montageanleitung oder der Installation ergeben, wenn diese nach dem Vertrag in seiner Verantwortung liegen oder unter seiner Verantwortung durchgef\u00fchrt wurden.<br \/>Gem\u00e4\u00df den gesetzlichen Bestimmungen \u00fcber Konformit\u00e4t und versteckte M\u00e4ngel (Art. 1641 c. civ.) erstattet oder tauscht der Verk\u00e4ufer mangelhafte Produkte oder Produkte, die nicht der Bestellung entsprechen, aus. Die R\u00fcckerstattung kann auf folgende Weise beantragt werden: Einreichung einer Reklamation unter<\/p><p>Artikel 7: Eigentumsvorbehaltsklausel<br \/>Die Produkte bleiben bis zur vollst\u00e4ndigen Bezahlung des Preises Eigentum des Unternehmens.<br \/>Artikel 8: Lieferbedingungen<br \/>Die Produkte werden innerhalb der angegebenen Fristen an die bei der Bestellung angegebene Lieferadresse geliefert. Bei diesen Fristen wird die Vorbereitungszeit f\u00fcr die Bestellung nicht ber\u00fccksichtigt. Wenn der Kunde mehrere Produkte gleichzeitig bestellt, k\u00f6nnen die Lieferfristen je nach den folgenden Methoden variieren: Lieferung in einem oder mehreren Paketen. Im Falle einer Lieferverz\u00f6gerung reklamieren Sie bitte bei: . Im Falle einer versp\u00e4teten Lieferung hat der Kunde die M\u00f6glichkeit, den Vertrag gem\u00e4\u00df den in Artikel L 138-2 des Verbraucherschutzgesetzes festgelegten Bedingungen und Verfahren zu k\u00fcndigen. Der Verk\u00e4ufer erstattet dann das Produkt und die \u201eAusstiegskosten\u201c gem\u00e4\u00df den Bedingungen von Artikel L 138-3 des Verbraucherschutzgesetzes. Zur \u00dcberwachung der Bestellung stellt der Verk\u00e4ufer eine in der E-Mail zur Auftragsbest\u00e4tigung angegebene telefonische Kontaktstelle zur Verf\u00fcgung (Kosten f\u00fcr Ortsgespr\u00e4che aus dem Festnetz). Der Verk\u00e4ufer weist darauf hin, dass das Risiko des Verlusts oder der Besch\u00e4digung der Produkte auf den Kunden \u00fcbergeht, sobald er die Produkte physisch in Besitz nimmt. Es liegt in der Verantwortung des Kunden, den Spediteur \u00fcber etwaige Vorbehalte bez\u00fcglich des gelieferten Produkts zu informieren.<\/p><p>Artikel 9: Verf\u00fcgbarkeit und Pr\u00e4sentation<br \/>Wenn ein Artikel l\u00e4nger als 30 Arbeitstage nicht verf\u00fcgbar ist, werden Sie unverz\u00fcglich \u00fcber die voraussichtliche Lieferzeit informiert, und die Bestellung dieses Artikels kann auf einfache Anfrage storniert werden. Der Kunde kann dann eine Gutschrift \u00fcber den Betrag des Artikels oder eine vollst\u00e4ndige Erstattung und Stornierung der Bestellung beantragen.<\/p><p>Artikel 10: Zahlung<br \/>Die Zahlung ist sofort nach der Bestellung f\u00e4llig, auch f\u00fcr vorbestellte Produkte. Der Kunde kann die Zahlung per Zahlungskarte oder Bankscheck vornehmen. Karten, die von Banken mit Sitz au\u00dferhalb Frankreichs ausgestellt wurden, m\u00fcssen internationale Bankkarten sein (Mastercard oder Visa). Die sichere Online-Zahlung per Bankkarte erfolgt \u00fcber unseren Zahlungsanbieter. Die \u00fcbermittelten Informationen werden nach den Regeln der Technik verschl\u00fcsselt und k\u00f6nnen w\u00e4hrend des Transports \u00fcber das Netz nicht gelesen werden. Sobald die Zahlung durch den Kunden ausgel\u00f6st wird, wird die Transaktion nach Pr\u00fcfung der Angaben sofort abgebucht. Gem\u00e4\u00df den Bestimmungen des W\u00e4hrungs- und Finanzgesetzes ist die Verpflichtung zur Zahlung mit Karte unwiderruflich. Durch die Angabe seiner Bankdaten w\u00e4hrend des Verkaufs erm\u00e4chtigt der Kunde den Verk\u00e4ufer, seine Karte mit dem Betrag des angegebenen Preises zu belasten. Der Kunde best\u00e4tigt, dass er der rechtm\u00e4\u00dfige Inhaber der zu belastenden Karte ist und berechtigt ist, diese Karte zu benutzen. Im Falle eines Fehlers oder der Unm\u00f6glichkeit, die Karte zu belasten, wird der Verkauf automatisch sofort beendet und die Bestellung wird storniert.<\/p><p>Artikel 11: R\u00fccktrittsfrist<br \/>Gem\u00e4\u00df den Bestimmungen von Artikel L 221-5 des Verbraucherschutzgesetzes hat der K\u00e4ufer das Recht, innerhalb von vierzehn (14) Tagen nach Erhalt seiner Bestellung ohne Angabe von Gr\u00fcnden zur\u00fcckzutreten. Das R\u00fccktrittsrecht kann durch Kontaktaufnahme mit dem Unternehmen wie folgt ausge\u00fcbt werden Einreichung einer Beschwerde an die angegebene Adresse. Wir informieren den Kunden dar\u00fcber, dass gem\u00e4\u00df den Bestimmungen der Artikel L. 221-18 bis L. 221-28 des Verbraucherschutzgesetzes dieses Widerrufsrecht nicht f\u00fcr Artikel ausge\u00fcbt werden kann, bei denen ein Herstellungs- oder Lieferprozess im Gange ist. Wird das Widerrufsrecht innerhalb der oben genannten Frist ausge\u00fcbt, werden der Preis des\/der gekauften Produkts\/Produkte und die Versandkosten zur\u00fcckerstattet, wobei die R\u00fccksendekosten zu Lasten des Kunden gehen. Die zur\u00fcckgesandten Produkte m\u00fcssen sich im Originalzustand befinden und vollst\u00e4ndig sein (Verpackung, Zubeh\u00f6r, Anleitungen usw.); nach M\u00f6glichkeit ist eine Kopie des Kaufbelegs beizuf\u00fcgen. Das Muster-Widerrufsformular k\u00f6nnen Sie im Rahmen der gesetzlichen Bestimmungen bei uns unter folgender Adresse anfordern: Reichen Sie unter dieser Adresse eine Beschwerde ein. Erstattungsverfahren: Das Erstattungsverfahren kann nach einer Pr\u00fcfung der gekauften Ware(n) durchgef\u00fchrt werden. N\u00e4here Einzelheiten k\u00f6nnen Sie durch Einreichen einer Beschwerde unter der angegebenen Adresse erfahren<\/p><p>Artikel 12: Garantien<br \/>In \u00dcbereinstimmung mit den gesetzlichen Bestimmungen \u00fcbernimmt der Verk\u00e4ufer folgende Garantien: Konformit\u00e4t und f\u00fcr versteckte M\u00e4ngel der Produkte. Der Verk\u00e4ufer wird dem K\u00e4ufer eine R\u00fcckerstattung gew\u00e4hren oder Produkte umtauschen, die offensichtlich fehlerhaft sind oder nicht der Bestellung entsprechen. Der Antrag auf R\u00fcckerstattung muss wie folgt gestellt werden: Einreichung einer Beschwerde an die Adresse<br \/>Der Verk\u00e4ufer weist darauf hin, dass der Verbraucher: - eine Frist von 2 Jahren ab Lieferung der Ware hat, um sich mit dem Verk\u00e4ufer in Verbindung zu setzen - dass er zwischen Ersatz oder Nachbesserung der Ware unter den in den vorstehenden Bestimmungen vorgesehenen Bedingungen w\u00e4hlen kann. offensichtlich mangelhaft oder nicht konform ist, ist er von der Verpflichtung befreit, den Nachweis der Nichtkonformit\u00e4t der Ware innerhalb von sechs Monaten nach Lieferung der Ware zu erbringen. - dass diese Frist, mit Ausnahme von Gebrauchtwaren, ab dem 18. M\u00e4rz 2016 auf 24 Monate verl\u00e4ngert wird - dass der Verbraucher die Garantie auch f\u00fcr versteckte M\u00e4ngel der verkauften Sache im Sinne von Artikel 1641 des B\u00fcrgerlichen Gesetzbuchs in Anspruch nehmen kann und in diesem Fall zwischen der R\u00fcckg\u00e4ngigmachung des Verkaufs oder der Minderung des Verkaufspreises w\u00e4hlen kann (Bestimmungen von Artikel 1644 des B\u00fcrgerlichen Gesetzbuchs).<\/p><p>Artikel 13: Reklamationen und Schlichtung<br \/>Falls erforderlich, kann der K\u00e4ufer eine Beschwerde einreichen, indem er sich mit dem Unternehmen unter den folgenden Kontaktdaten in Verbindung setzt: Einreichen einer Beschwerde unter der Adresse. In \u00dcbereinstimmung mit den Bestimmungen von Art. L. 611-1 bis L. 616-3 des Verbraucherschutzgesetzes wird der Verbraucher dar\u00fcber informiert, dass er sich unter den in Titel I von Buch VI des Verbraucherschutzgesetzes vorgesehenen Bedingungen an einen Verbraucherschlichter wenden kann. Wird der Antrag auf Beschwerde beim Kundendienst des Verk\u00e4ufers abgelehnt oder erh\u00e4lt er innerhalb von zwei Monaten keine Antwort, kann der Verbraucher den Streitfall einem Schlichter vorlegen, der unabh\u00e4ngig versucht, die Parteien zu einer g\u00fctlichen Einigung zu bringen.<\/p><p>Artikel 14: Beendigung des Vertrags<\/p><p>In den folgenden F\u00e4llen kann der K\u00e4ufer die Bestellung per Einschreiben mit R\u00fcckschein stornieren: - Lieferung eines Produkts, das nicht den Merkmalen der Bestellung entspricht; - Lieferung nach dem bei der Bestellung festgelegten Termin oder, falls kein Termin festgelegt wurde, innerhalb von drei\u00dfig Tagen nach der Zahlung; - ungerechtfertigte Preiserh\u00f6hung oder Produkt\u00e4nderung. In diesen F\u00e4llen kann der K\u00e4ufer die R\u00fcckerstattung der geleisteten Anzahlung zuz\u00fcglich der gesetzlichen Zinsen ab Erhalt der Anzahlung verlangen.<\/p><p>Artikel 15: Geistige Eigentumsrechte<\/p><p>Die Marken, die Domainnamen, die Produkte, die Software, die Bilder, die Videos, die Texte oder ganz allgemein alle Informationen, die Gegenstand von Rechten des geistigen Eigentums sind, sind und bleiben das ausschlie\u00dfliche Eigentum des Verk\u00e4ufers. Durch die vorliegenden Gesch\u00e4ftsbedingungen werden keine Rechte an geistigem Eigentum \u00fcbertragen. Jede vollst\u00e4ndige oder teilweise Vervielf\u00e4ltigung, \u00c4nderung oder Verwendung dieser Waren, aus welchem Grund auch immer, ist strengstens untersagt.<\/p><p>\u00a0<\/p><p>\u00a0<\/p>\n\t\t\t\t\t<\/div>\n\t\t\t\t\t\t<\/div>\n\t\t\t\t<\/div>\n\t\t\t\t\t<\/div>\n\t\t<\/div>\n\t\t\t\t\t<\/div>\n\t\t<\/section>\n\t\t\t\t<\/div>\n\t\t","protected":false},"excerpt":{"rendered":"<p>Eingetragen im Handels- und Gesellschaftsregister AgenNachfolgend der \u201eVerk\u00e4ufer\u201c oder das \u201eUnternehmen\u201c. Einerseits und die nat\u00fcrliche oder juristische Person, die Produkte<\/p>\n","protected":false},"author":1,"featured_media":0,"parent":0,"menu_order":0,"comment_status":"closed","ping_status":"closed","template":"elementor_header_footer","meta":{"content-type":"","footnotes":""},"class_list":["post-9132","page","type-page","status-publish","hentry"],"jetpack_sharing_enabled":true,"_links":{"self":[{"href":"https:\/\/trockenholzlager.com\/index.php\/wp-json\/wp\/v2\/pages\/9132","targetHints":{"allow":["GET"]}}],"collection":[{"href":"https:\/\/trockenholzlager.com\/index.php\/wp-json\/wp\/v2\/pages"}],"about":[{"href":"https:\/\/trockenholzlager.com\/index.php\/wp-json\/wp\/v2\/types\/page"}],"author":[{"embeddable":true,"href":"https:\/\/trockenholzlager.com\/index.php\/wp-json\/wp\/v2\/users\/1"}],"replies":[{"embeddable":true,"href":"https:\/\/trockenholzlager.com\/index.php\/wp-json\/wp\/v2\/comments?post=9132"}],"version-history":[{"count":0,"href":"https:\/\/trockenholzlager.com\/index.php\/wp-json\/wp\/v2\/pages\/9132\/revisions"}],"wp:attachment":[{"href":"https:\/\/trockenholzlager.com\/index.php\/wp-json\/wp\/v2\/media?parent=9132"}],"curies":[{"name":"wp","href":"https:\/\/api.w.org\/{rel}","templated":true}]}}