{"id":9130,"date":"2023-09-17T19:02:46","date_gmt":"2023-09-17T17:02:46","guid":{"rendered":"https:\/\/trockenholzlager.com\/?page_id=9130"},"modified":"2024-11-20T12:57:27","modified_gmt":"2024-11-20T17:57:27","slug":"rechtliche-informationen","status":"publish","type":"page","link":"https:\/\/trockenholzlager.com\/index.php\/rechtliche-informationen\/","title":{"rendered":"Rechtliche Informationen"},"content":{"rendered":"\t\t<div data-elementor-type=\"wp-page\" data-elementor-id=\"9130\" class=\"elementor elementor-9130\">\n\t\t\t\t\t\t<section class=\"elementor-section elementor-top-section elementor-element elementor-element-2efe661 elementor-section-boxed elementor-section-height-default elementor-section-height-default wd-section-disabled\" data-id=\"2efe661\" data-element_type=\"section\" data-e-type=\"section\">\n\t\t\t\t\t\t<div class=\"elementor-container elementor-column-gap-default\">\n\t\t\t\t\t<div class=\"elementor-column elementor-col-100 elementor-top-column elementor-element elementor-element-9160f83\" data-id=\"9160f83\" data-element_type=\"column\" data-e-type=\"column\">\n\t\t\t<div class=\"elementor-widget-wrap elementor-element-populated\">\n\t\t\t\t\t\t<div class=\"elementor-element elementor-element-c72e17e elementor-widget elementor-widget-wd_text_block\" data-id=\"c72e17e\" data-element_type=\"widget\" data-e-type=\"widget\" data-widget_type=\"wd_text_block.default\">\n\t\t\t\t<div class=\"elementor-widget-container\">\n\t\t\t\t\t\t\t<div class=\"wd-text-block reset-last-child text-left\">\n\t\t\t\n\t\t\t<p>Sozialer Grund: TROCKENHOLZLAGER<br \/>DEUTSCHLAND<br \/>E-Mail: contact@trockenholzlager.com<br \/>Informationen zur Online-Streitbeilegung gem\u00e4\u00df Art. 14 Abs. 1 ODR (Online-Streitbeilegung):<br \/>Die Europ\u00e4ische Kommission erm\u00f6glicht Verbrauchern die Online-Streitbeilegung auf einer ihrer Plattformen gem\u00e4\u00df Artikel 14 Absatz 1 der OS-Verordnung. Die Plattform (https:\/\/webgate.ec.europa.eu\/odr\/main\/index.cfm?event=main.home.show&amp;lng=FR) fungiert als Website, auf der Verbraucher versuchen k\u00f6nnen, Streitigkeiten au\u00dfergerichtlich beizulegen. Online-Kauf von Waren oder Dienstleistungen.<br \/>Gem\u00e4\u00df den Bestimmungen der Artikel 6-III und 19 des Gesetzes Nr. 2004-575 vom 21. Juni 2004 \u00fcber das Vertrauen in die digitale Wirtschaft, bekannt als LCEN, informieren wir die Nutzer und Besucher der Website: trockenholzlager.com \u00fcber folgende Informationen:<br \/>REDAKTION<br \/>Die Website trockenholzlager.com ist das ausschlie\u00dfliche Eigentum von urforestwood, die sie herausgibt.<\/p>\n\t\t\t\t\t<\/div>\n\t\t\t\t\t\t<\/div>\n\t\t\t\t<\/div>\n\t\t\t\t\t<\/div>\n\t\t<\/div>\n\t\t\t\t\t<\/div>\n\t\t<\/section>\n\t\t\t\t<\/div>\n\t\t","protected":false},"excerpt":{"rendered":"<p>Sozialer Grund: TROCKENHOLZLAGERDEUTSCHLANDE-Mail: contact@trockenholzlager.comInformationen zur Online-Streitbeilegung gem\u00e4\u00df Art. 14 Abs. 1 ODR (Online-Streitbeilegung):Die Europ\u00e4ische Kommission erm\u00f6glicht Verbrauchern die Online-Streitbeilegung auf<\/p>\n","protected":false},"author":1,"featured_media":0,"parent":0,"menu_order":0,"comment_status":"closed","ping_status":"closed","template":"elementor_header_footer","meta":{"content-type":"","footnotes":""},"class_list":["post-9130","page","type-page","status-publish","hentry"],"jetpack_sharing_enabled":true,"_links":{"self":[{"href":"https:\/\/trockenholzlager.com\/index.php\/wp-json\/wp\/v2\/pages\/9130","targetHints":{"allow":["GET"]}}],"collection":[{"href":"https:\/\/trockenholzlager.com\/index.php\/wp-json\/wp\/v2\/pages"}],"about":[{"href":"https:\/\/trockenholzlager.com\/index.php\/wp-json\/wp\/v2\/types\/page"}],"author":[{"embeddable":true,"href":"https:\/\/trockenholzlager.com\/index.php\/wp-json\/wp\/v2\/users\/1"}],"replies":[{"embeddable":true,"href":"https:\/\/trockenholzlager.com\/index.php\/wp-json\/wp\/v2\/comments?post=9130"}],"version-history":[{"count":0,"href":"https:\/\/trockenholzlager.com\/index.php\/wp-json\/wp\/v2\/pages\/9130\/revisions"}],"wp:attachment":[{"href":"https:\/\/trockenholzlager.com\/index.php\/wp-json\/wp\/v2\/media?parent=9130"}],"curies":[{"name":"wp","href":"https:\/\/api.w.org\/{rel}","templated":true}]}}