{"id":9127,"date":"2023-09-17T19:01:34","date_gmt":"2023-09-17T17:01:34","guid":{"rendered":"https:\/\/trockenholzlager.com\/?page_id=9127"},"modified":"2024-11-20T12:54:26","modified_gmt":"2024-11-20T17:54:26","slug":"erstattungspolitik","status":"publish","type":"page","link":"https:\/\/trockenholzlager.com\/index.php\/erstattungspolitik\/","title":{"rendered":"Erstattungspolitik"},"content":{"rendered":"\t\t<div data-elementor-type=\"wp-page\" data-elementor-id=\"9127\" class=\"elementor elementor-9127\">\n\t\t\t\t\t\t<section class=\"elementor-section elementor-top-section elementor-element elementor-element-16af171 elementor-section-boxed elementor-section-height-default elementor-section-height-default wd-section-disabled\" data-id=\"16af171\" data-element_type=\"section\" data-e-type=\"section\">\n\t\t\t\t\t\t<div class=\"elementor-container elementor-column-gap-default\">\n\t\t\t\t\t<div class=\"elementor-column elementor-col-100 elementor-top-column elementor-element elementor-element-c937de4\" data-id=\"c937de4\" data-element_type=\"column\" data-e-type=\"column\">\n\t\t\t<div class=\"elementor-widget-wrap elementor-element-populated\">\n\t\t\t\t\t\t<div class=\"elementor-element elementor-element-e73a694 elementor-widget elementor-widget-wd_text_block\" data-id=\"e73a694\" data-element_type=\"widget\" data-e-type=\"widget\" data-widget_type=\"wd_text_block.default\">\n\t\t\t\t<div class=\"elementor-widget-container\">\n\t\t\t\t\t\t\t<div class=\"wd-text-block reset-last-child text-left\">\n\t\t\t\n\t\t\t<p>Wie kann ich einen Artikel zur\u00fcckgeben?<br \/>Jedem R\u00fcckgabeantrag muss ein R\u00fcckgabeformular beigef\u00fcgt werden. <br \/>Bitte f\u00fcllen Sie dieses Formular so genau wie m\u00f6glich aus und senden Sie Ihren Artikel zusammen mit diesem Formular an die R\u00fccksendeadresse, die wir Ihnen per E-Mail mitteilen werden.<br \/>Wenn Sie Fragen oder Bedenken haben, schicken Sie uns eine E-Mail an contact@trockenholzlager.com.<br \/>Versp\u00e4tete oder fehlende R\u00fcckerstattungen:<br \/>\u00dcberpr\u00fcfen Sie Ihr Bankkonto<br \/>Kontaktieren Sie Ihr Bankinstitut<br \/>Die Bearbeitungszeit betr\u00e4gt in der Regel 3-5 Arbeitstage.<br \/>Wenn Sie all dies getan haben und Ihre R\u00fcckerstattung immer noch nicht erhalten haben, kontaktieren Sie uns bitte unter customerservice@trockenholzlager.com<br \/>Lieferung:<br \/>Der Kunde ist f\u00fcr die Kosten der R\u00fccksendung eines Artikels verantwortlich. Wenn Sie eine Gutschrift erhalten, wird der von Ihnen bezahlte Betrag gutgeschrieben. Wenn Sie angeben, dass Sie eine R\u00fcckerstattung w\u00fcnschen, erhalten Sie genau den Betrag, den Sie f\u00fcr das Produkt bezahlt haben, abz\u00fcglich der Wiedereinlagerungsgeb\u00fchr.<br \/>Wenn Sie einen Umtausch w\u00fcnschen: Je nach Herkunftsland kann es 2-7 Wochen dauern, bis Sie den umgetauschten Artikel erhalten.<br \/>Achtung!<br \/>Wenn Sie Artikel im Wert von mehr als 50 Euro versenden, empfehlen wir Ihnen dringend, das Produkt mit einer Tracking-Nummer an uns zur\u00fcckzusenden.<\/p>\n\t\t\t\t\t<\/div>\n\t\t\t\t\t\t<\/div>\n\t\t\t\t<\/div>\n\t\t\t\t\t<\/div>\n\t\t<\/div>\n\t\t\t\t\t<\/div>\n\t\t<\/section>\n\t\t\t\t<\/div>\n\t\t","protected":false},"excerpt":{"rendered":"<p>Wie kann ich einen Artikel zur\u00fcckgeben?Jedem R\u00fcckgabeantrag muss ein R\u00fcckgabeformular beigef\u00fcgt werden. Bitte f\u00fcllen Sie dieses Formular so genau wie<\/p>\n","protected":false},"author":1,"featured_media":0,"parent":0,"menu_order":0,"comment_status":"closed","ping_status":"closed","template":"elementor_header_footer","meta":{"content-type":"","footnotes":""},"class_list":["post-9127","page","type-page","status-publish","hentry"],"jetpack_sharing_enabled":true,"_links":{"self":[{"href":"https:\/\/trockenholzlager.com\/index.php\/wp-json\/wp\/v2\/pages\/9127","targetHints":{"allow":["GET"]}}],"collection":[{"href":"https:\/\/trockenholzlager.com\/index.php\/wp-json\/wp\/v2\/pages"}],"about":[{"href":"https:\/\/trockenholzlager.com\/index.php\/wp-json\/wp\/v2\/types\/page"}],"author":[{"embeddable":true,"href":"https:\/\/trockenholzlager.com\/index.php\/wp-json\/wp\/v2\/users\/1"}],"replies":[{"embeddable":true,"href":"https:\/\/trockenholzlager.com\/index.php\/wp-json\/wp\/v2\/comments?post=9127"}],"version-history":[{"count":0,"href":"https:\/\/trockenholzlager.com\/index.php\/wp-json\/wp\/v2\/pages\/9127\/revisions"}],"wp:attachment":[{"href":"https:\/\/trockenholzlager.com\/index.php\/wp-json\/wp\/v2\/media?parent=9127"}],"curies":[{"name":"wp","href":"https:\/\/api.w.org\/{rel}","templated":true}]}}