{"id":9125,"date":"2023-09-17T19:00:22","date_gmt":"2023-09-17T17:00:22","guid":{"rendered":"https:\/\/trockenholzlager.com\/?page_id=9125"},"modified":"2024-11-20T12:52:47","modified_gmt":"2024-11-20T17:52:47","slug":"ruckgabepolitik","status":"publish","type":"page","link":"https:\/\/trockenholzlager.com\/index.php\/ruckgabepolitik\/","title":{"rendered":"R\u00fcckgabepolitik"},"content":{"rendered":"\t\t<div data-elementor-type=\"wp-page\" data-elementor-id=\"9125\" class=\"elementor elementor-9125\">\n\t\t\t\t\t\t<section class=\"elementor-section elementor-top-section elementor-element elementor-element-d28eca1 elementor-section-boxed elementor-section-height-default elementor-section-height-default wd-section-disabled\" data-id=\"d28eca1\" data-element_type=\"section\" data-e-type=\"section\">\n\t\t\t\t\t\t<div class=\"elementor-container elementor-column-gap-default\">\n\t\t\t\t\t<div class=\"elementor-column elementor-col-100 elementor-top-column elementor-element elementor-element-915e0f6\" data-id=\"915e0f6\" data-element_type=\"column\" data-e-type=\"column\">\n\t\t\t<div class=\"elementor-widget-wrap elementor-element-populated\">\n\t\t\t\t\t\t<div class=\"elementor-element elementor-element-b5fb67c elementor-widget elementor-widget-wd_text_block\" data-id=\"b5fb67c\" data-element_type=\"widget\" data-e-type=\"widget\" data-widget_type=\"wd_text_block.default\">\n\t\t\t\t<div class=\"elementor-widget-container\">\n\t\t\t\t\t\t\t<div class=\"wd-text-block reset-last-child text-left\">\n\t\t\t\n\t\t\t<p><strong>R\u00dcCKGABEBEDINGUNGEN<\/strong><\/p><p>Wenn Sie mit einem Produkt oder Artikel, den Sie erhalten haben, nicht zufrieden sind, k\u00f6nnen Sie ihn selbstverst\u00e4ndlich kostenlos an uns zur\u00fccksenden<br \/>Sie haben 30 Tage nach Erhalt Ihres Pakets Zeit, es an uns zur\u00fcckzusenden. Wenn Sie Ihr Paket innerhalb von 30 Tagen nach Erhalt an uns zur\u00fccksenden, k\u00f6nnen Sie zwischen einem Umtausch, einer Gutschrift oder einer R\u00fcckerstattung w\u00e4hlen Im letzteren Fall erstatten wir Ihnen den Betrag innerhalb von 30 Tagen (ab dem Datum des Eingangs der Ware bei Ihnen).<br \/>R\u00fcckgabebedingungen<br \/>Generell gilt, dass die zur\u00fcckgesendeten Produkte in einwandfreiem, wiederverkaufsf\u00e4higem Zustand sein m\u00fcssen, zusammengefaltet in der Originalverpackung und mit allem m\u00f6glichen Zubeh\u00f6r.<br \/>Gibt es Ausnahmen?<br \/>Generell und in \u00dcbereinstimmung mit dem Gesetz bitten wir unsere Kunden, uns ihre Artikel unter Bedingungen zur\u00fcckzusenden, die es uns erlauben, sie wieder zum Verkauf anzubieten<\/p>\n\t\t\t\t\t<\/div>\n\t\t\t\t\t\t<\/div>\n\t\t\t\t<\/div>\n\t\t\t\t\t<\/div>\n\t\t<\/div>\n\t\t\t\t\t<\/div>\n\t\t<\/section>\n\t\t\t\t<\/div>\n\t\t","protected":false},"excerpt":{"rendered":"<p>R\u00dcCKGABEBEDINGUNGEN Wenn Sie mit einem Produkt oder Artikel, den Sie erhalten haben, nicht zufrieden sind, k\u00f6nnen Sie ihn selbstverst\u00e4ndlich kostenlos<\/p>\n","protected":false},"author":1,"featured_media":0,"parent":0,"menu_order":0,"comment_status":"closed","ping_status":"closed","template":"elementor_header_footer","meta":{"content-type":"","footnotes":""},"class_list":["post-9125","page","type-page","status-publish","hentry"],"jetpack_sharing_enabled":true,"_links":{"self":[{"href":"https:\/\/trockenholzlager.com\/index.php\/wp-json\/wp\/v2\/pages\/9125","targetHints":{"allow":["GET"]}}],"collection":[{"href":"https:\/\/trockenholzlager.com\/index.php\/wp-json\/wp\/v2\/pages"}],"about":[{"href":"https:\/\/trockenholzlager.com\/index.php\/wp-json\/wp\/v2\/types\/page"}],"author":[{"embeddable":true,"href":"https:\/\/trockenholzlager.com\/index.php\/wp-json\/wp\/v2\/users\/1"}],"replies":[{"embeddable":true,"href":"https:\/\/trockenholzlager.com\/index.php\/wp-json\/wp\/v2\/comments?post=9125"}],"version-history":[{"count":0,"href":"https:\/\/trockenholzlager.com\/index.php\/wp-json\/wp\/v2\/pages\/9125\/revisions"}],"wp:attachment":[{"href":"https:\/\/trockenholzlager.com\/index.php\/wp-json\/wp\/v2\/media?parent=9125"}],"curies":[{"name":"wp","href":"https:\/\/api.w.org\/{rel}","templated":true}]}}