{"id":9123,"date":"2023-09-17T18:59:42","date_gmt":"2023-09-17T16:59:42","guid":{"rendered":"https:\/\/trockenholzlager.com\/?page_id=9123"},"modified":"2024-11-20T12:48:25","modified_gmt":"2024-11-20T17:48:25","slug":"lieferung","status":"publish","type":"page","link":"https:\/\/trockenholzlager.com\/index.php\/lieferung\/","title":{"rendered":"Lieferung"},"content":{"rendered":"\t\t<div data-elementor-type=\"wp-page\" data-elementor-id=\"9123\" class=\"elementor elementor-9123\">\n\t\t\t\t\t\t<section class=\"elementor-section elementor-top-section elementor-element elementor-element-7f2bc0e elementor-section-boxed elementor-section-height-default elementor-section-height-default wd-section-disabled\" data-id=\"7f2bc0e\" data-element_type=\"section\" data-e-type=\"section\">\n\t\t\t\t\t\t<div class=\"elementor-container elementor-column-gap-default\">\n\t\t\t\t\t<div class=\"elementor-column elementor-col-100 elementor-top-column elementor-element elementor-element-3a4a11c\" data-id=\"3a4a11c\" data-element_type=\"column\" data-e-type=\"column\">\n\t\t\t<div class=\"elementor-widget-wrap elementor-element-populated\">\n\t\t\t\t\t\t<div class=\"elementor-element elementor-element-77c90c3 elementor-widget elementor-widget-wd_text_block\" data-id=\"77c90c3\" data-element_type=\"widget\" data-e-type=\"widget\" data-widget_type=\"wd_text_block.default\">\n\t\t\t\t<div class=\"elementor-widget-container\">\n\t\t\t\t\t\t\t<div class=\"wd-text-block reset-last-child text-left\">\n\t\t\t\n\t\t\t<p>Versand Ihrer Pellets- oder Brennholzbestellung<br \/>Die Pakete werden in der Regel innerhalb von 4 bis 6 Werktagen nach Zahlungseingang verschickt. Der Versand erfolgt durch eine Spedition mit einem Sattelauflieger, der mit einem Forstkran und einem Hubwagen ausgestattet ist.<br \/>In allen F\u00e4llen rufen wir (oder unser Spediteur) Sie an, um einen Liefertermin zu vereinbaren; in der Regel einen halben oder ganzen Tag.<br \/>Alle unsere Lieferungen erfolgen per Lkw, der mit einem Kran, einer Heckklappe, einem Palettenhubwagen und einem selbstfahrenden Wagen ausgestattet ist.<br \/>Die Versandkosten beinhalten die Vorbereitungs- und Verpackungskosten sowie das Porto.<br \/>Die Auslieferung erfolgt von Montag bis Freitag.<br \/>Lieferung Ihrer Pellet- oder Brennholzbestellung<br \/>Alle unsere Produkte werden auf Paletten geliefert, um eine bessere Handhabung und eine sichere Lieferung zu gew\u00e4hrleisten.<br \/>Der Fahrer stellt die Paletten an der Grundst\u00fccksgrenze auf dem Gehweg ab, je nach Zug\u00e4nglichkeit (ebene Fl\u00e4che, Schotter, Asphalt, Beton). Klettern Sie nicht \u00fcber die Bordsteine.<br \/>Laut Vertrag erfolgt die Lieferung bis zum LKW.<br \/>ACHTUNG: kein Hang, keine Steine, kein Gras, keine Erde, kein br\u00fcchiger Boden...<\/p>\n\t\t\t\t\t<\/div>\n\t\t\t\t\t\t<\/div>\n\t\t\t\t<\/div>\n\t\t\t\t\t<\/div>\n\t\t<\/div>\n\t\t\t\t\t<\/div>\n\t\t<\/section>\n\t\t\t\t<\/div>\n\t\t","protected":false},"excerpt":{"rendered":"<p>Versand Ihrer Pellets- oder Brennholzbestellung Die Pakete werden in der Regel innerhalb von 4 bis 6 Werktagen nach Zahlungseingang verschickt.<\/p>\n","protected":false},"author":1,"featured_media":0,"parent":0,"menu_order":0,"comment_status":"closed","ping_status":"closed","template":"elementor_header_footer","meta":{"content-type":"","footnotes":""},"class_list":["post-9123","page","type-page","status-publish","hentry"],"jetpack_sharing_enabled":true,"_links":{"self":[{"href":"https:\/\/trockenholzlager.com\/index.php\/wp-json\/wp\/v2\/pages\/9123","targetHints":{"allow":["GET"]}}],"collection":[{"href":"https:\/\/trockenholzlager.com\/index.php\/wp-json\/wp\/v2\/pages"}],"about":[{"href":"https:\/\/trockenholzlager.com\/index.php\/wp-json\/wp\/v2\/types\/page"}],"author":[{"embeddable":true,"href":"https:\/\/trockenholzlager.com\/index.php\/wp-json\/wp\/v2\/users\/1"}],"replies":[{"embeddable":true,"href":"https:\/\/trockenholzlager.com\/index.php\/wp-json\/wp\/v2\/comments?post=9123"}],"version-history":[{"count":0,"href":"https:\/\/trockenholzlager.com\/index.php\/wp-json\/wp\/v2\/pages\/9123\/revisions"}],"wp:attachment":[{"href":"https:\/\/trockenholzlager.com\/index.php\/wp-json\/wp\/v2\/media?parent=9123"}],"curies":[{"name":"wp","href":"https:\/\/api.w.org\/{rel}","templated":true}]}}